{"id":137,"date":"2023-08-31T09:07:29","date_gmt":"2023-08-31T09:07:29","guid":{"rendered":"https:\/\/wp.webtend.net\/limestone\/?page_id=137"},"modified":"2025-11-24T12:41:12","modified_gmt":"2025-11-24T12:41:12","slug":"hakkimizda","status":"publish","type":"page","link":"https:\/\/hydroapex.com.tr\/en\/hakkimizda\/","title":{"rendered":"About Us"},"content":{"rendered":"<div data-elementor-type=\"wp-page\" data-elementor-id=\"137\" class=\"elementor elementor-137\">\n\t\t\t\t<div class=\"elementor-element elementor-element-5abf71a e-flex e-con-boxed e-con e-parent\" data-id=\"5abf71a\" data-element_type=\"container\">\n\t\t\t\t\t<div class=\"e-con-inner\">\n\t\t\t\t<div class=\"elementor-element elementor-element-efa34b5 elementor-widget elementor-widget-heading\" data-id=\"efa34b5\" data-element_type=\"widget\" data-widget_type=\"heading.default\">\n\t\t\t\t\t<h2 class=\"elementor-heading-title elementor-size-default\">APEX Hakk\u0131nda<\/h2>\t\t\t\t<\/div>\n\t\t\t\t<div class=\"elementor-element elementor-element-af0242c elementor-widget elementor-widget-text-editor\" data-id=\"af0242c\" data-element_type=\"widget\" data-widget_type=\"text-editor.default\">\n\t\t\t\t\t\t\t\t\t<div class=\"ft-team-details-text\">\n<p>APEX, 20 yillik deneyimiyle mobil sepetli platform ve mobil vin\u00e7 \u00fcretimi sekt\u00f6r\u00fcnde yenilik\u00e7i ve g\u00fcvenilir \u00e7\u00f6z\u00fcmler sunmaktadir. Kuruldu\u011fumuz g\u00fcnden bu yana, y\u00fcksek kaliteli ve verimli platformlar \u00fcretme misyonuyla hareket ediyoruz. Bug\u00fcn, \u00fc\u00e7 modern fabrikam\u0131zda ileri teknoloji kullanarak \u00e7e\u015fitli platformlar \u00fcretmekte ve sekt\u00f6r\u00fcn ihtiya\u00e7lar\u0131na en uygun \u00e7\u00f6z\u00fcmleri sunmaktay\u0131z. Apex\u2019in ba\u015far\u0131s\u0131n\u0131n temelinde, s\u00fcrekli ara\u015ftirma ve geli\u015ftirme \u00e7al\u0131\u015fmalar\u0131m\u0131z ile \u00fcr\u00fcn kalitesinden asla \u00f6d\u00fcn vermememiz yatmaktad\u0131r. Kaliteli elektronik ve hidrolik par\u00e7a \u00fcreticileri ile yapti\u011f\u0131m\u0131z i\u015fbirlikleri sayesinde, platformlarimiz d\u00fcnya standartlarnda \u00fcretilmekte ve her t\u00fcrl\u00fc zorlu kosulda \u00fcst\u00fcn performans g\u00f6stermektedir.<\/p>\n<\/div>\n<div>&nbsp;<\/div>\t\t\t\t\t\t\t\t<\/div>\n\t\t\t\t<div class=\"elementor-element elementor-element-98ec5df elementor-widget elementor-widget-button\" data-id=\"98ec5df\" data-element_type=\"widget\" data-widget_type=\"button.default\">\n\t\t\t\t\t\t\t\t\t\t<a class=\"elementor-button elementor-size-sm\" role=\"button\">\n\t\t\t\t\t\t<span class=\"elementor-button-content-wrapper\">\n\t\t\t\t\t\t<span class=\"elementor-button-icon\">\n\t\t\t\t<i aria-hidden=\"true\" class=\"fas fa-user-tie\"><\/i>\t\t\t<\/span>\n\t\t\t\t\t\t\t\t\t<span class=\"elementor-button-text\">Hamdi KURT -GENEL M\u00dcD\u00dcR<\/span>\n\t\t\t\t\t<\/span>\n\t\t\t\t\t<\/a>\n\t\t\t\t\t\t\t\t<\/div>\n\t\t\t\t\t<\/div>\n\t\t\t\t<\/div>\n\t\t\t\t<\/div>","protected":false},"excerpt":{"rendered":"<p>APEX Hakk\u0131nda APEX, 20 yillik deneyimiyle mobil sepetli platform ve mobil vin\u00e7 \u00fcretimi sekt\u00f6r\u00fcnde yenilik\u00e7i ve g\u00fcvenilir \u00e7\u00f6z\u00fcmler sunmaktadir. Kuruldu\u011fumuz g\u00fcnden bu yana, y\u00fcksek kaliteli ve verimli platformlar \u00fcretme misyonuyla hareket ediyoruz. Bug\u00fcn, \u00fc\u00e7 modern fabrikam\u0131zda ileri teknoloji kullanarak \u00e7e\u015fitli platformlar \u00fcretmekte ve sekt\u00f6r\u00fcn ihtiya\u00e7lar\u0131na en uygun \u00e7\u00f6z\u00fcmleri sunmaktay\u0131z. Apex\u2019in ba\u015far\u0131s\u0131n\u0131n temelinde, s\u00fcrekli ara\u015ftirma ve [&hellip;]<\/p>","protected":false},"author":1,"featured_media":0,"parent":0,"menu_order":0,"comment_status":"closed","ping_status":"closed","template":"","meta":{"footnotes":""},"class_list":["post-137","page","type-page","status-publish","hentry"],"yoast_head":"<!-- This site is optimized with the Yoast SEO plugin v26.1.1 - https:\/\/yoast.com\/wordpress\/plugins\/seo\/ -->\n<title>Hakk\u0131m\u0131zda | APEX Mobil Platform &amp; Vin\u00e7 Sistemleri<\/title>\n<meta name=\"description\" content=\"Hakk\u0131m\u0131zda; Apex Mobil Vin\u00e7 ve Sepetli Platform \u00dcretimi 20 Y\u0131l\u0131 A\u015fk\u0131n Tecr\u00fcbe, Kalite Odakl\u0131 \u00dcretim Anlay\u0131\u015f\u0131, Sekt\u00f6r\u00fcnde Lider Marka\" \/>\n<meta name=\"robots\" content=\"index, follow, max-snippet:-1, max-image-preview:large, max-video-preview:-1\" \/>\n<link rel=\"canonical\" href=\"https:\/\/hydroapex.com.tr\/en\/hakkimizda\/\" \/>\n<meta property=\"og:locale\" content=\"en_US\" \/>\n<meta property=\"og:type\" content=\"article\" \/>\n<meta property=\"og:title\" content=\"Hakk\u0131m\u0131zda | APEX Mobil Platform &amp; Vin\u00e7 Sistemleri\" \/>\n<meta property=\"og:description\" content=\"Hakk\u0131m\u0131zda; Apex Mobil Vin\u00e7 ve Sepetli Platform \u00dcretimi 20 Y\u0131l\u0131 A\u015fk\u0131n Tecr\u00fcbe, Kalite Odakl\u0131 \u00dcretim Anlay\u0131\u015f\u0131, Sekt\u00f6r\u00fcnde Lider Marka\" \/>\n<meta property=\"og:url\" content=\"https:\/\/hydroapex.com.tr\/en\/hakkimizda\/\" \/>\n<meta property=\"og:site_name\" content=\"APEX Mobil Platform &amp; Vin\u00e7 Sistemleri\" \/>\n<meta property=\"article:modified_time\" content=\"2025-11-24T12:41:12+00:00\" \/>\n<meta property=\"og:image\" content=\"https:\/\/hydroapex.com.tr\/wp-content\/uploads\/2025\/11\/cropped-fvvvv.png\" \/>\n\t<meta property=\"og:image:width\" content=\"512\" \/>\n\t<meta property=\"og:image:height\" content=\"512\" \/>\n\t<meta property=\"og:image:type\" content=\"image\/png\" \/>\n<meta name=\"twitter:card\" content=\"summary_large_image\" \/>\n<meta name=\"twitter:label1\" content=\"Est. reading time\" \/>\n\t<meta name=\"twitter:data1\" content=\"1 minute\" \/>\n<script type=\"application\/ld+json\" class=\"yoast-schema-graph\">{\"@context\":\"https:\/\/schema.org\",\"@graph\":[{\"@type\":\"WebPage\",\"@id\":\"https:\/\/hydroapex.com.tr\/en\/hakkimizda\/\",\"url\":\"https:\/\/hydroapex.com.tr\/en\/hakkimizda\/\",\"name\":\"Hakk\u0131m\u0131zda | APEX Mobil Platform &amp; Vin\u00e7 Sistemleri\",\"isPartOf\":{\"@id\":\"https:\/\/hydroapex.com.tr\/en\/#website\"},\"datePublished\":\"2023-08-31T09:07:29+00:00\",\"dateModified\":\"2025-11-24T12:41:12+00:00\",\"description\":\"Hakk\u0131m\u0131zda; Apex Mobil Vin\u00e7 ve Sepetli Platform \u00dcretimi 20 Y\u0131l\u0131 A\u015fk\u0131n Tecr\u00fcbe, Kalite Odakl\u0131 \u00dcretim Anlay\u0131\u015f\u0131, Sekt\u00f6r\u00fcnde Lider Marka\",\"breadcrumb\":{\"@id\":\"https:\/\/hydroapex.com.tr\/en\/hakkimizda\/#breadcrumb\"},\"inLanguage\":\"en-US\",\"potentialAction\":[{\"@type\":\"ReadAction\",\"target\":[\"https:\/\/hydroapex.com.tr\/en\/hakkimizda\/\"]}]},{\"@type\":\"BreadcrumbList\",\"@id\":\"https:\/\/hydroapex.com.tr\/en\/hakkimizda\/#breadcrumb\",\"itemListElement\":[{\"@type\":\"ListItem\",\"position\":1,\"name\":\"Anasayfa\",\"item\":\"https:\/\/hydroapex.com.tr\/\"},{\"@type\":\"ListItem\",\"position\":2,\"name\":\"Hakk\u0131m\u0131zda\"}]},{\"@type\":\"WebSite\",\"@id\":\"https:\/\/hydroapex.com.tr\/en\/#website\",\"url\":\"https:\/\/hydroapex.com.tr\/en\/\",\"name\":\"APEX Mobil Platform &amp; Vin\u00e7 Sistemleri\",\"description\":\"\",\"publisher\":{\"@id\":\"https:\/\/hydroapex.com.tr\/en\/#organization\"},\"potentialAction\":[{\"@type\":\"SearchAction\",\"target\":{\"@type\":\"EntryPoint\",\"urlTemplate\":\"https:\/\/hydroapex.com.tr\/en\/?s={search_term_string}\"},\"query-input\":{\"@type\":\"PropertyValueSpecification\",\"valueRequired\":true,\"valueName\":\"search_term_string\"}}],\"inLanguage\":\"en-US\"},{\"@type\":\"Organization\",\"@id\":\"https:\/\/hydroapex.com.tr\/en\/#organization\",\"name\":\"APEX Mobil Platfrom & Vin\u00e7 Sistemleri\",\"url\":\"https:\/\/hydroapex.com.tr\/en\/\",\"logo\":{\"@type\":\"ImageObject\",\"inLanguage\":\"en-US\",\"@id\":\"https:\/\/hydroapex.com.tr\/en\/#\/schema\/logo\/image\/\",\"url\":\"https:\/\/hydroapex.com.tr\/wp-content\/uploads\/2025\/11\/cropped-fvvvv.png\",\"contentUrl\":\"https:\/\/hydroapex.com.tr\/wp-content\/uploads\/2025\/11\/cropped-fvvvv.png\",\"width\":512,\"height\":512,\"caption\":\"APEX Mobil Platfrom & Vin\u00e7 Sistemleri\"},\"image\":{\"@id\":\"https:\/\/hydroapex.com.tr\/en\/#\/schema\/logo\/image\/\"}}]}<\/script>\n<!-- \/ Yoast SEO plugin. -->","yoast_head_json":{"title":"Hakk\u0131m\u0131zda | APEX Mobil Platform &amp; Vin\u00e7 Sistemleri","description":"Hakk\u0131m\u0131zda; Apex Mobil Vin\u00e7 ve Sepetli Platform \u00dcretimi 20 Y\u0131l\u0131 A\u015fk\u0131n Tecr\u00fcbe, Kalite Odakl\u0131 \u00dcretim Anlay\u0131\u015f\u0131, Sekt\u00f6r\u00fcnde Lider Marka","robots":{"index":"index","follow":"follow","max-snippet":"max-snippet:-1","max-image-preview":"max-image-preview:large","max-video-preview":"max-video-preview:-1"},"canonical":"https:\/\/hydroapex.com.tr\/en\/hakkimizda\/","og_locale":"en_US","og_type":"article","og_title":"Hakk\u0131m\u0131zda | APEX Mobil Platform &amp; Vin\u00e7 Sistemleri","og_description":"Hakk\u0131m\u0131zda; Apex Mobil Vin\u00e7 ve Sepetli Platform \u00dcretimi 20 Y\u0131l\u0131 A\u015fk\u0131n Tecr\u00fcbe, Kalite Odakl\u0131 \u00dcretim Anlay\u0131\u015f\u0131, Sekt\u00f6r\u00fcnde Lider Marka","og_url":"https:\/\/hydroapex.com.tr\/en\/hakkimizda\/","og_site_name":"APEX Mobil Platform &amp; Vin\u00e7 Sistemleri","article_modified_time":"2025-11-24T12:41:12+00:00","og_image":[{"width":512,"height":512,"url":"https:\/\/hydroapex.com.tr\/wp-content\/uploads\/2025\/11\/cropped-fvvvv.png","type":"image\/png"}],"twitter_card":"summary_large_image","twitter_misc":{"Est. reading time":"1 minute"},"schema":{"@context":"https:\/\/schema.org","@graph":[{"@type":"WebPage","@id":"https:\/\/hydroapex.com.tr\/en\/hakkimizda\/","url":"https:\/\/hydroapex.com.tr\/en\/hakkimizda\/","name":"Hakk\u0131m\u0131zda | APEX Mobil Platform &amp; Vin\u00e7 Sistemleri","isPartOf":{"@id":"https:\/\/hydroapex.com.tr\/en\/#website"},"datePublished":"2023-08-31T09:07:29+00:00","dateModified":"2025-11-24T12:41:12+00:00","description":"Hakk\u0131m\u0131zda; Apex Mobil Vin\u00e7 ve Sepetli Platform \u00dcretimi 20 Y\u0131l\u0131 A\u015fk\u0131n Tecr\u00fcbe, Kalite Odakl\u0131 \u00dcretim Anlay\u0131\u015f\u0131, Sekt\u00f6r\u00fcnde Lider Marka","breadcrumb":{"@id":"https:\/\/hydroapex.com.tr\/en\/hakkimizda\/#breadcrumb"},"inLanguage":"en-US","potentialAction":[{"@type":"ReadAction","target":["https:\/\/hydroapex.com.tr\/en\/hakkimizda\/"]}]},{"@type":"BreadcrumbList","@id":"https:\/\/hydroapex.com.tr\/en\/hakkimizda\/#breadcrumb","itemListElement":[{"@type":"ListItem","position":1,"name":"Anasayfa","item":"https:\/\/hydroapex.com.tr\/"},{"@type":"ListItem","position":2,"name":"Hakk\u0131m\u0131zda"}]},{"@type":"WebSite","@id":"https:\/\/hydroapex.com.tr\/en\/#website","url":"https:\/\/hydroapex.com.tr\/en\/","name":"APEX Mobil Platform &amp; Vin\u00e7 Sistemleri","description":"","publisher":{"@id":"https:\/\/hydroapex.com.tr\/en\/#organization"},"potentialAction":[{"@type":"SearchAction","target":{"@type":"EntryPoint","urlTemplate":"https:\/\/hydroapex.com.tr\/en\/?s={search_term_string}"},"query-input":{"@type":"PropertyValueSpecification","valueRequired":true,"valueName":"search_term_string"}}],"inLanguage":"en-US"},{"@type":"Organization","@id":"https:\/\/hydroapex.com.tr\/en\/#organization","name":"APEX Mobil Platfrom & Vin\u00e7 Sistemleri","url":"https:\/\/hydroapex.com.tr\/en\/","logo":{"@type":"ImageObject","inLanguage":"en-US","@id":"https:\/\/hydroapex.com.tr\/en\/#\/schema\/logo\/image\/","url":"https:\/\/hydroapex.com.tr\/wp-content\/uploads\/2025\/11\/cropped-fvvvv.png","contentUrl":"https:\/\/hydroapex.com.tr\/wp-content\/uploads\/2025\/11\/cropped-fvvvv.png","width":512,"height":512,"caption":"APEX Mobil Platfrom & Vin\u00e7 Sistemleri"},"image":{"@id":"https:\/\/hydroapex.com.tr\/en\/#\/schema\/logo\/image\/"}}]}},"_links":{"self":[{"href":"https:\/\/hydroapex.com.tr\/en\/wp-json\/wp\/v2\/pages\/137","targetHints":{"allow":["GET"]}}],"collection":[{"href":"https:\/\/hydroapex.com.tr\/en\/wp-json\/wp\/v2\/pages"}],"about":[{"href":"https:\/\/hydroapex.com.tr\/en\/wp-json\/wp\/v2\/types\/page"}],"author":[{"embeddable":true,"href":"https:\/\/hydroapex.com.tr\/en\/wp-json\/wp\/v2\/users\/1"}],"replies":[{"embeddable":true,"href":"https:\/\/hydroapex.com.tr\/en\/wp-json\/wp\/v2\/comments?post=137"}],"version-history":[{"count":78,"href":"https:\/\/hydroapex.com.tr\/en\/wp-json\/wp\/v2\/pages\/137\/revisions"}],"predecessor-version":[{"id":4975,"href":"https:\/\/hydroapex.com.tr\/en\/wp-json\/wp\/v2\/pages\/137\/revisions\/4975"}],"wp:attachment":[{"href":"https:\/\/hydroapex.com.tr\/en\/wp-json\/wp\/v2\/media?parent=137"}],"curies":[{"name":"wp","href":"https:\/\/api.w.org\/{rel}","templated":true}]}}