{"id":3406,"date":"2025-09-29T20:46:24","date_gmt":"2025-09-29T20:46:24","guid":{"rendered":"https:\/\/hydroapex.com.tr\/?page_id=3406"},"modified":"2025-11-04T07:28:03","modified_gmt":"2025-11-04T07:28:03","slug":"tarihsel-gelisim","status":"publish","type":"page","link":"https:\/\/hydroapex.com.tr\/en\/tarihsel-gelisim\/","title":{"rendered":"Historical development"},"content":{"rendered":"<div data-elementor-type=\"wp-page\" data-elementor-id=\"3406\" class=\"elementor elementor-3406\">\n\t\t\t\t<div class=\"elementor-element elementor-element-3899c2c e-flex e-con-boxed e-con e-parent\" data-id=\"3899c2c\" data-element_type=\"container\" data-settings=\"{&quot;background_background&quot;:&quot;classic&quot;}\">\n\t\t\t\t\t<div class=\"e-con-inner\">\n\t\t<div class=\"elementor-element elementor-element-b998680 e-con-full e-flex e-con e-child\" data-id=\"b998680\" data-element_type=\"container\" data-settings=\"{&quot;animation&quot;:&quot;none&quot;}\">\n\t\t\t\t<div class=\"elementor-element elementor-element-761e547 elementor-widget__width-initial elementor-widget elementor-widget-limestone-section-title\" data-id=\"761e547\" data-element_type=\"widget\" data-settings=\"{&quot;_animation&quot;:&quot;none&quot;}\" data-widget_type=\"limestone-section-title.default\">\n\t\t\t\t<div class=\"elementor-widget-container\">\n\t\t\t\t\t\t\t<div class=\"limestone-section-title\">\r\n\t\t\t\t\t\t<div class=\"subtitle\">\r\n\t\t\t\t\t\t\t\t<span class=\"icon\"><i class=\"fas fa-angle-double-right\"><\/i><\/span>\r\n\t\t\t\t\t\t\t\t<span class=\"subtitle-text\">\r\n\t\t\t\t\tAPEX\t\t\t\t<\/span>\r\n\t\t\t<\/div>\r\n\t\t\t\t\t\t\t\t\t<h3 class=\"title\">\r\n\t\t\t\t\t\t\t\t<span class=\"main-text\">\r\n\t\t\t\t\tHistorical development\t\t\t\t<\/span>\r\n\t\t\t\t\t\t\t<\/h3>\r\n\t\t\t\t\t<\/div>\r\n\t\t\t\t\t\t<\/div>\n\t\t\t\t<\/div>\n\t\t\t\t<div class=\"elementor-element elementor-element-fa5347b elementor-widget elementor-widget-limestone-history-timeline\" data-id=\"fa5347b\" data-element_type=\"widget\" data-settings=\"{&quot;slides_per_view_tablet_extra&quot;:&quot;3&quot;,&quot;show_arrows&quot;:&quot;yes&quot;,&quot;autoplay&quot;:&quot;yes&quot;,&quot;_animation&quot;:&quot;none&quot;,&quot;slides_per_view&quot;:&quot;6&quot;,&quot;slides_per_view_laptop&quot;:&quot;4&quot;,&quot;carousel_direction&quot;:&quot;horizontal&quot;,&quot;slides_per_view_tablet&quot;:2,&quot;slides_per_view_mobile&quot;:1,&quot;slides_to_scroll&quot;:1,&quot;slides_to_scroll_laptop&quot;:1,&quot;slides_to_scroll_tablet_extra&quot;:1,&quot;slides_to_scroll_tablet&quot;:1,&quot;slides_to_scroll_mobile&quot;:1,&quot;loop&quot;:&quot;yes&quot;,&quot;speed&quot;:500,&quot;autoplay_speed&quot;:5000}\" data-widget_type=\"limestone-history-timeline.default\">\n\t\t\t\t<div class=\"elementor-widget-container\">\n\t\t\t\t\t\t\t<div class=\"limestone-history-timeline limestone-carousel-wrapper\">\r\n\t\t\t<div class=\"history-timeline-line\"><\/div>\r\n\t\t\t\t\t\t<div class=\"limestone-carousel-active\">\r\n\t\t\t\t\t\t\t\t<div class=\"limestone-carousel-item\">\r\n\t\t\t\t\t\t\t<div class=\"limestone-history-box\">\r\n\t\t\t<div class=\"timeline-year\">2014<\/div>\t\t\t<div class=\"timeline-content\">\r\n\t\t\t\t<h5 class=\"title\">Hydraulic Pneumatic Sales Marketing<\/h5>\t\t\t<\/div>\r\n\t\t<\/div>\r\n\t\t\t\t\t\t<\/div>\r\n\t\t\t\t\t\t\t\t<div class=\"limestone-carousel-item\">\r\n\t\t\t\t\t\t\t<div class=\"limestone-history-box\">\r\n\t\t\t<div class=\"timeline-year\">2019<\/div>\t\t\t<div class=\"timeline-content\">\r\n\t\t\t\t<h5 class=\"title\">Construction Equipment Service Maintenance<\/h5>\t\t\t<\/div>\r\n\t\t<\/div>\r\n\t\t\t\t\t\t<\/div>\r\n\t\t\t\t\t\t\t\t<div class=\"limestone-carousel-item\">\r\n\t\t\t\t\t\t\t<div class=\"limestone-history-box\">\r\n\t\t\t<div class=\"timeline-year\">2022<\/div>\t\t\t<div class=\"timeline-content\">\r\n\t\t\t\t<h5 class=\"title\">Hidrolik Ara\u00e7 \u00dcst\u00fc \u0130nsan Kald\u0131rma Platform \u00dcretimi<\/h5>\t\t\t<\/div>\r\n\t\t<\/div>\r\n\t\t\t\t\t\t<\/div>\r\n\t\t\t\t\t\t\t\t<div class=\"limestone-carousel-item\">\r\n\t\t\t\t\t\t\t<div class=\"limestone-history-box\">\r\n\t\t\t<div class=\"timeline-year\">2023<\/div>\t\t\t<div class=\"timeline-content\">\r\n\t\t\t\t<h5 class=\"title\">Hydraulic Cylinder Production<\/h5>\t\t\t<\/div>\r\n\t\t<\/div>\r\n\t\t\t\t\t\t<\/div>\r\n\t\t\t\t\t\t\t\t<div class=\"limestone-carousel-item\">\r\n\t\t\t\t\t\t\t<div class=\"limestone-history-box\">\r\n\t\t\t<div class=\"timeline-year\">2024<\/div>\t\t\t<div class=\"timeline-content\">\r\n\t\t\t\t<h5 class=\"title\">Export Import<\/h5>\t\t\t<\/div>\r\n\t\t<\/div>\r\n\t\t\t\t\t\t<\/div>\r\n\t\t\t\t\t\t\t\t<div class=\"limestone-carousel-item\">\r\n\t\t\t\t\t\t\t<div class=\"limestone-history-box\">\r\n\t\t\t<div class=\"timeline-year\">2025<\/div>\t\t\t<div class=\"timeline-content\">\r\n\t\t\t\t<h5 class=\"title\">Truck-Mounted Mobile Crane Production<\/h5>\t\t\t<\/div>\r\n\t\t<\/div>\r\n\t\t\t\t\t\t<\/div>\r\n\t\t\t\t\t\t\t<\/div>\r\n\t\t\t\t\t<div class=\"limestone-carousel-arrows same-position-h\"\">\r\n\t\t\t<div class=\"limestone-prev-arrow\" role=\"button\">\r\n\t\t\t\t<i class=\"fas fa-angle-left\"><\/i>\t\t\t<\/div>\r\n\t\t\t<div class=\"limestone-next-arrow\" role=\"button\">\r\n\t\t\t\t<i class=\"fas fa-angle-right\"><\/i>\t\t\t<\/div>\r\n\t\t<\/div>\r\n\t\t\r\n\t\t\t\r\n\t\t<\/div>\r\n\t\t\t\t\t\t<\/div>\n\t\t\t\t<\/div>\n\t\t\t\t<\/div>\n\t\t\t\t\t<\/div>\n\t\t\t\t<\/div>\n\t\t\t\t<\/div>","protected":false},"excerpt":{"rendered":"<p>APEX Tarihsel Geli\u015fim 2014 Hidrolik Pn\u00f6matik Sat\u0131\u015f Pazarlama 2019 \u0130\u015f Makinesi Servis Bak\u0131m\u0131 2022 Hidrolik Ara\u00e7 \u00dcst\u00fc \u0130nsan Kald\u0131rma Platform \u00dcretimi 2023 Hidrolik Silindir \u00dcretimi 2024 \u0130hracat \u0130thalat 2025 Ara\u00e7 \u00dcst\u00fc Mobil Vin\u00e7 \u00dcretimi<\/p>","protected":false},"author":1,"featured_media":0,"parent":0,"menu_order":0,"comment_status":"closed","ping_status":"closed","template":"","meta":{"footnotes":""},"class_list":["post-3406","page","type-page","status-publish","hentry"],"yoast_head":"<!-- This site is optimized with the Yoast SEO plugin v26.1.1 - https:\/\/yoast.com\/wordpress\/plugins\/seo\/ -->\n<title>Tarihsel Geli\u015fim | APEX Mobil Platform &amp; Vin\u00e7 Sistemleri<\/title>\n<meta name=\"description\" content=\"Tarihsel geli\u015fim Hydro APEX At\u0131l\u0131m Hidrolik markas\u0131d\u0131r. Mobil vin\u00e7 ve sepetli platform \u00fcretim kiralama hizmeti sa\u011flar.\" \/>\n<meta name=\"robots\" content=\"index, follow, max-snippet:-1, max-image-preview:large, max-video-preview:-1\" \/>\n<link rel=\"canonical\" href=\"https:\/\/hydroapex.com.tr\/en\/tarihsel-gelisim\/\" \/>\n<meta property=\"og:locale\" content=\"en_US\" \/>\n<meta property=\"og:type\" content=\"article\" \/>\n<meta property=\"og:title\" content=\"Tarihsel Geli\u015fim | APEX Mobil Platform &amp; Vin\u00e7 Sistemleri\" \/>\n<meta property=\"og:description\" content=\"Tarihsel geli\u015fim Hydro APEX At\u0131l\u0131m Hidrolik markas\u0131d\u0131r. Mobil vin\u00e7 ve sepetli platform \u00fcretim kiralama hizmeti sa\u011flar.\" \/>\n<meta property=\"og:url\" content=\"https:\/\/hydroapex.com.tr\/en\/tarihsel-gelisim\/\" \/>\n<meta property=\"og:site_name\" content=\"APEX Mobil Platform &amp; Vin\u00e7 Sistemleri\" \/>\n<meta property=\"article:modified_time\" content=\"2025-11-04T07:28:03+00:00\" \/>\n<meta property=\"og:image\" content=\"https:\/\/hydroapex.com.tr\/wp-content\/uploads\/2025\/11\/cropped-fvvvv.png\" \/>\n\t<meta property=\"og:image:width\" content=\"512\" \/>\n\t<meta property=\"og:image:height\" content=\"512\" \/>\n\t<meta property=\"og:image:type\" content=\"image\/png\" \/>\n<meta name=\"twitter:card\" content=\"summary_large_image\" \/>\n<meta name=\"twitter:label1\" content=\"Est. reading time\" \/>\n\t<meta name=\"twitter:data1\" content=\"1 minute\" \/>\n<script type=\"application\/ld+json\" class=\"yoast-schema-graph\">{\"@context\":\"https:\/\/schema.org\",\"@graph\":[{\"@type\":\"WebPage\",\"@id\":\"https:\/\/hydroapex.com.tr\/en\/tarihsel-gelisim\/\",\"url\":\"https:\/\/hydroapex.com.tr\/en\/tarihsel-gelisim\/\",\"name\":\"Tarihsel Geli\u015fim | APEX Mobil Platform &amp; Vin\u00e7 Sistemleri\",\"isPartOf\":{\"@id\":\"https:\/\/hydroapex.com.tr\/en\/#website\"},\"datePublished\":\"2025-09-29T20:46:24+00:00\",\"dateModified\":\"2025-11-04T07:28:03+00:00\",\"description\":\"Tarihsel geli\u015fim Hydro APEX At\u0131l\u0131m Hidrolik markas\u0131d\u0131r. Mobil vin\u00e7 ve sepetli platform \u00fcretim kiralama hizmeti sa\u011flar.\",\"breadcrumb\":{\"@id\":\"https:\/\/hydroapex.com.tr\/en\/tarihsel-gelisim\/#breadcrumb\"},\"inLanguage\":\"en-US\",\"potentialAction\":[{\"@type\":\"ReadAction\",\"target\":[\"https:\/\/hydroapex.com.tr\/en\/tarihsel-gelisim\/\"]}]},{\"@type\":\"BreadcrumbList\",\"@id\":\"https:\/\/hydroapex.com.tr\/en\/tarihsel-gelisim\/#breadcrumb\",\"itemListElement\":[{\"@type\":\"ListItem\",\"position\":1,\"name\":\"Anasayfa\",\"item\":\"https:\/\/hydroapex.com.tr\/\"},{\"@type\":\"ListItem\",\"position\":2,\"name\":\"Tarihsel Geli\u015fim\"}]},{\"@type\":\"WebSite\",\"@id\":\"https:\/\/hydroapex.com.tr\/en\/#website\",\"url\":\"https:\/\/hydroapex.com.tr\/en\/\",\"name\":\"APEX Mobil Platform &amp; Vin\u00e7 Sistemleri\",\"description\":\"\",\"publisher\":{\"@id\":\"https:\/\/hydroapex.com.tr\/en\/#organization\"},\"potentialAction\":[{\"@type\":\"SearchAction\",\"target\":{\"@type\":\"EntryPoint\",\"urlTemplate\":\"https:\/\/hydroapex.com.tr\/en\/?s={search_term_string}\"},\"query-input\":{\"@type\":\"PropertyValueSpecification\",\"valueRequired\":true,\"valueName\":\"search_term_string\"}}],\"inLanguage\":\"en-US\"},{\"@type\":\"Organization\",\"@id\":\"https:\/\/hydroapex.com.tr\/en\/#organization\",\"name\":\"APEX Mobil Platfrom & Vin\u00e7 Sistemleri\",\"url\":\"https:\/\/hydroapex.com.tr\/en\/\",\"logo\":{\"@type\":\"ImageObject\",\"inLanguage\":\"en-US\",\"@id\":\"https:\/\/hydroapex.com.tr\/en\/#\/schema\/logo\/image\/\",\"url\":\"https:\/\/hydroapex.com.tr\/wp-content\/uploads\/2025\/11\/cropped-fvvvv.png\",\"contentUrl\":\"https:\/\/hydroapex.com.tr\/wp-content\/uploads\/2025\/11\/cropped-fvvvv.png\",\"width\":512,\"height\":512,\"caption\":\"APEX Mobil Platfrom & Vin\u00e7 Sistemleri\"},\"image\":{\"@id\":\"https:\/\/hydroapex.com.tr\/en\/#\/schema\/logo\/image\/\"}}]}<\/script>\n<!-- \/ Yoast SEO plugin. -->","yoast_head_json":{"title":"Tarihsel Geli\u015fim | APEX Mobil Platform &amp; Vin\u00e7 Sistemleri","description":"Tarihsel geli\u015fim Hydro APEX At\u0131l\u0131m Hidrolik markas\u0131d\u0131r. Mobil vin\u00e7 ve sepetli platform \u00fcretim kiralama hizmeti sa\u011flar.","robots":{"index":"index","follow":"follow","max-snippet":"max-snippet:-1","max-image-preview":"max-image-preview:large","max-video-preview":"max-video-preview:-1"},"canonical":"https:\/\/hydroapex.com.tr\/en\/tarihsel-gelisim\/","og_locale":"en_US","og_type":"article","og_title":"Tarihsel Geli\u015fim | APEX Mobil Platform &amp; Vin\u00e7 Sistemleri","og_description":"Tarihsel geli\u015fim Hydro APEX At\u0131l\u0131m Hidrolik markas\u0131d\u0131r. Mobil vin\u00e7 ve sepetli platform \u00fcretim kiralama hizmeti sa\u011flar.","og_url":"https:\/\/hydroapex.com.tr\/en\/tarihsel-gelisim\/","og_site_name":"APEX Mobil Platform &amp; Vin\u00e7 Sistemleri","article_modified_time":"2025-11-04T07:28:03+00:00","og_image":[{"width":512,"height":512,"url":"https:\/\/hydroapex.com.tr\/wp-content\/uploads\/2025\/11\/cropped-fvvvv.png","type":"image\/png"}],"twitter_card":"summary_large_image","twitter_misc":{"Est. reading time":"1 minute"},"schema":{"@context":"https:\/\/schema.org","@graph":[{"@type":"WebPage","@id":"https:\/\/hydroapex.com.tr\/en\/tarihsel-gelisim\/","url":"https:\/\/hydroapex.com.tr\/en\/tarihsel-gelisim\/","name":"Tarihsel Geli\u015fim | APEX Mobil Platform &amp; Vin\u00e7 Sistemleri","isPartOf":{"@id":"https:\/\/hydroapex.com.tr\/en\/#website"},"datePublished":"2025-09-29T20:46:24+00:00","dateModified":"2025-11-04T07:28:03+00:00","description":"Tarihsel geli\u015fim Hydro APEX At\u0131l\u0131m Hidrolik markas\u0131d\u0131r. Mobil vin\u00e7 ve sepetli platform \u00fcretim kiralama hizmeti sa\u011flar.","breadcrumb":{"@id":"https:\/\/hydroapex.com.tr\/en\/tarihsel-gelisim\/#breadcrumb"},"inLanguage":"en-US","potentialAction":[{"@type":"ReadAction","target":["https:\/\/hydroapex.com.tr\/en\/tarihsel-gelisim\/"]}]},{"@type":"BreadcrumbList","@id":"https:\/\/hydroapex.com.tr\/en\/tarihsel-gelisim\/#breadcrumb","itemListElement":[{"@type":"ListItem","position":1,"name":"Anasayfa","item":"https:\/\/hydroapex.com.tr\/"},{"@type":"ListItem","position":2,"name":"Tarihsel Geli\u015fim"}]},{"@type":"WebSite","@id":"https:\/\/hydroapex.com.tr\/en\/#website","url":"https:\/\/hydroapex.com.tr\/en\/","name":"APEX Mobil Platform &amp; Vin\u00e7 Sistemleri","description":"","publisher":{"@id":"https:\/\/hydroapex.com.tr\/en\/#organization"},"potentialAction":[{"@type":"SearchAction","target":{"@type":"EntryPoint","urlTemplate":"https:\/\/hydroapex.com.tr\/en\/?s={search_term_string}"},"query-input":{"@type":"PropertyValueSpecification","valueRequired":true,"valueName":"search_term_string"}}],"inLanguage":"en-US"},{"@type":"Organization","@id":"https:\/\/hydroapex.com.tr\/en\/#organization","name":"APEX Mobil Platfrom & Vin\u00e7 Sistemleri","url":"https:\/\/hydroapex.com.tr\/en\/","logo":{"@type":"ImageObject","inLanguage":"en-US","@id":"https:\/\/hydroapex.com.tr\/en\/#\/schema\/logo\/image\/","url":"https:\/\/hydroapex.com.tr\/wp-content\/uploads\/2025\/11\/cropped-fvvvv.png","contentUrl":"https:\/\/hydroapex.com.tr\/wp-content\/uploads\/2025\/11\/cropped-fvvvv.png","width":512,"height":512,"caption":"APEX Mobil Platfrom & Vin\u00e7 Sistemleri"},"image":{"@id":"https:\/\/hydroapex.com.tr\/en\/#\/schema\/logo\/image\/"}}]}},"_links":{"self":[{"href":"https:\/\/hydroapex.com.tr\/en\/wp-json\/wp\/v2\/pages\/3406","targetHints":{"allow":["GET"]}}],"collection":[{"href":"https:\/\/hydroapex.com.tr\/en\/wp-json\/wp\/v2\/pages"}],"about":[{"href":"https:\/\/hydroapex.com.tr\/en\/wp-json\/wp\/v2\/types\/page"}],"author":[{"embeddable":true,"href":"https:\/\/hydroapex.com.tr\/en\/wp-json\/wp\/v2\/users\/1"}],"replies":[{"embeddable":true,"href":"https:\/\/hydroapex.com.tr\/en\/wp-json\/wp\/v2\/comments?post=3406"}],"version-history":[{"count":16,"href":"https:\/\/hydroapex.com.tr\/en\/wp-json\/wp\/v2\/pages\/3406\/revisions"}],"predecessor-version":[{"id":4585,"href":"https:\/\/hydroapex.com.tr\/en\/wp-json\/wp\/v2\/pages\/3406\/revisions\/4585"}],"wp:attachment":[{"href":"https:\/\/hydroapex.com.tr\/en\/wp-json\/wp\/v2\/media?parent=3406"}],"curies":[{"name":"wp","href":"https:\/\/api.w.org\/{rel}","templated":true}]}}