{"id":3459,"date":"2025-10-13T08:35:36","date_gmt":"2025-10-13T08:35:36","guid":{"rendered":"https:\/\/hydroapex.com.tr\/?page_id=3459"},"modified":"2025-10-18T21:56:25","modified_gmt":"2025-10-18T21:56:25","slug":"sertifikalar","status":"publish","type":"page","link":"https:\/\/hydroapex.com.tr\/en\/sertifikalar\/","title":{"rendered":"Certificates"},"content":{"rendered":"<div data-elementor-type=\"wp-page\" data-elementor-id=\"3459\" class=\"elementor elementor-3459\">\n\t\t\t\t<div class=\"elementor-element elementor-element-8462fce e-flex e-con-boxed e-con e-parent\" data-id=\"8462fce\" data-element_type=\"container\" data-settings=\"{&quot;animation&quot;:&quot;none&quot;}\">\n\t\t\t\t\t<div class=\"e-con-inner\">\n\t\t<div class=\"elementor-element elementor-element-61ce6e0 e-con-full e-flex e-con e-child\" data-id=\"61ce6e0\" data-element_type=\"container\" data-settings=\"{&quot;animation&quot;:&quot;none&quot;}\">\n\t\t\t\t<div class=\"elementor-element elementor-element-1ce9e03 elementor-widget elementor-widget-image\" data-id=\"1ce9e03\" data-element_type=\"widget\" data-widget_type=\"image.default\">\n\t\t\t\t\t\t\t\t\t\t\t\t\t\t\t\t<a href=\"https:\/\/hydroapex.com.tr\/wp-content\/uploads\/2025\/10\/sertifika5.webp\" data-elementor-open-lightbox=\"yes\" data-elementor-lightbox-title=\"sertifika5\" data-e-action-hash=\"#elementor-action%3Aaction%3Dlightbox%26settings%3DeyJpZCI6MzQ4OSwidXJsIjoiaHR0cHM6XC9cL2h5ZHJvYXBleC5jb20udHJcL3dwLWNvbnRlbnRcL3VwbG9hZHNcLzIwMjVcLzEwXC9zZXJ0aWZpa2E1LndlYnAifQ%3D%3D\">\n\t\t\t\t\t\t\t<img fetchpriority=\"high\" decoding=\"async\" width=\"730\" height=\"1024\" src=\"https:\/\/hydroapex.com.tr\/wp-content\/uploads\/2025\/10\/sertifika5-730x1024.webp\" class=\"attachment-large size-large wp-image-3489\" alt=\"\" srcset=\"https:\/\/hydroapex.com.tr\/wp-content\/uploads\/2025\/10\/sertifika5-730x1024.webp 730w, https:\/\/hydroapex.com.tr\/wp-content\/uploads\/2025\/10\/sertifika5-214x300.webp 214w, https:\/\/hydroapex.com.tr\/wp-content\/uploads\/2025\/10\/sertifika5-768x1077.webp 768w, https:\/\/hydroapex.com.tr\/wp-content\/uploads\/2025\/10\/sertifika5-600x841.webp 600w, https:\/\/hydroapex.com.tr\/wp-content\/uploads\/2025\/10\/sertifika5.webp 1087w\" sizes=\"(max-width: 730px) 100vw, 730px\" \/>\t\t\t\t\t\t\t\t<\/a>\n\t\t\t\t\t\t\t\t\t\t\t\t\t\t\t<\/div>\n\t\t\t\t<\/div>\n\t\t<div class=\"elementor-element elementor-element-ac39a52 e-con-full e-flex e-con e-child\" data-id=\"ac39a52\" data-element_type=\"container\" data-settings=\"{&quot;animation&quot;:&quot;none&quot;}\">\n\t\t\t\t<div class=\"elementor-element elementor-element-c7e0739 elementor-widget elementor-widget-image\" data-id=\"c7e0739\" data-element_type=\"widget\" data-widget_type=\"image.default\">\n\t\t\t\t\t\t\t\t\t\t\t\t\t\t\t\t<a href=\"https:\/\/hydroapex.com.tr\/wp-content\/uploads\/2025\/10\/sertifika1.webp\" data-elementor-open-lightbox=\"yes\" data-elementor-lightbox-title=\"sertifika1\" data-e-action-hash=\"#elementor-action%3Aaction%3Dlightbox%26settings%3DeyJpZCI6MzQ3MSwidXJsIjoiaHR0cHM6XC9cL2h5ZHJvYXBleC5jb20udHJcL3dwLWNvbnRlbnRcL3VwbG9hZHNcLzIwMjVcLzEwXC9zZXJ0aWZpa2ExLndlYnAifQ%3D%3D\">\n\t\t\t\t\t\t\t<img decoding=\"async\" width=\"730\" height=\"1024\" src=\"https:\/\/hydroapex.com.tr\/wp-content\/uploads\/2025\/10\/sertifika1-730x1024.webp\" class=\"attachment-large size-large wp-image-3471\" alt=\"\" srcset=\"https:\/\/hydroapex.com.tr\/wp-content\/uploads\/2025\/10\/sertifika1-730x1024.webp 730w, https:\/\/hydroapex.com.tr\/wp-content\/uploads\/2025\/10\/sertifika1-214x300.webp 214w, https:\/\/hydroapex.com.tr\/wp-content\/uploads\/2025\/10\/sertifika1-768x1077.webp 768w, https:\/\/hydroapex.com.tr\/wp-content\/uploads\/2025\/10\/sertifika1-600x841.webp 600w, https:\/\/hydroapex.com.tr\/wp-content\/uploads\/2025\/10\/sertifika1.webp 1087w\" sizes=\"(max-width: 730px) 100vw, 730px\" \/>\t\t\t\t\t\t\t\t<\/a>\n\t\t\t\t\t\t\t\t\t\t\t\t\t\t\t<\/div>\n\t\t\t\t<\/div>\n\t\t\t\t\t<\/div>\n\t\t\t\t<\/div>\n\t\t<div class=\"elementor-element elementor-element-87362de e-flex e-con-boxed e-con e-parent\" data-id=\"87362de\" data-element_type=\"container\" data-settings=\"{&quot;animation&quot;:&quot;none&quot;}\">\n\t\t\t\t\t<div class=\"e-con-inner\">\n\t\t<div class=\"elementor-element elementor-element-5f8212b e-con-full e-flex e-con e-child\" data-id=\"5f8212b\" data-element_type=\"container\" data-settings=\"{&quot;animation&quot;:&quot;none&quot;}\">\n\t\t\t\t<div class=\"elementor-element elementor-element-9710ee9 elementor-widget elementor-widget-image\" data-id=\"9710ee9\" data-element_type=\"widget\" data-widget_type=\"image.default\">\n\t\t\t\t\t\t\t\t\t\t\t\t\t\t\t\t<a href=\"https:\/\/hydroapex.com.tr\/wp-content\/uploads\/2025\/10\/sertifika2.webp\" data-elementor-open-lightbox=\"yes\" data-elementor-lightbox-title=\"sertifika2\" data-e-action-hash=\"#elementor-action%3Aaction%3Dlightbox%26settings%3DeyJpZCI6MzQ3MywidXJsIjoiaHR0cHM6XC9cL2h5ZHJvYXBleC5jb20udHJcL3dwLWNvbnRlbnRcL3VwbG9hZHNcLzIwMjVcLzEwXC9zZXJ0aWZpa2EyLndlYnAifQ%3D%3D\">\n\t\t\t\t\t\t\t<img decoding=\"async\" width=\"730\" height=\"1024\" src=\"https:\/\/hydroapex.com.tr\/wp-content\/uploads\/2025\/10\/sertifika2-730x1024.webp\" class=\"attachment-large size-large wp-image-3473\" alt=\"\" srcset=\"https:\/\/hydroapex.com.tr\/wp-content\/uploads\/2025\/10\/sertifika2-730x1024.webp 730w, https:\/\/hydroapex.com.tr\/wp-content\/uploads\/2025\/10\/sertifika2-214x300.webp 214w, https:\/\/hydroapex.com.tr\/wp-content\/uploads\/2025\/10\/sertifika2-768x1077.webp 768w, https:\/\/hydroapex.com.tr\/wp-content\/uploads\/2025\/10\/sertifika2-600x841.webp 600w, https:\/\/hydroapex.com.tr\/wp-content\/uploads\/2025\/10\/sertifika2.webp 1087w\" sizes=\"(max-width: 730px) 100vw, 730px\" \/>\t\t\t\t\t\t\t\t<\/a>\n\t\t\t\t\t\t\t\t\t\t\t\t\t\t\t<\/div>\n\t\t\t\t<\/div>\n\t\t<div class=\"elementor-element elementor-element-bb7616e e-con-full e-flex e-con e-child\" data-id=\"bb7616e\" data-element_type=\"container\" data-settings=\"{&quot;animation&quot;:&quot;none&quot;}\">\n\t\t\t\t<div class=\"elementor-element elementor-element-471206d elementor-widget elementor-widget-image\" data-id=\"471206d\" data-element_type=\"widget\" data-widget_type=\"image.default\">\n\t\t\t\t\t\t\t\t\t\t\t\t\t\t\t\t<a href=\"https:\/\/hydroapex.com.tr\/wp-content\/uploads\/2025\/10\/sertifika3.webp\" data-elementor-open-lightbox=\"yes\" data-elementor-lightbox-title=\"sertifika3\" data-e-action-hash=\"#elementor-action%3Aaction%3Dlightbox%26settings%3DeyJpZCI6MzQ3NCwidXJsIjoiaHR0cHM6XC9cL2h5ZHJvYXBleC5jb20udHJcL3dwLWNvbnRlbnRcL3VwbG9hZHNcLzIwMjVcLzEwXC9zZXJ0aWZpa2EzLndlYnAifQ%3D%3D\">\n\t\t\t\t\t\t\t<img loading=\"lazy\" decoding=\"async\" width=\"730\" height=\"1024\" src=\"https:\/\/hydroapex.com.tr\/wp-content\/uploads\/2025\/10\/sertifika3-730x1024.webp\" class=\"attachment-large size-large wp-image-3474\" alt=\"\" srcset=\"https:\/\/hydroapex.com.tr\/wp-content\/uploads\/2025\/10\/sertifika3-730x1024.webp 730w, https:\/\/hydroapex.com.tr\/wp-content\/uploads\/2025\/10\/sertifika3-214x300.webp 214w, https:\/\/hydroapex.com.tr\/wp-content\/uploads\/2025\/10\/sertifika3-768x1077.webp 768w, https:\/\/hydroapex.com.tr\/wp-content\/uploads\/2025\/10\/sertifika3-600x841.webp 600w, https:\/\/hydroapex.com.tr\/wp-content\/uploads\/2025\/10\/sertifika3.webp 1087w\" sizes=\"(max-width: 730px) 100vw, 730px\" \/>\t\t\t\t\t\t\t\t<\/a>\n\t\t\t\t\t\t\t\t\t\t\t\t\t\t\t<\/div>\n\t\t\t\t<\/div>\n\t\t\t\t\t<\/div>\n\t\t\t\t<\/div>\n\t\t<div class=\"elementor-element elementor-element-9296fc7 e-flex e-con-boxed e-con e-parent\" data-id=\"9296fc7\" data-element_type=\"container\" data-settings=\"{&quot;animation&quot;:&quot;none&quot;}\">\n\t\t\t\t\t<div class=\"e-con-inner\">\n\t\t<div class=\"elementor-element elementor-element-42f3665 e-con-full e-flex e-con e-child\" data-id=\"42f3665\" data-element_type=\"container\" data-settings=\"{&quot;animation&quot;:&quot;none&quot;}\">\n\t\t\t\t<div class=\"elementor-element elementor-element-052375a elementor-widget elementor-widget-image\" data-id=\"052375a\" data-element_type=\"widget\" data-widget_type=\"image.default\">\n\t\t\t\t\t\t\t\t\t\t\t\t\t\t\t\t<a href=\"https:\/\/hydroapex.com.tr\/wp-content\/uploads\/2025\/10\/sertifika4.webp\" data-elementor-open-lightbox=\"yes\" data-elementor-lightbox-title=\"sertifika4\" data-e-action-hash=\"#elementor-action%3Aaction%3Dlightbox%26settings%3DeyJpZCI6MzQ4MSwidXJsIjoiaHR0cHM6XC9cL2h5ZHJvYXBleC5jb20udHJcL3dwLWNvbnRlbnRcL3VwbG9hZHNcLzIwMjVcLzEwXC9zZXJ0aWZpa2E0LndlYnAifQ%3D%3D\">\n\t\t\t\t\t\t\t<img loading=\"lazy\" decoding=\"async\" width=\"730\" height=\"1024\" src=\"https:\/\/hydroapex.com.tr\/wp-content\/uploads\/2025\/10\/sertifika4-730x1024.webp\" class=\"attachment-large size-large wp-image-3481\" alt=\"\" srcset=\"https:\/\/hydroapex.com.tr\/wp-content\/uploads\/2025\/10\/sertifika4-730x1024.webp 730w, https:\/\/hydroapex.com.tr\/wp-content\/uploads\/2025\/10\/sertifika4-214x300.webp 214w, https:\/\/hydroapex.com.tr\/wp-content\/uploads\/2025\/10\/sertifika4-768x1077.webp 768w, https:\/\/hydroapex.com.tr\/wp-content\/uploads\/2025\/10\/sertifika4-600x841.webp 600w, https:\/\/hydroapex.com.tr\/wp-content\/uploads\/2025\/10\/sertifika4.webp 1087w\" sizes=\"(max-width: 730px) 100vw, 730px\" \/>\t\t\t\t\t\t\t\t<\/a>\n\t\t\t\t\t\t\t\t\t\t\t\t\t\t\t<\/div>\n\t\t\t\t<\/div>\n\t\t<div class=\"elementor-element elementor-element-22dee4c e-con-full e-flex e-con e-child\" data-id=\"22dee4c\" data-element_type=\"container\" data-settings=\"{&quot;animation&quot;:&quot;none&quot;}\">\n\t\t\t\t<div class=\"elementor-element elementor-element-42d928c elementor-widget elementor-widget-image\" data-id=\"42d928c\" data-element_type=\"widget\" data-widget_type=\"image.default\">\n\t\t\t\t\t\t\t\t\t\t\t\t\t\t\t<img loading=\"lazy\" decoding=\"async\" width=\"730\" height=\"1024\" src=\"https:\/\/hydroapex.com.tr\/wp-content\/uploads\/2025\/10\/sertifika6-730x1024.webp\" class=\"attachment-large size-large wp-image-3490\" alt=\"\" srcset=\"https:\/\/hydroapex.com.tr\/wp-content\/uploads\/2025\/10\/sertifika6-730x1024.webp 730w, https:\/\/hydroapex.com.tr\/wp-content\/uploads\/2025\/10\/sertifika6-214x300.webp 214w, https:\/\/hydroapex.com.tr\/wp-content\/uploads\/2025\/10\/sertifika6-768x1077.webp 768w, https:\/\/hydroapex.com.tr\/wp-content\/uploads\/2025\/10\/sertifika6-600x841.webp 600w, https:\/\/hydroapex.com.tr\/wp-content\/uploads\/2025\/10\/sertifika6.webp 1087w\" sizes=\"(max-width: 730px) 100vw, 730px\" \/>\t\t\t\t\t\t\t\t\t\t\t\t\t\t\t<\/div>\n\t\t\t\t<\/div>\n\t\t\t\t\t<\/div>\n\t\t\t\t<\/div>\n\t\t\t\t<\/div>","protected":false},"excerpt":{"rendered":"","protected":false},"author":1,"featured_media":0,"parent":0,"menu_order":0,"comment_status":"closed","ping_status":"closed","template":"","meta":{"footnotes":""},"class_list":["post-3459","page","type-page","status-publish","hentry"],"yoast_head":"<!-- This site is optimized with the Yoast SEO plugin v26.1.1 - https:\/\/yoast.com\/wordpress\/plugins\/seo\/ -->\n<title>Sertifikalar | APEX Mobil Platform &amp; Vin\u00e7 Sistemleri<\/title>\n<meta name=\"description\" content=\"Sertifikalar; Hydro APEX taraf\u0131ndan \u00fcretilen t\u00fcm kompenantlar sertifikal\u0131 ve prosed\u00fcrlere uyumludur. Bilgi almak i\u00e7in ileti\u015fim kurunuz.\" \/>\n<meta name=\"robots\" content=\"index, follow, max-snippet:-1, max-image-preview:large, max-video-preview:-1\" \/>\n<link rel=\"canonical\" href=\"https:\/\/hydroapex.com.tr\/en\/sertifikalar\/\" \/>\n<meta property=\"og:locale\" content=\"en_US\" \/>\n<meta property=\"og:type\" content=\"article\" \/>\n<meta property=\"og:title\" content=\"Sertifikalar | APEX Mobil Platform &amp; Vin\u00e7 Sistemleri\" \/>\n<meta property=\"og:description\" content=\"Sertifikalar; Hydro APEX taraf\u0131ndan \u00fcretilen t\u00fcm kompenantlar sertifikal\u0131 ve prosed\u00fcrlere uyumludur. Bilgi almak i\u00e7in ileti\u015fim kurunuz.\" \/>\n<meta property=\"og:url\" content=\"https:\/\/hydroapex.com.tr\/en\/sertifikalar\/\" \/>\n<meta property=\"og:site_name\" content=\"APEX Mobil Platform &amp; Vin\u00e7 Sistemleri\" \/>\n<meta property=\"article:modified_time\" content=\"2025-10-18T21:56:25+00:00\" \/>\n<meta property=\"og:image\" content=\"https:\/\/hydroapex.com.tr\/wp-content\/uploads\/2025\/10\/sertifika5-730x1024.webp\" \/>\n<meta name=\"twitter:card\" content=\"summary_large_image\" \/>\n<meta name=\"twitter:label1\" content=\"Est. reading time\" \/>\n\t<meta name=\"twitter:data1\" content=\"2 minutes\" \/>\n<script type=\"application\/ld+json\" class=\"yoast-schema-graph\">{\"@context\":\"https:\/\/schema.org\",\"@graph\":[{\"@type\":\"WebPage\",\"@id\":\"https:\/\/hydroapex.com.tr\/en\/sertifikalar\/\",\"url\":\"https:\/\/hydroapex.com.tr\/en\/sertifikalar\/\",\"name\":\"Sertifikalar | APEX Mobil Platform &amp; Vin\u00e7 Sistemleri\",\"isPartOf\":{\"@id\":\"https:\/\/hydroapex.com.tr\/en\/#website\"},\"primaryImageOfPage\":{\"@id\":\"https:\/\/hydroapex.com.tr\/en\/sertifikalar\/#primaryimage\"},\"image\":{\"@id\":\"https:\/\/hydroapex.com.tr\/en\/sertifikalar\/#primaryimage\"},\"thumbnailUrl\":\"https:\/\/hydroapex.com.tr\/wp-content\/uploads\/2025\/10\/sertifika5-730x1024.webp\",\"datePublished\":\"2025-10-13T08:35:36+00:00\",\"dateModified\":\"2025-10-18T21:56:25+00:00\",\"description\":\"Sertifikalar; Hydro APEX taraf\u0131ndan \u00fcretilen t\u00fcm kompenantlar sertifikal\u0131 ve prosed\u00fcrlere uyumludur. Bilgi almak i\u00e7in ileti\u015fim kurunuz.\",\"breadcrumb\":{\"@id\":\"https:\/\/hydroapex.com.tr\/en\/sertifikalar\/#breadcrumb\"},\"inLanguage\":\"en-US\",\"potentialAction\":[{\"@type\":\"ReadAction\",\"target\":[\"https:\/\/hydroapex.com.tr\/en\/sertifikalar\/\"]}]},{\"@type\":\"ImageObject\",\"inLanguage\":\"en-US\",\"@id\":\"https:\/\/hydroapex.com.tr\/en\/sertifikalar\/#primaryimage\",\"url\":\"https:\/\/hydroapex.com.tr\/wp-content\/uploads\/2025\/10\/sertifika5-730x1024.webp\",\"contentUrl\":\"https:\/\/hydroapex.com.tr\/wp-content\/uploads\/2025\/10\/sertifika5-730x1024.webp\"},{\"@type\":\"BreadcrumbList\",\"@id\":\"https:\/\/hydroapex.com.tr\/en\/sertifikalar\/#breadcrumb\",\"itemListElement\":[{\"@type\":\"ListItem\",\"position\":1,\"name\":\"Anasayfa\",\"item\":\"https:\/\/hydroapex.com.tr\/\"},{\"@type\":\"ListItem\",\"position\":2,\"name\":\"Sertifikalar\"}]},{\"@type\":\"WebSite\",\"@id\":\"https:\/\/hydroapex.com.tr\/en\/#website\",\"url\":\"https:\/\/hydroapex.com.tr\/en\/\",\"name\":\"APEX Mobil Platform &amp; Vin\u00e7 Sistemleri\",\"description\":\"\",\"publisher\":{\"@id\":\"https:\/\/hydroapex.com.tr\/en\/#organization\"},\"potentialAction\":[{\"@type\":\"SearchAction\",\"target\":{\"@type\":\"EntryPoint\",\"urlTemplate\":\"https:\/\/hydroapex.com.tr\/en\/?s={search_term_string}\"},\"query-input\":{\"@type\":\"PropertyValueSpecification\",\"valueRequired\":true,\"valueName\":\"search_term_string\"}}],\"inLanguage\":\"en-US\"},{\"@type\":\"Organization\",\"@id\":\"https:\/\/hydroapex.com.tr\/en\/#organization\",\"name\":\"APEX Mobil Platfrom & Vin\u00e7 Sistemleri\",\"url\":\"https:\/\/hydroapex.com.tr\/en\/\",\"logo\":{\"@type\":\"ImageObject\",\"inLanguage\":\"en-US\",\"@id\":\"https:\/\/hydroapex.com.tr\/en\/#\/schema\/logo\/image\/\",\"url\":\"https:\/\/hydroapex.com.tr\/wp-content\/uploads\/2025\/11\/cropped-fvvvv.png\",\"contentUrl\":\"https:\/\/hydroapex.com.tr\/wp-content\/uploads\/2025\/11\/cropped-fvvvv.png\",\"width\":512,\"height\":512,\"caption\":\"APEX Mobil Platfrom & Vin\u00e7 Sistemleri\"},\"image\":{\"@id\":\"https:\/\/hydroapex.com.tr\/en\/#\/schema\/logo\/image\/\"}}]}<\/script>\n<!-- \/ Yoast SEO plugin. -->","yoast_head_json":{"title":"Sertifikalar | APEX Mobil Platform &amp; Vin\u00e7 Sistemleri","description":"Sertifikalar; Hydro APEX taraf\u0131ndan \u00fcretilen t\u00fcm kompenantlar sertifikal\u0131 ve prosed\u00fcrlere uyumludur. Bilgi almak i\u00e7in ileti\u015fim kurunuz.","robots":{"index":"index","follow":"follow","max-snippet":"max-snippet:-1","max-image-preview":"max-image-preview:large","max-video-preview":"max-video-preview:-1"},"canonical":"https:\/\/hydroapex.com.tr\/en\/sertifikalar\/","og_locale":"en_US","og_type":"article","og_title":"Sertifikalar | APEX Mobil Platform &amp; Vin\u00e7 Sistemleri","og_description":"Sertifikalar; Hydro APEX taraf\u0131ndan \u00fcretilen t\u00fcm kompenantlar sertifikal\u0131 ve prosed\u00fcrlere uyumludur. Bilgi almak i\u00e7in ileti\u015fim kurunuz.","og_url":"https:\/\/hydroapex.com.tr\/en\/sertifikalar\/","og_site_name":"APEX Mobil Platform &amp; Vin\u00e7 Sistemleri","article_modified_time":"2025-10-18T21:56:25+00:00","og_image":[{"url":"https:\/\/hydroapex.com.tr\/wp-content\/uploads\/2025\/10\/sertifika5-730x1024.webp","type":"","width":"","height":""}],"twitter_card":"summary_large_image","twitter_misc":{"Est. reading time":"2 minutes"},"schema":{"@context":"https:\/\/schema.org","@graph":[{"@type":"WebPage","@id":"https:\/\/hydroapex.com.tr\/en\/sertifikalar\/","url":"https:\/\/hydroapex.com.tr\/en\/sertifikalar\/","name":"Sertifikalar | APEX Mobil Platform &amp; Vin\u00e7 Sistemleri","isPartOf":{"@id":"https:\/\/hydroapex.com.tr\/en\/#website"},"primaryImageOfPage":{"@id":"https:\/\/hydroapex.com.tr\/en\/sertifikalar\/#primaryimage"},"image":{"@id":"https:\/\/hydroapex.com.tr\/en\/sertifikalar\/#primaryimage"},"thumbnailUrl":"https:\/\/hydroapex.com.tr\/wp-content\/uploads\/2025\/10\/sertifika5-730x1024.webp","datePublished":"2025-10-13T08:35:36+00:00","dateModified":"2025-10-18T21:56:25+00:00","description":"Sertifikalar; Hydro APEX taraf\u0131ndan \u00fcretilen t\u00fcm kompenantlar sertifikal\u0131 ve prosed\u00fcrlere uyumludur. Bilgi almak i\u00e7in ileti\u015fim kurunuz.","breadcrumb":{"@id":"https:\/\/hydroapex.com.tr\/en\/sertifikalar\/#breadcrumb"},"inLanguage":"en-US","potentialAction":[{"@type":"ReadAction","target":["https:\/\/hydroapex.com.tr\/en\/sertifikalar\/"]}]},{"@type":"ImageObject","inLanguage":"en-US","@id":"https:\/\/hydroapex.com.tr\/en\/sertifikalar\/#primaryimage","url":"https:\/\/hydroapex.com.tr\/wp-content\/uploads\/2025\/10\/sertifika5-730x1024.webp","contentUrl":"https:\/\/hydroapex.com.tr\/wp-content\/uploads\/2025\/10\/sertifika5-730x1024.webp"},{"@type":"BreadcrumbList","@id":"https:\/\/hydroapex.com.tr\/en\/sertifikalar\/#breadcrumb","itemListElement":[{"@type":"ListItem","position":1,"name":"Anasayfa","item":"https:\/\/hydroapex.com.tr\/"},{"@type":"ListItem","position":2,"name":"Sertifikalar"}]},{"@type":"WebSite","@id":"https:\/\/hydroapex.com.tr\/en\/#website","url":"https:\/\/hydroapex.com.tr\/en\/","name":"APEX Mobil Platform &amp; Vin\u00e7 Sistemleri","description":"","publisher":{"@id":"https:\/\/hydroapex.com.tr\/en\/#organization"},"potentialAction":[{"@type":"SearchAction","target":{"@type":"EntryPoint","urlTemplate":"https:\/\/hydroapex.com.tr\/en\/?s={search_term_string}"},"query-input":{"@type":"PropertyValueSpecification","valueRequired":true,"valueName":"search_term_string"}}],"inLanguage":"en-US"},{"@type":"Organization","@id":"https:\/\/hydroapex.com.tr\/en\/#organization","name":"APEX Mobil Platfrom & Vin\u00e7 Sistemleri","url":"https:\/\/hydroapex.com.tr\/en\/","logo":{"@type":"ImageObject","inLanguage":"en-US","@id":"https:\/\/hydroapex.com.tr\/en\/#\/schema\/logo\/image\/","url":"https:\/\/hydroapex.com.tr\/wp-content\/uploads\/2025\/11\/cropped-fvvvv.png","contentUrl":"https:\/\/hydroapex.com.tr\/wp-content\/uploads\/2025\/11\/cropped-fvvvv.png","width":512,"height":512,"caption":"APEX Mobil Platfrom & Vin\u00e7 Sistemleri"},"image":{"@id":"https:\/\/hydroapex.com.tr\/en\/#\/schema\/logo\/image\/"}}]}},"_links":{"self":[{"href":"https:\/\/hydroapex.com.tr\/en\/wp-json\/wp\/v2\/pages\/3459","targetHints":{"allow":["GET"]}}],"collection":[{"href":"https:\/\/hydroapex.com.tr\/en\/wp-json\/wp\/v2\/pages"}],"about":[{"href":"https:\/\/hydroapex.com.tr\/en\/wp-json\/wp\/v2\/types\/page"}],"author":[{"embeddable":true,"href":"https:\/\/hydroapex.com.tr\/en\/wp-json\/wp\/v2\/users\/1"}],"replies":[{"embeddable":true,"href":"https:\/\/hydroapex.com.tr\/en\/wp-json\/wp\/v2\/comments?post=3459"}],"version-history":[{"count":22,"href":"https:\/\/hydroapex.com.tr\/en\/wp-json\/wp\/v2\/pages\/3459\/revisions"}],"predecessor-version":[{"id":3496,"href":"https:\/\/hydroapex.com.tr\/en\/wp-json\/wp\/v2\/pages\/3459\/revisions\/3496"}],"wp:attachment":[{"href":"https:\/\/hydroapex.com.tr\/en\/wp-json\/wp\/v2\/media?parent=3459"}],"curies":[{"name":"wp","href":"https:\/\/api.w.org\/{rel}","templated":true}]}}