{"id":3525,"date":"2025-10-13T13:10:28","date_gmt":"2025-10-13T13:10:28","guid":{"rendered":"https:\/\/hydroapex.com.tr\/?page_id=3525"},"modified":"2025-10-18T21:53:00","modified_gmt":"2025-10-18T21:53:00","slug":"paletli-platformlar","status":"publish","type":"page","link":"https:\/\/hydroapex.com.tr\/en\/paletli-platformlar\/","title":{"rendered":"Crawler Platforms"},"content":{"rendered":"<div data-elementor-type=\"wp-page\" data-elementor-id=\"3525\" class=\"elementor elementor-3525\">\n\t\t\t\t<div class=\"elementor-element elementor-element-9acb045 e-flex e-con-boxed e-con e-parent\" data-id=\"9acb045\" data-element_type=\"container\" data-e-type=\"container\">\n\t\t\t\t\t<div class=\"e-con-inner\">\n\t\t<div class=\"elementor-element elementor-element-09f80ab e-con-full e-flex elementor-invisible e-con e-child\" data-id=\"09f80ab\" data-element_type=\"container\" data-e-type=\"container\" data-settings=\"{&quot;animation&quot;:&quot;fadeInUp&quot;}\">\n\t\t\t\t<div class=\"elementor-element elementor-element-ae1aa67 elementor-widget elementor-widget-limestone-section-title\" data-id=\"ae1aa67\" data-element_type=\"widget\" data-e-type=\"widget\" data-widget_type=\"limestone-section-title.default\">\n\t\t\t\t<div class=\"elementor-widget-container\">\n\t\t\t\t\t\t\t<div class=\"limestone-section-title\">\r\n\t\t\t\t\t\t\t\t<\/div>\r\n\t\t\t\t\t\t<\/div>\n\t\t\t\t<\/div>\n\t\t\t\t<div class=\"elementor-element elementor-element-ac911b1 elementor-widget elementor-widget-limestone-portfolio\" data-id=\"ac911b1\" data-element_type=\"widget\" data-e-type=\"widget\" data-widget_type=\"limestone-portfolio.default\">\n\t\t\t\t<div class=\"elementor-widget-container\">\n\t\t\t\t\t        <div class=\"limestone-portfolio-items design-one\">\r\n                                                <\/div>\r\n        \t\t\t\t<\/div>\n\t\t\t\t<\/div>\n\t\t\t\t<\/div>\n\t\t\t\t\t<\/div>\n\t\t\t\t<\/div>\n\t\t\t\t<\/div>","protected":false},"excerpt":{"rendered":"<p>Demo Detaylar<\/p>","protected":false},"author":1,"featured_media":3640,"parent":0,"menu_order":0,"comment_status":"closed","ping_status":"closed","template":"","meta":{"footnotes":""},"class_list":["post-3525","page","type-page","status-publish","has-post-thumbnail","hentry"],"yoast_head":"<!-- This site is optimized with the Yoast SEO plugin v27.4 - https:\/\/yoast.com\/product\/yoast-seo-wordpress\/ -->\n<title>Paletli Platformlar | APEX Mobil Platform &amp; Vin\u00e7 Sistemleri<\/title>\n<meta name=\"description\" content=\"Paletli platform \u00fcretimi At\u0131l\u0131m Hidrolik markas\u0131 Hydro APEX taraf\u0131ndan yap\u0131lmaktad\u0131r. Bilgi almak i\u00e7in ileti\u015fim kurunuz.\" \/>\n<meta name=\"robots\" content=\"index, follow, max-snippet:-1, max-image-preview:large, max-video-preview:-1\" \/>\n<link rel=\"canonical\" href=\"https:\/\/hydroapex.com.tr\/en\/paletli-platformlar\/\" \/>\n<meta property=\"og:locale\" content=\"en_US\" \/>\n<meta property=\"og:type\" content=\"article\" \/>\n<meta property=\"og:title\" content=\"Paletli Platformlar | APEX Mobil Platform &amp; Vin\u00e7 Sistemleri\" \/>\n<meta property=\"og:description\" content=\"Paletli platform \u00fcretimi At\u0131l\u0131m Hidrolik markas\u0131 Hydro APEX taraf\u0131ndan yap\u0131lmaktad\u0131r. Bilgi almak i\u00e7in ileti\u015fim kurunuz.\" \/>\n<meta property=\"og:url\" content=\"https:\/\/hydroapex.com.tr\/en\/paletli-platformlar\/\" \/>\n<meta property=\"og:site_name\" content=\"APEX Mobil Platform &amp; Vin\u00e7 Sistemleri\" \/>\n<meta property=\"article:modified_time\" content=\"2025-10-18T21:53:00+00:00\" \/>\n<meta property=\"og:image\" content=\"https:\/\/hydroapex.com.tr\/wp-content\/uploads\/2025\/10\/paletli-platform.jpg\" \/>\n\t<meta property=\"og:image:width\" content=\"1417\" \/>\n\t<meta property=\"og:image:height\" content=\"1299\" \/>\n\t<meta property=\"og:image:type\" content=\"image\/jpeg\" \/>\n<meta name=\"twitter:card\" content=\"summary_large_image\" \/>\n<meta name=\"twitter:label1\" content=\"Est. reading time\" \/>\n\t<meta name=\"twitter:data1\" content=\"1 minute\" \/>\n<script type=\"application\/ld+json\" class=\"yoast-schema-graph\">{\"@context\":\"https:\\\/\\\/schema.org\",\"@graph\":[{\"@type\":\"WebPage\",\"@id\":\"https:\\\/\\\/hydroapex.com.tr\\\/en\\\/paletli-platformlar\\\/\",\"url\":\"https:\\\/\\\/hydroapex.com.tr\\\/en\\\/paletli-platformlar\\\/\",\"name\":\"Paletli Platformlar | APEX Mobil Platform &amp; Vin\u00e7 Sistemleri\",\"isPartOf\":{\"@id\":\"https:\\\/\\\/hydroapex.com.tr\\\/en\\\/#website\"},\"primaryImageOfPage\":{\"@id\":\"https:\\\/\\\/hydroapex.com.tr\\\/en\\\/paletli-platformlar\\\/#primaryimage\"},\"image\":{\"@id\":\"https:\\\/\\\/hydroapex.com.tr\\\/en\\\/paletli-platformlar\\\/#primaryimage\"},\"thumbnailUrl\":\"https:\\\/\\\/hydroapex.com.tr\\\/wp-content\\\/uploads\\\/2025\\\/10\\\/paletli-platform.jpg\",\"datePublished\":\"2025-10-13T13:10:28+00:00\",\"dateModified\":\"2025-10-18T21:53:00+00:00\",\"description\":\"Paletli platform \u00fcretimi At\u0131l\u0131m Hidrolik markas\u0131 Hydro APEX taraf\u0131ndan yap\u0131lmaktad\u0131r. Bilgi almak i\u00e7in ileti\u015fim kurunuz.\",\"breadcrumb\":{\"@id\":\"https:\\\/\\\/hydroapex.com.tr\\\/en\\\/paletli-platformlar\\\/#breadcrumb\"},\"inLanguage\":\"en-US\",\"potentialAction\":[{\"@type\":\"ReadAction\",\"target\":[\"https:\\\/\\\/hydroapex.com.tr\\\/en\\\/paletli-platformlar\\\/\"]}]},{\"@type\":\"ImageObject\",\"inLanguage\":\"en-US\",\"@id\":\"https:\\\/\\\/hydroapex.com.tr\\\/en\\\/paletli-platformlar\\\/#primaryimage\",\"url\":\"https:\\\/\\\/hydroapex.com.tr\\\/wp-content\\\/uploads\\\/2025\\\/10\\\/paletli-platform.jpg\",\"contentUrl\":\"https:\\\/\\\/hydroapex.com.tr\\\/wp-content\\\/uploads\\\/2025\\\/10\\\/paletli-platform.jpg\",\"width\":1417,\"height\":1299},{\"@type\":\"BreadcrumbList\",\"@id\":\"https:\\\/\\\/hydroapex.com.tr\\\/en\\\/paletli-platformlar\\\/#breadcrumb\",\"itemListElement\":[{\"@type\":\"ListItem\",\"position\":1,\"name\":\"Anasayfa\",\"item\":\"https:\\\/\\\/hydroapex.com.tr\\\/\"},{\"@type\":\"ListItem\",\"position\":2,\"name\":\"Paletli Platformlar\"}]},{\"@type\":\"WebSite\",\"@id\":\"https:\\\/\\\/hydroapex.com.tr\\\/en\\\/#website\",\"url\":\"https:\\\/\\\/hydroapex.com.tr\\\/en\\\/\",\"name\":\"APEX Mobil Platform &amp; Vin\u00e7 Sistemleri\",\"description\":\"\",\"publisher\":{\"@id\":\"https:\\\/\\\/hydroapex.com.tr\\\/en\\\/#organization\"},\"potentialAction\":[{\"@type\":\"SearchAction\",\"target\":{\"@type\":\"EntryPoint\",\"urlTemplate\":\"https:\\\/\\\/hydroapex.com.tr\\\/en\\\/?s={search_term_string}\"},\"query-input\":{\"@type\":\"PropertyValueSpecification\",\"valueRequired\":true,\"valueName\":\"search_term_string\"}}],\"inLanguage\":\"en-US\"},{\"@type\":\"Organization\",\"@id\":\"https:\\\/\\\/hydroapex.com.tr\\\/en\\\/#organization\",\"name\":\"APEX Mobil Platfrom & Vin\u00e7 Sistemleri\",\"url\":\"https:\\\/\\\/hydroapex.com.tr\\\/en\\\/\",\"logo\":{\"@type\":\"ImageObject\",\"inLanguage\":\"en-US\",\"@id\":\"https:\\\/\\\/hydroapex.com.tr\\\/en\\\/#\\\/schema\\\/logo\\\/image\\\/\",\"url\":\"https:\\\/\\\/hydroapex.com.tr\\\/wp-content\\\/uploads\\\/2025\\\/11\\\/cropped-fvvvv.png\",\"contentUrl\":\"https:\\\/\\\/hydroapex.com.tr\\\/wp-content\\\/uploads\\\/2025\\\/11\\\/cropped-fvvvv.png\",\"width\":512,\"height\":512,\"caption\":\"APEX Mobil Platfrom & Vin\u00e7 Sistemleri\"},\"image\":{\"@id\":\"https:\\\/\\\/hydroapex.com.tr\\\/en\\\/#\\\/schema\\\/logo\\\/image\\\/\"}}]}<\/script>\n<!-- \/ Yoast SEO plugin. -->","yoast_head_json":{"title":"Paletli Platformlar | APEX Mobil Platform &amp; Vin\u00e7 Sistemleri","description":"Paletli platform \u00fcretimi At\u0131l\u0131m Hidrolik markas\u0131 Hydro APEX taraf\u0131ndan yap\u0131lmaktad\u0131r. Bilgi almak i\u00e7in ileti\u015fim kurunuz.","robots":{"index":"index","follow":"follow","max-snippet":"max-snippet:-1","max-image-preview":"max-image-preview:large","max-video-preview":"max-video-preview:-1"},"canonical":"https:\/\/hydroapex.com.tr\/en\/paletli-platformlar\/","og_locale":"en_US","og_type":"article","og_title":"Paletli Platformlar | APEX Mobil Platform &amp; Vin\u00e7 Sistemleri","og_description":"Paletli platform \u00fcretimi At\u0131l\u0131m Hidrolik markas\u0131 Hydro APEX taraf\u0131ndan yap\u0131lmaktad\u0131r. Bilgi almak i\u00e7in ileti\u015fim kurunuz.","og_url":"https:\/\/hydroapex.com.tr\/en\/paletli-platformlar\/","og_site_name":"APEX Mobil Platform &amp; Vin\u00e7 Sistemleri","article_modified_time":"2025-10-18T21:53:00+00:00","og_image":[{"width":1417,"height":1299,"url":"https:\/\/hydroapex.com.tr\/wp-content\/uploads\/2025\/10\/paletli-platform.jpg","type":"image\/jpeg"}],"twitter_card":"summary_large_image","twitter_misc":{"Est. reading time":"1 minute"},"schema":{"@context":"https:\/\/schema.org","@graph":[{"@type":"WebPage","@id":"https:\/\/hydroapex.com.tr\/en\/paletli-platformlar\/","url":"https:\/\/hydroapex.com.tr\/en\/paletli-platformlar\/","name":"Paletli Platformlar | APEX Mobil Platform &amp; Vin\u00e7 Sistemleri","isPartOf":{"@id":"https:\/\/hydroapex.com.tr\/en\/#website"},"primaryImageOfPage":{"@id":"https:\/\/hydroapex.com.tr\/en\/paletli-platformlar\/#primaryimage"},"image":{"@id":"https:\/\/hydroapex.com.tr\/en\/paletli-platformlar\/#primaryimage"},"thumbnailUrl":"https:\/\/hydroapex.com.tr\/wp-content\/uploads\/2025\/10\/paletli-platform.jpg","datePublished":"2025-10-13T13:10:28+00:00","dateModified":"2025-10-18T21:53:00+00:00","description":"Paletli platform \u00fcretimi At\u0131l\u0131m Hidrolik markas\u0131 Hydro APEX taraf\u0131ndan yap\u0131lmaktad\u0131r. Bilgi almak i\u00e7in ileti\u015fim kurunuz.","breadcrumb":{"@id":"https:\/\/hydroapex.com.tr\/en\/paletli-platformlar\/#breadcrumb"},"inLanguage":"en-US","potentialAction":[{"@type":"ReadAction","target":["https:\/\/hydroapex.com.tr\/en\/paletli-platformlar\/"]}]},{"@type":"ImageObject","inLanguage":"en-US","@id":"https:\/\/hydroapex.com.tr\/en\/paletli-platformlar\/#primaryimage","url":"https:\/\/hydroapex.com.tr\/wp-content\/uploads\/2025\/10\/paletli-platform.jpg","contentUrl":"https:\/\/hydroapex.com.tr\/wp-content\/uploads\/2025\/10\/paletli-platform.jpg","width":1417,"height":1299},{"@type":"BreadcrumbList","@id":"https:\/\/hydroapex.com.tr\/en\/paletli-platformlar\/#breadcrumb","itemListElement":[{"@type":"ListItem","position":1,"name":"Anasayfa","item":"https:\/\/hydroapex.com.tr\/"},{"@type":"ListItem","position":2,"name":"Paletli Platformlar"}]},{"@type":"WebSite","@id":"https:\/\/hydroapex.com.tr\/en\/#website","url":"https:\/\/hydroapex.com.tr\/en\/","name":"APEX Mobil Platform &amp; Vin\u00e7 Sistemleri","description":"","publisher":{"@id":"https:\/\/hydroapex.com.tr\/en\/#organization"},"potentialAction":[{"@type":"SearchAction","target":{"@type":"EntryPoint","urlTemplate":"https:\/\/hydroapex.com.tr\/en\/?s={search_term_string}"},"query-input":{"@type":"PropertyValueSpecification","valueRequired":true,"valueName":"search_term_string"}}],"inLanguage":"en-US"},{"@type":"Organization","@id":"https:\/\/hydroapex.com.tr\/en\/#organization","name":"APEX Mobil Platfrom & Vin\u00e7 Sistemleri","url":"https:\/\/hydroapex.com.tr\/en\/","logo":{"@type":"ImageObject","inLanguage":"en-US","@id":"https:\/\/hydroapex.com.tr\/en\/#\/schema\/logo\/image\/","url":"https:\/\/hydroapex.com.tr\/wp-content\/uploads\/2025\/11\/cropped-fvvvv.png","contentUrl":"https:\/\/hydroapex.com.tr\/wp-content\/uploads\/2025\/11\/cropped-fvvvv.png","width":512,"height":512,"caption":"APEX Mobil Platfrom & Vin\u00e7 Sistemleri"},"image":{"@id":"https:\/\/hydroapex.com.tr\/en\/#\/schema\/logo\/image\/"}}]}},"_links":{"self":[{"href":"https:\/\/hydroapex.com.tr\/en\/wp-json\/wp\/v2\/pages\/3525","targetHints":{"allow":["GET"]}}],"collection":[{"href":"https:\/\/hydroapex.com.tr\/en\/wp-json\/wp\/v2\/pages"}],"about":[{"href":"https:\/\/hydroapex.com.tr\/en\/wp-json\/wp\/v2\/types\/page"}],"author":[{"embeddable":true,"href":"https:\/\/hydroapex.com.tr\/en\/wp-json\/wp\/v2\/users\/1"}],"replies":[{"embeddable":true,"href":"https:\/\/hydroapex.com.tr\/en\/wp-json\/wp\/v2\/comments?post=3525"}],"version-history":[{"count":4,"href":"https:\/\/hydroapex.com.tr\/en\/wp-json\/wp\/v2\/pages\/3525\/revisions"}],"predecessor-version":[{"id":3529,"href":"https:\/\/hydroapex.com.tr\/en\/wp-json\/wp\/v2\/pages\/3525\/revisions\/3529"}],"wp:featuredmedia":[{"embeddable":true,"href":"https:\/\/hydroapex.com.tr\/en\/wp-json\/wp\/v2\/media\/3640"}],"wp:attachment":[{"href":"https:\/\/hydroapex.com.tr\/en\/wp-json\/wp\/v2\/media?parent=3525"}],"curies":[{"name":"wp","href":"https:\/\/api.w.org\/{rel}","templated":true}]}}