{"id":3535,"date":"2025-10-13T13:13:29","date_gmt":"2025-10-13T13:13:29","guid":{"rendered":"https:\/\/hydroapex.com.tr\/?page_id=3535"},"modified":"2025-11-06T21:37:38","modified_gmt":"2025-11-06T21:37:38","slug":"katlanir-bomlu-vincler","status":"publish","type":"page","link":"https:\/\/hydroapex.com.tr\/en\/katlanir-bomlu-vincler\/","title":{"rendered":"Folding Boom Cranes"},"content":{"rendered":"<div data-elementor-type=\"wp-page\" data-elementor-id=\"3535\" class=\"elementor elementor-3535\">\n\t\t\t\t<div class=\"elementor-element elementor-element-24f4a99b e-flex e-con-boxed e-con e-parent\" data-id=\"24f4a99b\" data-element_type=\"container\">\n\t\t\t\t\t<div class=\"e-con-inner\">\n\t\t<div class=\"elementor-element elementor-element-324f64f0 e-con-full e-flex e-con e-child\" data-id=\"324f64f0\" data-element_type=\"container\" data-settings=\"{&quot;animation&quot;:&quot;none&quot;}\">\n\t\t\t\t<div class=\"elementor-element elementor-element-24f0a534 elementor-widget elementor-widget-limestone-section-title\" data-id=\"24f0a534\" data-element_type=\"widget\" data-widget_type=\"limestone-section-title.default\">\n\t\t\t\t<div class=\"elementor-widget-container\">\n\t\t\t\t\t\t\t<div class=\"limestone-section-title\">\r\n\t\t\t\t\t\t\t\t<\/div>\r\n\t\t\t\t\t\t<\/div>\n\t\t\t\t<\/div>\n\t\t\t\t<div class=\"elementor-element elementor-element-7ee583a6 elementor-widget elementor-widget-limestone-portfolio\" data-id=\"7ee583a6\" data-element_type=\"widget\" data-widget_type=\"limestone-portfolio.default\">\n\t\t\t\t<div class=\"elementor-widget-container\">\n\t\t\t\t\t        <div class=\"limestone-portfolio-items design-one\">\r\n                                    <div class=\"portfolio-item\">\r\n            <div class=\"portfolio-thumbnail\">\r\n                            <\/div>\r\n            <div class=\"portfolio-content\">\r\n                                <h5 class=\"title\">\r\n                    <a href=\"https:\/\/hydroapex.com.tr\/en\/apex-115-l6-l5\/\">\r\n                        APEX-115 L6+L5                    <\/a>\r\n                <\/h5>\r\n                                    <span class=\"divider\"><\/span>\r\n                                                    <a href=\"https:\/\/hydroapex.com.tr\/en\/apex-115-l6-l5\/\" class=\"read-more\">\r\n                        Detaylar<i class=\"fas fa-angle-double-right\"><\/i>                    <\/a>\r\n                            <\/div>\r\n        <\/div>\r\n                <div class=\"portfolio-item\">\r\n            <div class=\"portfolio-thumbnail\">\r\n                            <\/div>\r\n            <div class=\"portfolio-content\">\r\n                                <h5 class=\"title\">\r\n                    <a href=\"https:\/\/hydroapex.com.tr\/en\/kupa-arkasi-makinalar\/\">\r\n                        Kupa Arkas\u0131 Makinalar                    <\/a>\r\n                <\/h5>\r\n                                    <span class=\"divider\"><\/span>\r\n                                                    <a href=\"https:\/\/hydroapex.com.tr\/en\/kupa-arkasi-makinalar\/\" class=\"read-more\">\r\n                        Detaylar<i class=\"fas fa-angle-double-right\"><\/i>                    <\/a>\r\n                            <\/div>\r\n        <\/div>\r\n                <div class=\"portfolio-item\">\r\n            <div class=\"portfolio-thumbnail\">\r\n                            <\/div>\r\n            <div class=\"portfolio-content\">\r\n                                <h5 class=\"title\">\r\n                    <a href=\"https:\/\/hydroapex.com.tr\/en\/dingil-ustu-makinalar\/\">\r\n                        Dingil \u00dcst\u00fc Makinalar                    <\/a>\r\n                <\/h5>\r\n                                    <span class=\"divider\"><\/span>\r\n                                                    <a href=\"https:\/\/hydroapex.com.tr\/en\/dingil-ustu-makinalar\/\" class=\"read-more\">\r\n                        Detaylar<i class=\"fas fa-angle-double-right\"><\/i>                    <\/a>\r\n                            <\/div>\r\n        <\/div>\r\n                            <\/div>\r\n        \t\t\t\t<\/div>\n\t\t\t\t<\/div>\n\t\t\t\t<\/div>\n\t\t\t\t\t<\/div>\n\t\t\t\t<\/div>\n\t\t\t\t<\/div>","protected":false},"excerpt":{"rendered":"<p>Dingil \u00dcst\u00fc Makinalar Detaylar Kupa Arkas\u0131 Makinalar Detaylar<\/p>","protected":false},"author":1,"featured_media":3707,"parent":0,"menu_order":0,"comment_status":"closed","ping_status":"closed","template":"","meta":{"footnotes":""},"class_list":["post-3535","page","type-page","status-publish","has-post-thumbnail","hentry"],"yoast_head":"<!-- This site is optimized with the Yoast SEO plugin v26.1.1 - https:\/\/yoast.com\/wordpress\/plugins\/seo\/ -->\n<title>Katlan\u0131r Bomlu Vin\u00e7ler | APEX Mobil Platform &amp; Vin\u00e7 Sistemleri<\/title>\n<meta name=\"description\" content=\"Katlan\u0131r bomlu vin\u00e7ler; At\u0131l\u0131m Hidrolik markas\u0131 Hydro APEX taraf\u0131ndan yap\u0131lmaktad\u0131r. Bilgi almak i\u00e7in ileti\u015fim kurunuz.\" \/>\n<meta name=\"robots\" content=\"index, follow, max-snippet:-1, max-image-preview:large, max-video-preview:-1\" \/>\n<link rel=\"canonical\" href=\"https:\/\/hydroapex.com.tr\/en\/katlanir-bomlu-vincler\/\" \/>\n<meta property=\"og:locale\" content=\"en_US\" \/>\n<meta property=\"og:type\" content=\"article\" \/>\n<meta property=\"og:title\" content=\"Katlan\u0131r Bomlu Vin\u00e7ler | APEX Mobil Platform &amp; Vin\u00e7 Sistemleri\" \/>\n<meta property=\"og:description\" content=\"Katlan\u0131r bomlu vin\u00e7ler; At\u0131l\u0131m Hidrolik markas\u0131 Hydro APEX taraf\u0131ndan yap\u0131lmaktad\u0131r. Bilgi almak i\u00e7in ileti\u015fim kurunuz.\" \/>\n<meta property=\"og:url\" content=\"https:\/\/hydroapex.com.tr\/en\/katlanir-bomlu-vincler\/\" \/>\n<meta property=\"og:site_name\" content=\"APEX Mobil Platform &amp; Vin\u00e7 Sistemleri\" \/>\n<meta property=\"article:modified_time\" content=\"2025-11-06T21:37:38+00:00\" \/>\n<meta property=\"og:image\" content=\"https:\/\/hydroapex.com.tr\/wp-content\/uploads\/2025\/10\/katlanir-bomlu-vincler-apex-kocaeli.jpg\" \/>\n\t<meta property=\"og:image:width\" content=\"1920\" \/>\n\t<meta property=\"og:image:height\" content=\"1255\" \/>\n\t<meta property=\"og:image:type\" content=\"image\/jpeg\" \/>\n<meta name=\"twitter:card\" content=\"summary_large_image\" \/>\n<meta name=\"twitter:label1\" content=\"Est. reading time\" \/>\n\t<meta name=\"twitter:data1\" content=\"1 minute\" \/>\n<script type=\"application\/ld+json\" class=\"yoast-schema-graph\">{\"@context\":\"https:\/\/schema.org\",\"@graph\":[{\"@type\":\"WebPage\",\"@id\":\"https:\/\/hydroapex.com.tr\/en\/katlanir-bomlu-vincler\/\",\"url\":\"https:\/\/hydroapex.com.tr\/en\/katlanir-bomlu-vincler\/\",\"name\":\"Katlan\u0131r Bomlu Vin\u00e7ler | APEX Mobil Platform &amp; Vin\u00e7 Sistemleri\",\"isPartOf\":{\"@id\":\"https:\/\/hydroapex.com.tr\/en\/#website\"},\"primaryImageOfPage\":{\"@id\":\"https:\/\/hydroapex.com.tr\/en\/katlanir-bomlu-vincler\/#primaryimage\"},\"image\":{\"@id\":\"https:\/\/hydroapex.com.tr\/en\/katlanir-bomlu-vincler\/#primaryimage\"},\"thumbnailUrl\":\"https:\/\/hydroapex.com.tr\/wp-content\/uploads\/2025\/10\/katlanir-bomlu-vincler-apex-kocaeli.jpg\",\"datePublished\":\"2025-10-13T13:13:29+00:00\",\"dateModified\":\"2025-11-06T21:37:38+00:00\",\"description\":\"Katlan\u0131r bomlu vin\u00e7ler; At\u0131l\u0131m Hidrolik markas\u0131 Hydro APEX taraf\u0131ndan yap\u0131lmaktad\u0131r. Bilgi almak i\u00e7in ileti\u015fim kurunuz.\",\"breadcrumb\":{\"@id\":\"https:\/\/hydroapex.com.tr\/en\/katlanir-bomlu-vincler\/#breadcrumb\"},\"inLanguage\":\"en-US\",\"potentialAction\":[{\"@type\":\"ReadAction\",\"target\":[\"https:\/\/hydroapex.com.tr\/en\/katlanir-bomlu-vincler\/\"]}]},{\"@type\":\"ImageObject\",\"inLanguage\":\"en-US\",\"@id\":\"https:\/\/hydroapex.com.tr\/en\/katlanir-bomlu-vincler\/#primaryimage\",\"url\":\"https:\/\/hydroapex.com.tr\/wp-content\/uploads\/2025\/10\/katlanir-bomlu-vincler-apex-kocaeli.jpg\",\"contentUrl\":\"https:\/\/hydroapex.com.tr\/wp-content\/uploads\/2025\/10\/katlanir-bomlu-vincler-apex-kocaeli.jpg\",\"width\":1920,\"height\":1255},{\"@type\":\"BreadcrumbList\",\"@id\":\"https:\/\/hydroapex.com.tr\/en\/katlanir-bomlu-vincler\/#breadcrumb\",\"itemListElement\":[{\"@type\":\"ListItem\",\"position\":1,\"name\":\"Anasayfa\",\"item\":\"https:\/\/hydroapex.com.tr\/\"},{\"@type\":\"ListItem\",\"position\":2,\"name\":\"Katlan\u0131r Bomlu Vin\u00e7ler\"}]},{\"@type\":\"WebSite\",\"@id\":\"https:\/\/hydroapex.com.tr\/en\/#website\",\"url\":\"https:\/\/hydroapex.com.tr\/en\/\",\"name\":\"APEX Mobil Platform &amp; Vin\u00e7 Sistemleri\",\"description\":\"\",\"publisher\":{\"@id\":\"https:\/\/hydroapex.com.tr\/en\/#organization\"},\"potentialAction\":[{\"@type\":\"SearchAction\",\"target\":{\"@type\":\"EntryPoint\",\"urlTemplate\":\"https:\/\/hydroapex.com.tr\/en\/?s={search_term_string}\"},\"query-input\":{\"@type\":\"PropertyValueSpecification\",\"valueRequired\":true,\"valueName\":\"search_term_string\"}}],\"inLanguage\":\"en-US\"},{\"@type\":\"Organization\",\"@id\":\"https:\/\/hydroapex.com.tr\/en\/#organization\",\"name\":\"APEX Mobil Platfrom & Vin\u00e7 Sistemleri\",\"url\":\"https:\/\/hydroapex.com.tr\/en\/\",\"logo\":{\"@type\":\"ImageObject\",\"inLanguage\":\"en-US\",\"@id\":\"https:\/\/hydroapex.com.tr\/en\/#\/schema\/logo\/image\/\",\"url\":\"https:\/\/hydroapex.com.tr\/wp-content\/uploads\/2025\/11\/cropped-fvvvv.png\",\"contentUrl\":\"https:\/\/hydroapex.com.tr\/wp-content\/uploads\/2025\/11\/cropped-fvvvv.png\",\"width\":512,\"height\":512,\"caption\":\"APEX Mobil Platfrom & Vin\u00e7 Sistemleri\"},\"image\":{\"@id\":\"https:\/\/hydroapex.com.tr\/en\/#\/schema\/logo\/image\/\"}}]}<\/script>\n<!-- \/ Yoast SEO plugin. -->","yoast_head_json":{"title":"Katlan\u0131r Bomlu Vin\u00e7ler | APEX Mobil Platform &amp; Vin\u00e7 Sistemleri","description":"Katlan\u0131r bomlu vin\u00e7ler; At\u0131l\u0131m Hidrolik markas\u0131 Hydro APEX taraf\u0131ndan yap\u0131lmaktad\u0131r. Bilgi almak i\u00e7in ileti\u015fim kurunuz.","robots":{"index":"index","follow":"follow","max-snippet":"max-snippet:-1","max-image-preview":"max-image-preview:large","max-video-preview":"max-video-preview:-1"},"canonical":"https:\/\/hydroapex.com.tr\/en\/katlanir-bomlu-vincler\/","og_locale":"en_US","og_type":"article","og_title":"Katlan\u0131r Bomlu Vin\u00e7ler | APEX Mobil Platform &amp; Vin\u00e7 Sistemleri","og_description":"Katlan\u0131r bomlu vin\u00e7ler; At\u0131l\u0131m Hidrolik markas\u0131 Hydro APEX taraf\u0131ndan yap\u0131lmaktad\u0131r. Bilgi almak i\u00e7in ileti\u015fim kurunuz.","og_url":"https:\/\/hydroapex.com.tr\/en\/katlanir-bomlu-vincler\/","og_site_name":"APEX Mobil Platform &amp; Vin\u00e7 Sistemleri","article_modified_time":"2025-11-06T21:37:38+00:00","og_image":[{"width":1920,"height":1255,"url":"https:\/\/hydroapex.com.tr\/wp-content\/uploads\/2025\/10\/katlanir-bomlu-vincler-apex-kocaeli.jpg","type":"image\/jpeg"}],"twitter_card":"summary_large_image","twitter_misc":{"Est. reading time":"1 minute"},"schema":{"@context":"https:\/\/schema.org","@graph":[{"@type":"WebPage","@id":"https:\/\/hydroapex.com.tr\/en\/katlanir-bomlu-vincler\/","url":"https:\/\/hydroapex.com.tr\/en\/katlanir-bomlu-vincler\/","name":"Katlan\u0131r Bomlu Vin\u00e7ler | APEX Mobil Platform &amp; Vin\u00e7 Sistemleri","isPartOf":{"@id":"https:\/\/hydroapex.com.tr\/en\/#website"},"primaryImageOfPage":{"@id":"https:\/\/hydroapex.com.tr\/en\/katlanir-bomlu-vincler\/#primaryimage"},"image":{"@id":"https:\/\/hydroapex.com.tr\/en\/katlanir-bomlu-vincler\/#primaryimage"},"thumbnailUrl":"https:\/\/hydroapex.com.tr\/wp-content\/uploads\/2025\/10\/katlanir-bomlu-vincler-apex-kocaeli.jpg","datePublished":"2025-10-13T13:13:29+00:00","dateModified":"2025-11-06T21:37:38+00:00","description":"Katlan\u0131r bomlu vin\u00e7ler; At\u0131l\u0131m Hidrolik markas\u0131 Hydro APEX taraf\u0131ndan yap\u0131lmaktad\u0131r. Bilgi almak i\u00e7in ileti\u015fim kurunuz.","breadcrumb":{"@id":"https:\/\/hydroapex.com.tr\/en\/katlanir-bomlu-vincler\/#breadcrumb"},"inLanguage":"en-US","potentialAction":[{"@type":"ReadAction","target":["https:\/\/hydroapex.com.tr\/en\/katlanir-bomlu-vincler\/"]}]},{"@type":"ImageObject","inLanguage":"en-US","@id":"https:\/\/hydroapex.com.tr\/en\/katlanir-bomlu-vincler\/#primaryimage","url":"https:\/\/hydroapex.com.tr\/wp-content\/uploads\/2025\/10\/katlanir-bomlu-vincler-apex-kocaeli.jpg","contentUrl":"https:\/\/hydroapex.com.tr\/wp-content\/uploads\/2025\/10\/katlanir-bomlu-vincler-apex-kocaeli.jpg","width":1920,"height":1255},{"@type":"BreadcrumbList","@id":"https:\/\/hydroapex.com.tr\/en\/katlanir-bomlu-vincler\/#breadcrumb","itemListElement":[{"@type":"ListItem","position":1,"name":"Anasayfa","item":"https:\/\/hydroapex.com.tr\/"},{"@type":"ListItem","position":2,"name":"Katlan\u0131r Bomlu Vin\u00e7ler"}]},{"@type":"WebSite","@id":"https:\/\/hydroapex.com.tr\/en\/#website","url":"https:\/\/hydroapex.com.tr\/en\/","name":"APEX Mobil Platform &amp; Vin\u00e7 Sistemleri","description":"","publisher":{"@id":"https:\/\/hydroapex.com.tr\/en\/#organization"},"potentialAction":[{"@type":"SearchAction","target":{"@type":"EntryPoint","urlTemplate":"https:\/\/hydroapex.com.tr\/en\/?s={search_term_string}"},"query-input":{"@type":"PropertyValueSpecification","valueRequired":true,"valueName":"search_term_string"}}],"inLanguage":"en-US"},{"@type":"Organization","@id":"https:\/\/hydroapex.com.tr\/en\/#organization","name":"APEX Mobil Platfrom & Vin\u00e7 Sistemleri","url":"https:\/\/hydroapex.com.tr\/en\/","logo":{"@type":"ImageObject","inLanguage":"en-US","@id":"https:\/\/hydroapex.com.tr\/en\/#\/schema\/logo\/image\/","url":"https:\/\/hydroapex.com.tr\/wp-content\/uploads\/2025\/11\/cropped-fvvvv.png","contentUrl":"https:\/\/hydroapex.com.tr\/wp-content\/uploads\/2025\/11\/cropped-fvvvv.png","width":512,"height":512,"caption":"APEX Mobil Platfrom & Vin\u00e7 Sistemleri"},"image":{"@id":"https:\/\/hydroapex.com.tr\/en\/#\/schema\/logo\/image\/"}}]}},"_links":{"self":[{"href":"https:\/\/hydroapex.com.tr\/en\/wp-json\/wp\/v2\/pages\/3535","targetHints":{"allow":["GET"]}}],"collection":[{"href":"https:\/\/hydroapex.com.tr\/en\/wp-json\/wp\/v2\/pages"}],"about":[{"href":"https:\/\/hydroapex.com.tr\/en\/wp-json\/wp\/v2\/types\/page"}],"author":[{"embeddable":true,"href":"https:\/\/hydroapex.com.tr\/en\/wp-json\/wp\/v2\/users\/1"}],"replies":[{"embeddable":true,"href":"https:\/\/hydroapex.com.tr\/en\/wp-json\/wp\/v2\/comments?post=3535"}],"version-history":[{"count":22,"href":"https:\/\/hydroapex.com.tr\/en\/wp-json\/wp\/v2\/pages\/3535\/revisions"}],"predecessor-version":[{"id":4933,"href":"https:\/\/hydroapex.com.tr\/en\/wp-json\/wp\/v2\/pages\/3535\/revisions\/4933"}],"wp:featuredmedia":[{"embeddable":true,"href":"https:\/\/hydroapex.com.tr\/en\/wp-json\/wp\/v2\/media\/3707"}],"wp:attachment":[{"href":"https:\/\/hydroapex.com.tr\/en\/wp-json\/wp\/v2\/media?parent=3535"}],"curies":[{"name":"wp","href":"https:\/\/api.w.org\/{rel}","templated":true}]}}