{"id":3540,"date":"2025-10-13T13:14:20","date_gmt":"2025-10-13T13:14:20","guid":{"rendered":"https:\/\/hydroapex.com.tr\/?page_id=3540"},"modified":"2025-11-24T20:47:17","modified_gmt":"2025-11-24T20:47:17","slug":"tam-katlanir-vincler","status":"publish","type":"page","link":"https:\/\/hydroapex.com.tr\/en\/tam-katlanir-vincler\/","title":{"rendered":"Fully Folding Cranes"},"content":{"rendered":"<div data-elementor-type=\"wp-page\" data-elementor-id=\"3540\" class=\"elementor elementor-3540\">\n\t\t\t\t<div class=\"elementor-element elementor-element-423b9b29 e-flex e-con-boxed e-con e-parent\" data-id=\"423b9b29\" data-element_type=\"container\">\n\t\t\t\t\t<div class=\"e-con-inner\">\n\t\t<div class=\"elementor-element elementor-element-22d0a475 e-con-full e-flex e-con e-child\" data-id=\"22d0a475\" data-element_type=\"container\" data-settings=\"{&quot;animation&quot;:&quot;none&quot;}\">\n\t\t\t\t<div class=\"elementor-element elementor-element-7c88dd2 elementor-widget elementor-widget-limestone-section-title\" data-id=\"7c88dd2\" data-element_type=\"widget\" data-widget_type=\"limestone-section-title.default\">\n\t\t\t\t<div class=\"elementor-widget-container\">\n\t\t\t\t\t\t\t<div class=\"limestone-section-title\">\r\n\t\t\t\t\t\t\t\t<\/div>\r\n\t\t\t\t\t\t<\/div>\n\t\t\t\t<\/div>\n\t\t\t\t<div class=\"elementor-element elementor-element-2898f05c elementor-widget elementor-widget-limestone-portfolio\" data-id=\"2898f05c\" data-element_type=\"widget\" data-widget_type=\"limestone-portfolio.default\">\n\t\t\t\t<div class=\"elementor-widget-container\">\n\t\t\t\t\t        <div class=\"limestone-portfolio-items design-one\">\r\n                                    <div class=\"portfolio-item\">\r\n            <div class=\"portfolio-thumbnail\">\r\n                            <\/div>\r\n            <div class=\"portfolio-content\">\r\n                                <h5 class=\"title\">\r\n                    <a href=\"https:\/\/hydroapex.com.tr\/en\/kayar-kasali-gozluklu-vincler\/\">\r\n                        Kayar Kasal\u0131 G\u00f6zl\u00fckl\u00fc Vin\u00e7ler                    <\/a>\r\n                <\/h5>\r\n                                    <span class=\"divider\"><\/span>\r\n                                                    <a href=\"https:\/\/hydroapex.com.tr\/en\/kayar-kasali-gozluklu-vincler\/\" class=\"read-more\">\r\n                        Detaylar<i class=\"fas fa-angle-double-right\"><\/i>                    <\/a>\r\n                            <\/div>\r\n        <\/div>\r\n                <div class=\"portfolio-item\">\r\n            <div class=\"portfolio-thumbnail\">\r\n                            <\/div>\r\n            <div class=\"portfolio-content\">\r\n                                <h5 class=\"title\">\r\n                    <a href=\"https:\/\/hydroapex.com.tr\/en\/sabit-kasali-vincler\/\">\r\n                        Sabit Kasal\u0131 Vin\u00e7ler                    <\/a>\r\n                <\/h5>\r\n                                    <span class=\"divider\"><\/span>\r\n                                                    <a href=\"https:\/\/hydroapex.com.tr\/en\/sabit-kasali-vincler\/\" class=\"read-more\">\r\n                        Detaylar<i class=\"fas fa-angle-double-right\"><\/i>                    <\/a>\r\n                            <\/div>\r\n        <\/div>\r\n                <div class=\"portfolio-item\">\r\n            <div class=\"portfolio-thumbnail\">\r\n                            <\/div>\r\n            <div class=\"portfolio-content\">\r\n                                <h5 class=\"title\">\r\n                    <a href=\"https:\/\/hydroapex.com.tr\/en\/kayar-kasali-vincler\/\">\r\n                        Kayar Kasal\u0131 Vin\u00e7ler                    <\/a>\r\n                <\/h5>\r\n                                    <span class=\"divider\"><\/span>\r\n                                                    <a href=\"https:\/\/hydroapex.com.tr\/en\/kayar-kasali-vincler\/\" class=\"read-more\">\r\n                        Detaylar<i class=\"fas fa-angle-double-right\"><\/i>                    <\/a>\r\n                            <\/div>\r\n        <\/div>\r\n                <div class=\"portfolio-item\">\r\n            <div class=\"portfolio-thumbnail\">\r\n                            <\/div>\r\n            <div class=\"portfolio-content\">\r\n                                <h5 class=\"title\">\r\n                    <a href=\"https:\/\/hydroapex.com.tr\/en\/damper-kasali-vincler\/\">\r\n                        Damper Kasal\u0131 Vin\u00e7ler                    <\/a>\r\n                <\/h5>\r\n                                    <span class=\"divider\"><\/span>\r\n                                                    <a href=\"https:\/\/hydroapex.com.tr\/en\/damper-kasali-vincler\/\" class=\"read-more\">\r\n                        Detaylar<i class=\"fas fa-angle-double-right\"><\/i>                    <\/a>\r\n                            <\/div>\r\n        <\/div>\r\n                            <\/div>\r\n        \t\t\t\t<\/div>\n\t\t\t\t<\/div>\n\t\t\t\t<\/div>\n\t\t\t\t\t<\/div>\n\t\t\t\t<\/div>\n\t\t\t\t<\/div>","protected":false},"excerpt":{"rendered":"<p>Kayar Kasal\u0131 G\u00f6zl\u00fckl\u00fc Vin\u00e7ler Detaylar Sabit Kasal\u0131 Vin\u00e7ler Detaylar Kayar Kasal\u0131 Vin\u00e7ler Detaylar<\/p>","protected":false},"author":1,"featured_media":0,"parent":0,"menu_order":0,"comment_status":"closed","ping_status":"closed","template":"","meta":{"footnotes":""},"class_list":["post-3540","page","type-page","status-publish","hentry"],"yoast_head":"<!-- This site is optimized with the Yoast SEO plugin v26.1.1 - https:\/\/yoast.com\/wordpress\/plugins\/seo\/ -->\n<title>Tam Katlan\u0131r Vin\u00e7ler | APEX Mobil Platform &amp; Vin\u00e7 Sistemleri<\/title>\n<meta name=\"description\" content=\"Tam katlan\u0131r vin\u00e7lerin \u00fcretimi At\u0131l\u0131m Hidrolik markas\u0131 Hydro APEX taraf\u0131ndan yap\u0131lmaktad\u0131r. Bilgi almak i\u00e7in ileti\u015fim kurunuz.\" \/>\n<meta name=\"robots\" content=\"index, follow, max-snippet:-1, max-image-preview:large, max-video-preview:-1\" \/>\n<link rel=\"canonical\" href=\"https:\/\/hydroapex.com.tr\/en\/tam-katlanir-vincler\/\" \/>\n<meta property=\"og:locale\" content=\"en_US\" \/>\n<meta property=\"og:type\" content=\"article\" \/>\n<meta property=\"og:title\" content=\"Tam Katlan\u0131r Vin\u00e7ler | APEX Mobil Platform &amp; Vin\u00e7 Sistemleri\" \/>\n<meta property=\"og:description\" content=\"Tam katlan\u0131r vin\u00e7lerin \u00fcretimi At\u0131l\u0131m Hidrolik markas\u0131 Hydro APEX taraf\u0131ndan yap\u0131lmaktad\u0131r. Bilgi almak i\u00e7in ileti\u015fim kurunuz.\" \/>\n<meta property=\"og:url\" content=\"https:\/\/hydroapex.com.tr\/en\/tam-katlanir-vincler\/\" \/>\n<meta property=\"og:site_name\" content=\"APEX Mobil Platform &amp; Vin\u00e7 Sistemleri\" \/>\n<meta property=\"article:modified_time\" content=\"2025-11-24T20:47:17+00:00\" \/>\n<meta property=\"og:image\" content=\"https:\/\/hydroapex.com.tr\/wp-content\/uploads\/2025\/11\/cropped-fvvvv.png\" \/>\n\t<meta property=\"og:image:width\" content=\"512\" \/>\n\t<meta property=\"og:image:height\" content=\"512\" \/>\n\t<meta property=\"og:image:type\" content=\"image\/png\" \/>\n<meta name=\"twitter:card\" content=\"summary_large_image\" \/>\n<meta name=\"twitter:label1\" content=\"Est. reading time\" \/>\n\t<meta name=\"twitter:data1\" content=\"1 minute\" \/>\n<script type=\"application\/ld+json\" class=\"yoast-schema-graph\">{\"@context\":\"https:\/\/schema.org\",\"@graph\":[{\"@type\":\"WebPage\",\"@id\":\"https:\/\/hydroapex.com.tr\/en\/tam-katlanir-vincler\/\",\"url\":\"https:\/\/hydroapex.com.tr\/en\/tam-katlanir-vincler\/\",\"name\":\"Tam Katlan\u0131r Vin\u00e7ler | APEX Mobil Platform &amp; Vin\u00e7 Sistemleri\",\"isPartOf\":{\"@id\":\"https:\/\/hydroapex.com.tr\/en\/#website\"},\"datePublished\":\"2025-10-13T13:14:20+00:00\",\"dateModified\":\"2025-11-24T20:47:17+00:00\",\"description\":\"Tam katlan\u0131r vin\u00e7lerin \u00fcretimi At\u0131l\u0131m Hidrolik markas\u0131 Hydro APEX taraf\u0131ndan yap\u0131lmaktad\u0131r. Bilgi almak i\u00e7in ileti\u015fim kurunuz.\",\"breadcrumb\":{\"@id\":\"https:\/\/hydroapex.com.tr\/en\/tam-katlanir-vincler\/#breadcrumb\"},\"inLanguage\":\"en-US\",\"potentialAction\":[{\"@type\":\"ReadAction\",\"target\":[\"https:\/\/hydroapex.com.tr\/en\/tam-katlanir-vincler\/\"]}]},{\"@type\":\"BreadcrumbList\",\"@id\":\"https:\/\/hydroapex.com.tr\/en\/tam-katlanir-vincler\/#breadcrumb\",\"itemListElement\":[{\"@type\":\"ListItem\",\"position\":1,\"name\":\"Anasayfa\",\"item\":\"https:\/\/hydroapex.com.tr\/\"},{\"@type\":\"ListItem\",\"position\":2,\"name\":\"Tam Katlan\u0131r Vin\u00e7ler\"}]},{\"@type\":\"WebSite\",\"@id\":\"https:\/\/hydroapex.com.tr\/en\/#website\",\"url\":\"https:\/\/hydroapex.com.tr\/en\/\",\"name\":\"APEX Mobil Platform &amp; Vin\u00e7 Sistemleri\",\"description\":\"\",\"publisher\":{\"@id\":\"https:\/\/hydroapex.com.tr\/en\/#organization\"},\"potentialAction\":[{\"@type\":\"SearchAction\",\"target\":{\"@type\":\"EntryPoint\",\"urlTemplate\":\"https:\/\/hydroapex.com.tr\/en\/?s={search_term_string}\"},\"query-input\":{\"@type\":\"PropertyValueSpecification\",\"valueRequired\":true,\"valueName\":\"search_term_string\"}}],\"inLanguage\":\"en-US\"},{\"@type\":\"Organization\",\"@id\":\"https:\/\/hydroapex.com.tr\/en\/#organization\",\"name\":\"APEX Mobil Platfrom & Vin\u00e7 Sistemleri\",\"url\":\"https:\/\/hydroapex.com.tr\/en\/\",\"logo\":{\"@type\":\"ImageObject\",\"inLanguage\":\"en-US\",\"@id\":\"https:\/\/hydroapex.com.tr\/en\/#\/schema\/logo\/image\/\",\"url\":\"https:\/\/hydroapex.com.tr\/wp-content\/uploads\/2025\/11\/cropped-fvvvv.png\",\"contentUrl\":\"https:\/\/hydroapex.com.tr\/wp-content\/uploads\/2025\/11\/cropped-fvvvv.png\",\"width\":512,\"height\":512,\"caption\":\"APEX Mobil Platfrom & Vin\u00e7 Sistemleri\"},\"image\":{\"@id\":\"https:\/\/hydroapex.com.tr\/en\/#\/schema\/logo\/image\/\"}}]}<\/script>\n<!-- \/ Yoast SEO plugin. -->","yoast_head_json":{"title":"Tam Katlan\u0131r Vin\u00e7ler | APEX Mobil Platform &amp; Vin\u00e7 Sistemleri","description":"Tam katlan\u0131r vin\u00e7lerin \u00fcretimi At\u0131l\u0131m Hidrolik markas\u0131 Hydro APEX taraf\u0131ndan yap\u0131lmaktad\u0131r. Bilgi almak i\u00e7in ileti\u015fim kurunuz.","robots":{"index":"index","follow":"follow","max-snippet":"max-snippet:-1","max-image-preview":"max-image-preview:large","max-video-preview":"max-video-preview:-1"},"canonical":"https:\/\/hydroapex.com.tr\/en\/tam-katlanir-vincler\/","og_locale":"en_US","og_type":"article","og_title":"Tam Katlan\u0131r Vin\u00e7ler | APEX Mobil Platform &amp; Vin\u00e7 Sistemleri","og_description":"Tam katlan\u0131r vin\u00e7lerin \u00fcretimi At\u0131l\u0131m Hidrolik markas\u0131 Hydro APEX taraf\u0131ndan yap\u0131lmaktad\u0131r. Bilgi almak i\u00e7in ileti\u015fim kurunuz.","og_url":"https:\/\/hydroapex.com.tr\/en\/tam-katlanir-vincler\/","og_site_name":"APEX Mobil Platform &amp; Vin\u00e7 Sistemleri","article_modified_time":"2025-11-24T20:47:17+00:00","og_image":[{"width":512,"height":512,"url":"https:\/\/hydroapex.com.tr\/wp-content\/uploads\/2025\/11\/cropped-fvvvv.png","type":"image\/png"}],"twitter_card":"summary_large_image","twitter_misc":{"Est. reading time":"1 minute"},"schema":{"@context":"https:\/\/schema.org","@graph":[{"@type":"WebPage","@id":"https:\/\/hydroapex.com.tr\/en\/tam-katlanir-vincler\/","url":"https:\/\/hydroapex.com.tr\/en\/tam-katlanir-vincler\/","name":"Tam Katlan\u0131r Vin\u00e7ler | APEX Mobil Platform &amp; Vin\u00e7 Sistemleri","isPartOf":{"@id":"https:\/\/hydroapex.com.tr\/en\/#website"},"datePublished":"2025-10-13T13:14:20+00:00","dateModified":"2025-11-24T20:47:17+00:00","description":"Tam katlan\u0131r vin\u00e7lerin \u00fcretimi At\u0131l\u0131m Hidrolik markas\u0131 Hydro APEX taraf\u0131ndan yap\u0131lmaktad\u0131r. Bilgi almak i\u00e7in ileti\u015fim kurunuz.","breadcrumb":{"@id":"https:\/\/hydroapex.com.tr\/en\/tam-katlanir-vincler\/#breadcrumb"},"inLanguage":"en-US","potentialAction":[{"@type":"ReadAction","target":["https:\/\/hydroapex.com.tr\/en\/tam-katlanir-vincler\/"]}]},{"@type":"BreadcrumbList","@id":"https:\/\/hydroapex.com.tr\/en\/tam-katlanir-vincler\/#breadcrumb","itemListElement":[{"@type":"ListItem","position":1,"name":"Anasayfa","item":"https:\/\/hydroapex.com.tr\/"},{"@type":"ListItem","position":2,"name":"Tam Katlan\u0131r Vin\u00e7ler"}]},{"@type":"WebSite","@id":"https:\/\/hydroapex.com.tr\/en\/#website","url":"https:\/\/hydroapex.com.tr\/en\/","name":"APEX Mobil Platform &amp; Vin\u00e7 Sistemleri","description":"","publisher":{"@id":"https:\/\/hydroapex.com.tr\/en\/#organization"},"potentialAction":[{"@type":"SearchAction","target":{"@type":"EntryPoint","urlTemplate":"https:\/\/hydroapex.com.tr\/en\/?s={search_term_string}"},"query-input":{"@type":"PropertyValueSpecification","valueRequired":true,"valueName":"search_term_string"}}],"inLanguage":"en-US"},{"@type":"Organization","@id":"https:\/\/hydroapex.com.tr\/en\/#organization","name":"APEX Mobil Platfrom & Vin\u00e7 Sistemleri","url":"https:\/\/hydroapex.com.tr\/en\/","logo":{"@type":"ImageObject","inLanguage":"en-US","@id":"https:\/\/hydroapex.com.tr\/en\/#\/schema\/logo\/image\/","url":"https:\/\/hydroapex.com.tr\/wp-content\/uploads\/2025\/11\/cropped-fvvvv.png","contentUrl":"https:\/\/hydroapex.com.tr\/wp-content\/uploads\/2025\/11\/cropped-fvvvv.png","width":512,"height":512,"caption":"APEX Mobil Platfrom & Vin\u00e7 Sistemleri"},"image":{"@id":"https:\/\/hydroapex.com.tr\/en\/#\/schema\/logo\/image\/"}}]}},"_links":{"self":[{"href":"https:\/\/hydroapex.com.tr\/en\/wp-json\/wp\/v2\/pages\/3540","targetHints":{"allow":["GET"]}}],"collection":[{"href":"https:\/\/hydroapex.com.tr\/en\/wp-json\/wp\/v2\/pages"}],"about":[{"href":"https:\/\/hydroapex.com.tr\/en\/wp-json\/wp\/v2\/types\/page"}],"author":[{"embeddable":true,"href":"https:\/\/hydroapex.com.tr\/en\/wp-json\/wp\/v2\/users\/1"}],"replies":[{"embeddable":true,"href":"https:\/\/hydroapex.com.tr\/en\/wp-json\/wp\/v2\/comments?post=3540"}],"version-history":[{"count":19,"href":"https:\/\/hydroapex.com.tr\/en\/wp-json\/wp\/v2\/pages\/3540\/revisions"}],"predecessor-version":[{"id":6038,"href":"https:\/\/hydroapex.com.tr\/en\/wp-json\/wp\/v2\/pages\/3540\/revisions\/6038"}],"wp:attachment":[{"href":"https:\/\/hydroapex.com.tr\/en\/wp-json\/wp\/v2\/media?parent=3540"}],"curies":[{"name":"wp","href":"https:\/\/api.w.org\/{rel}","templated":true}]}}