{"id":3555,"date":"2025-10-13T13:17:15","date_gmt":"2025-10-13T13:17:15","guid":{"rendered":"https:\/\/hydroapex.com.tr\/?page_id=3555"},"modified":"2025-11-24T20:57:10","modified_gmt":"2025-11-24T20:57:10","slug":"arac-kurtarici-vincler","status":"publish","type":"page","link":"https:\/\/hydroapex.com.tr\/en\/arac-kurtarici-vincler\/","title":{"rendered":"Vehicle Recovery Cranes"},"content":{"rendered":"<div data-elementor-type=\"wp-page\" data-elementor-id=\"3555\" class=\"elementor elementor-3555\">\n\t\t\t\t<div class=\"elementor-element elementor-element-9acb045 e-flex e-con-boxed e-con e-parent\" data-id=\"9acb045\" data-element_type=\"container\">\n\t\t\t\t\t<div class=\"e-con-inner\">\n\t\t<div class=\"elementor-element elementor-element-09f80ab e-con-full e-flex elementor-invisible e-con e-child\" data-id=\"09f80ab\" data-element_type=\"container\" data-settings=\"{&quot;animation&quot;:&quot;fadeInUp&quot;}\">\n\t\t\t\t<div class=\"elementor-element elementor-element-3931eaa elementor-widget elementor-widget-image\" data-id=\"3931eaa\" data-element_type=\"widget\" data-widget_type=\"image.default\">\n\t\t\t\t\t\t\t\t\t\t\t\t\t\t\t<img fetchpriority=\"high\" decoding=\"async\" width=\"814\" height=\"246\" src=\"https:\/\/hydroapex.com.tr\/wp-content\/uploads\/2025\/11\/guncelleniyor.gif\" class=\"attachment-full size-full wp-image-6039\" alt=\"\" \/>\t\t\t\t\t\t\t\t\t\t\t\t\t\t\t<\/div>\n\t\t<div class=\"elementor-element elementor-element-ee05f59 e-grid e-con-full e-con e-child\" data-id=\"ee05f59\" data-element_type=\"container\">\n\t\t\t\t<div class=\"elementor-element elementor-element-de45483 elementor-widget elementor-widget-heading\" data-id=\"de45483\" data-element_type=\"widget\" data-widget_type=\"heading.default\">\n\t\t\t\t\t<h3 class=\"elementor-heading-title elementor-size-default\">Vehicle Recovery Cranes\n<\/h3>\t\t\t\t<\/div>\n\t\t\t\t<div class=\"elementor-element elementor-element-84a1e36 elementor-position-right elementor-view-default elementor-mobile-position-top elementor-widget elementor-widget-icon-box\" data-id=\"84a1e36\" data-element_type=\"widget\" data-widget_type=\"icon-box.default\">\n\t\t\t\t\t\t\t<div class=\"elementor-icon-box-wrapper\">\n\n\t\t\t\t\t\t<div class=\"elementor-icon-box-icon\">\n\t\t\t\t<span  class=\"elementor-icon\">\n\t\t\t\t<i aria-hidden=\"true\" class=\"fas fa-angle-double-left\"><\/i>\t\t\t\t<\/span>\n\t\t\t<\/div>\n\t\t\t\n\t\t\t\t\t\t<div class=\"elementor-icon-box-content\">\n\n\t\t\t\t\t\t\t\t\t<h3 class=\"elementor-icon-box-title\">\n\t\t\t\t\t\t<span  >\n\t\t\t\t\t\t\tGER\u0130\t\t\t\t\t\t<\/span>\n\t\t\t\t\t<\/h3>\n\t\t\t\t\n\t\t\t\t\n\t\t\t<\/div>\n\t\t\t\n\t\t<\/div>\n\t\t\t\t\t\t<\/div>\n\t\t\t\t<\/div>\n\t\t\t\t<\/div>\n\t\t\t\t\t<\/div>\n\t\t\t\t<\/div>\n\t\t\t\t<\/div>","protected":false},"excerpt":{"rendered":"<p>Ara\u00e7 Kurtar\u0131c\u0131 Vin\u00e7ler GER\u0130<\/p>","protected":false},"author":1,"featured_media":3766,"parent":0,"menu_order":0,"comment_status":"closed","ping_status":"closed","template":"","meta":{"footnotes":""},"class_list":["post-3555","page","type-page","status-publish","has-post-thumbnail","hentry"],"yoast_head":"<!-- This site is optimized with the Yoast SEO plugin v26.1.1 - https:\/\/yoast.com\/wordpress\/plugins\/seo\/ -->\n<title>Ara\u00e7 Kurtar\u0131c\u0131 Vin\u00e7ler | APEX Mobil Platform &amp; Vin\u00e7 Sistemleri<\/title>\n<meta name=\"description\" content=\"Ara\u00e7 kurtar\u0131c\u0131 vin\u00e7ler; Apex Mobil Vin\u00e7 ve Sepetli Platform \u00dcretimi 20 Y\u0131l\u0131 A\u015fk\u0131n Tecr\u00fcbe, Kalite Odakl\u0131 \u00dcretim Anlay\u0131\u015f\u0131, Sekt\u00f6r\u00fcnde Lider Marka\" \/>\n<meta name=\"robots\" content=\"index, follow, max-snippet:-1, max-image-preview:large, max-video-preview:-1\" \/>\n<link rel=\"canonical\" href=\"https:\/\/hydroapex.com.tr\/en\/arac-kurtarici-vincler\/\" \/>\n<meta property=\"og:locale\" content=\"en_US\" \/>\n<meta property=\"og:type\" content=\"article\" \/>\n<meta property=\"og:title\" content=\"Ara\u00e7 Kurtar\u0131c\u0131 Vin\u00e7ler | APEX Mobil Platform &amp; Vin\u00e7 Sistemleri\" \/>\n<meta property=\"og:description\" content=\"Ara\u00e7 kurtar\u0131c\u0131 vin\u00e7ler; Apex Mobil Vin\u00e7 ve Sepetli Platform \u00dcretimi 20 Y\u0131l\u0131 A\u015fk\u0131n Tecr\u00fcbe, Kalite Odakl\u0131 \u00dcretim Anlay\u0131\u015f\u0131, Sekt\u00f6r\u00fcnde Lider Marka\" \/>\n<meta property=\"og:url\" content=\"https:\/\/hydroapex.com.tr\/en\/arac-kurtarici-vincler\/\" \/>\n<meta property=\"og:site_name\" content=\"APEX Mobil Platform &amp; Vin\u00e7 Sistemleri\" \/>\n<meta property=\"article:modified_time\" content=\"2025-11-24T20:57:10+00:00\" \/>\n<meta property=\"og:image\" content=\"https:\/\/hydroapex.com.tr\/wp-content\/uploads\/2025\/10\/arac-kurtarici-vincler.jpg\" \/>\n\t<meta property=\"og:image:width\" content=\"800\" \/>\n\t<meta property=\"og:image:height\" content=\"502\" \/>\n\t<meta property=\"og:image:type\" content=\"image\/jpeg\" \/>\n<meta name=\"twitter:card\" content=\"summary_large_image\" \/>\n<meta name=\"twitter:label1\" content=\"Est. reading time\" \/>\n\t<meta name=\"twitter:data1\" content=\"1 minute\" \/>\n<script type=\"application\/ld+json\" class=\"yoast-schema-graph\">{\"@context\":\"https:\/\/schema.org\",\"@graph\":[{\"@type\":\"WebPage\",\"@id\":\"https:\/\/hydroapex.com.tr\/en\/arac-kurtarici-vincler\/\",\"url\":\"https:\/\/hydroapex.com.tr\/en\/arac-kurtarici-vincler\/\",\"name\":\"Ara\u00e7 Kurtar\u0131c\u0131 Vin\u00e7ler | APEX Mobil Platform &amp; Vin\u00e7 Sistemleri\",\"isPartOf\":{\"@id\":\"https:\/\/hydroapex.com.tr\/en\/#website\"},\"primaryImageOfPage\":{\"@id\":\"https:\/\/hydroapex.com.tr\/en\/arac-kurtarici-vincler\/#primaryimage\"},\"image\":{\"@id\":\"https:\/\/hydroapex.com.tr\/en\/arac-kurtarici-vincler\/#primaryimage\"},\"thumbnailUrl\":\"https:\/\/hydroapex.com.tr\/wp-content\/uploads\/2025\/10\/arac-kurtarici-vincler.jpg\",\"datePublished\":\"2025-10-13T13:17:15+00:00\",\"dateModified\":\"2025-11-24T20:57:10+00:00\",\"description\":\"Ara\u00e7 kurtar\u0131c\u0131 vin\u00e7ler; Apex Mobil Vin\u00e7 ve Sepetli Platform \u00dcretimi 20 Y\u0131l\u0131 A\u015fk\u0131n Tecr\u00fcbe, Kalite Odakl\u0131 \u00dcretim Anlay\u0131\u015f\u0131, Sekt\u00f6r\u00fcnde Lider Marka\",\"breadcrumb\":{\"@id\":\"https:\/\/hydroapex.com.tr\/en\/arac-kurtarici-vincler\/#breadcrumb\"},\"inLanguage\":\"en-US\",\"potentialAction\":[{\"@type\":\"ReadAction\",\"target\":[\"https:\/\/hydroapex.com.tr\/en\/arac-kurtarici-vincler\/\"]}]},{\"@type\":\"ImageObject\",\"inLanguage\":\"en-US\",\"@id\":\"https:\/\/hydroapex.com.tr\/en\/arac-kurtarici-vincler\/#primaryimage\",\"url\":\"https:\/\/hydroapex.com.tr\/wp-content\/uploads\/2025\/10\/arac-kurtarici-vincler.jpg\",\"contentUrl\":\"https:\/\/hydroapex.com.tr\/wp-content\/uploads\/2025\/10\/arac-kurtarici-vincler.jpg\",\"width\":800,\"height\":502},{\"@type\":\"BreadcrumbList\",\"@id\":\"https:\/\/hydroapex.com.tr\/en\/arac-kurtarici-vincler\/#breadcrumb\",\"itemListElement\":[{\"@type\":\"ListItem\",\"position\":1,\"name\":\"Anasayfa\",\"item\":\"https:\/\/hydroapex.com.tr\/\"},{\"@type\":\"ListItem\",\"position\":2,\"name\":\"Ara\u00e7 Kurtar\u0131c\u0131 Vin\u00e7ler\"}]},{\"@type\":\"WebSite\",\"@id\":\"https:\/\/hydroapex.com.tr\/en\/#website\",\"url\":\"https:\/\/hydroapex.com.tr\/en\/\",\"name\":\"APEX Mobil Platform &amp; Vin\u00e7 Sistemleri\",\"description\":\"\",\"publisher\":{\"@id\":\"https:\/\/hydroapex.com.tr\/en\/#organization\"},\"potentialAction\":[{\"@type\":\"SearchAction\",\"target\":{\"@type\":\"EntryPoint\",\"urlTemplate\":\"https:\/\/hydroapex.com.tr\/en\/?s={search_term_string}\"},\"query-input\":{\"@type\":\"PropertyValueSpecification\",\"valueRequired\":true,\"valueName\":\"search_term_string\"}}],\"inLanguage\":\"en-US\"},{\"@type\":\"Organization\",\"@id\":\"https:\/\/hydroapex.com.tr\/en\/#organization\",\"name\":\"APEX Mobil Platfrom & Vin\u00e7 Sistemleri\",\"url\":\"https:\/\/hydroapex.com.tr\/en\/\",\"logo\":{\"@type\":\"ImageObject\",\"inLanguage\":\"en-US\",\"@id\":\"https:\/\/hydroapex.com.tr\/en\/#\/schema\/logo\/image\/\",\"url\":\"https:\/\/hydroapex.com.tr\/wp-content\/uploads\/2025\/11\/cropped-fvvvv.png\",\"contentUrl\":\"https:\/\/hydroapex.com.tr\/wp-content\/uploads\/2025\/11\/cropped-fvvvv.png\",\"width\":512,\"height\":512,\"caption\":\"APEX Mobil Platfrom & Vin\u00e7 Sistemleri\"},\"image\":{\"@id\":\"https:\/\/hydroapex.com.tr\/en\/#\/schema\/logo\/image\/\"}}]}<\/script>\n<!-- \/ Yoast SEO plugin. -->","yoast_head_json":{"title":"Ara\u00e7 Kurtar\u0131c\u0131 Vin\u00e7ler | APEX Mobil Platform &amp; Vin\u00e7 Sistemleri","description":"Ara\u00e7 kurtar\u0131c\u0131 vin\u00e7ler; Apex Mobil Vin\u00e7 ve Sepetli Platform \u00dcretimi 20 Y\u0131l\u0131 A\u015fk\u0131n Tecr\u00fcbe, Kalite Odakl\u0131 \u00dcretim Anlay\u0131\u015f\u0131, Sekt\u00f6r\u00fcnde Lider Marka","robots":{"index":"index","follow":"follow","max-snippet":"max-snippet:-1","max-image-preview":"max-image-preview:large","max-video-preview":"max-video-preview:-1"},"canonical":"https:\/\/hydroapex.com.tr\/en\/arac-kurtarici-vincler\/","og_locale":"en_US","og_type":"article","og_title":"Ara\u00e7 Kurtar\u0131c\u0131 Vin\u00e7ler | APEX Mobil Platform &amp; Vin\u00e7 Sistemleri","og_description":"Ara\u00e7 kurtar\u0131c\u0131 vin\u00e7ler; Apex Mobil Vin\u00e7 ve Sepetli Platform \u00dcretimi 20 Y\u0131l\u0131 A\u015fk\u0131n Tecr\u00fcbe, Kalite Odakl\u0131 \u00dcretim Anlay\u0131\u015f\u0131, Sekt\u00f6r\u00fcnde Lider Marka","og_url":"https:\/\/hydroapex.com.tr\/en\/arac-kurtarici-vincler\/","og_site_name":"APEX Mobil Platform &amp; Vin\u00e7 Sistemleri","article_modified_time":"2025-11-24T20:57:10+00:00","og_image":[{"width":800,"height":502,"url":"https:\/\/hydroapex.com.tr\/wp-content\/uploads\/2025\/10\/arac-kurtarici-vincler.jpg","type":"image\/jpeg"}],"twitter_card":"summary_large_image","twitter_misc":{"Est. reading time":"1 minute"},"schema":{"@context":"https:\/\/schema.org","@graph":[{"@type":"WebPage","@id":"https:\/\/hydroapex.com.tr\/en\/arac-kurtarici-vincler\/","url":"https:\/\/hydroapex.com.tr\/en\/arac-kurtarici-vincler\/","name":"Ara\u00e7 Kurtar\u0131c\u0131 Vin\u00e7ler | APEX Mobil Platform &amp; Vin\u00e7 Sistemleri","isPartOf":{"@id":"https:\/\/hydroapex.com.tr\/en\/#website"},"primaryImageOfPage":{"@id":"https:\/\/hydroapex.com.tr\/en\/arac-kurtarici-vincler\/#primaryimage"},"image":{"@id":"https:\/\/hydroapex.com.tr\/en\/arac-kurtarici-vincler\/#primaryimage"},"thumbnailUrl":"https:\/\/hydroapex.com.tr\/wp-content\/uploads\/2025\/10\/arac-kurtarici-vincler.jpg","datePublished":"2025-10-13T13:17:15+00:00","dateModified":"2025-11-24T20:57:10+00:00","description":"Ara\u00e7 kurtar\u0131c\u0131 vin\u00e7ler; Apex Mobil Vin\u00e7 ve Sepetli Platform \u00dcretimi 20 Y\u0131l\u0131 A\u015fk\u0131n Tecr\u00fcbe, Kalite Odakl\u0131 \u00dcretim Anlay\u0131\u015f\u0131, Sekt\u00f6r\u00fcnde Lider Marka","breadcrumb":{"@id":"https:\/\/hydroapex.com.tr\/en\/arac-kurtarici-vincler\/#breadcrumb"},"inLanguage":"en-US","potentialAction":[{"@type":"ReadAction","target":["https:\/\/hydroapex.com.tr\/en\/arac-kurtarici-vincler\/"]}]},{"@type":"ImageObject","inLanguage":"en-US","@id":"https:\/\/hydroapex.com.tr\/en\/arac-kurtarici-vincler\/#primaryimage","url":"https:\/\/hydroapex.com.tr\/wp-content\/uploads\/2025\/10\/arac-kurtarici-vincler.jpg","contentUrl":"https:\/\/hydroapex.com.tr\/wp-content\/uploads\/2025\/10\/arac-kurtarici-vincler.jpg","width":800,"height":502},{"@type":"BreadcrumbList","@id":"https:\/\/hydroapex.com.tr\/en\/arac-kurtarici-vincler\/#breadcrumb","itemListElement":[{"@type":"ListItem","position":1,"name":"Anasayfa","item":"https:\/\/hydroapex.com.tr\/"},{"@type":"ListItem","position":2,"name":"Ara\u00e7 Kurtar\u0131c\u0131 Vin\u00e7ler"}]},{"@type":"WebSite","@id":"https:\/\/hydroapex.com.tr\/en\/#website","url":"https:\/\/hydroapex.com.tr\/en\/","name":"APEX Mobil Platform &amp; Vin\u00e7 Sistemleri","description":"","publisher":{"@id":"https:\/\/hydroapex.com.tr\/en\/#organization"},"potentialAction":[{"@type":"SearchAction","target":{"@type":"EntryPoint","urlTemplate":"https:\/\/hydroapex.com.tr\/en\/?s={search_term_string}"},"query-input":{"@type":"PropertyValueSpecification","valueRequired":true,"valueName":"search_term_string"}}],"inLanguage":"en-US"},{"@type":"Organization","@id":"https:\/\/hydroapex.com.tr\/en\/#organization","name":"APEX Mobil Platfrom & Vin\u00e7 Sistemleri","url":"https:\/\/hydroapex.com.tr\/en\/","logo":{"@type":"ImageObject","inLanguage":"en-US","@id":"https:\/\/hydroapex.com.tr\/en\/#\/schema\/logo\/image\/","url":"https:\/\/hydroapex.com.tr\/wp-content\/uploads\/2025\/11\/cropped-fvvvv.png","contentUrl":"https:\/\/hydroapex.com.tr\/wp-content\/uploads\/2025\/11\/cropped-fvvvv.png","width":512,"height":512,"caption":"APEX Mobil Platfrom & Vin\u00e7 Sistemleri"},"image":{"@id":"https:\/\/hydroapex.com.tr\/en\/#\/schema\/logo\/image\/"}}]}},"_links":{"self":[{"href":"https:\/\/hydroapex.com.tr\/en\/wp-json\/wp\/v2\/pages\/3555","targetHints":{"allow":["GET"]}}],"collection":[{"href":"https:\/\/hydroapex.com.tr\/en\/wp-json\/wp\/v2\/pages"}],"about":[{"href":"https:\/\/hydroapex.com.tr\/en\/wp-json\/wp\/v2\/types\/page"}],"author":[{"embeddable":true,"href":"https:\/\/hydroapex.com.tr\/en\/wp-json\/wp\/v2\/users\/1"}],"replies":[{"embeddable":true,"href":"https:\/\/hydroapex.com.tr\/en\/wp-json\/wp\/v2\/comments?post=3555"}],"version-history":[{"count":7,"href":"https:\/\/hydroapex.com.tr\/en\/wp-json\/wp\/v2\/pages\/3555\/revisions"}],"predecessor-version":[{"id":6051,"href":"https:\/\/hydroapex.com.tr\/en\/wp-json\/wp\/v2\/pages\/3555\/revisions\/6051"}],"wp:featuredmedia":[{"embeddable":true,"href":"https:\/\/hydroapex.com.tr\/en\/wp-json\/wp\/v2\/media\/3766"}],"wp:attachment":[{"href":"https:\/\/hydroapex.com.tr\/en\/wp-json\/wp\/v2\/media?parent=3555"}],"curies":[{"name":"wp","href":"https:\/\/api.w.org\/{rel}","templated":true}]}}