{"id":4166,"date":"2025-11-02T19:01:51","date_gmt":"2025-11-02T19:01:51","guid":{"rendered":"https:\/\/hydroapex.com.tr\/?page_id=4166"},"modified":"2025-11-17T12:53:26","modified_gmt":"2025-11-17T12:53:26","slug":"insan-kaynaklari","status":"publish","type":"page","link":"https:\/\/hydroapex.com.tr\/en\/insan-kaynaklari\/","title":{"rendered":"\u0130nsan Kaynaklar\u0131"},"content":{"rendered":"<div data-elementor-type=\"wp-page\" data-elementor-id=\"4166\" class=\"elementor elementor-4166\">\n\t\t\t\t<div class=\"elementor-element elementor-element-9acb045 e-flex e-con-boxed e-con e-parent\" data-id=\"9acb045\" data-element_type=\"container\">\n\t\t\t\t\t<div class=\"e-con-inner\">\n\t\t<div class=\"elementor-element elementor-element-09f80ab e-con-full e-flex e-con e-child\" data-id=\"09f80ab\" data-element_type=\"container\" data-settings=\"{&quot;animation&quot;:&quot;none&quot;}\">\n\t\t\t\t<div class=\"elementor-element elementor-element-ae1aa67 elementor-widget elementor-widget-limestone-section-title\" data-id=\"ae1aa67\" data-element_type=\"widget\" data-widget_type=\"limestone-section-title.default\">\n\t\t\t\t<div class=\"elementor-widget-container\">\n\t\t\t\t\t\t\t<div class=\"limestone-section-title\">\r\n\t\t\t\t\t\t\t\t\t<h3 class=\"title\">\r\n\t\t\t\t\t\t\t\t<span class=\"main-text\">\r\n\t\t\t\t\tBa\u015fvuru Formu\t\t\t\t<\/span>\r\n\t\t\t\t\t\t\t<\/h3>\r\n\t\t\t\t\t<\/div>\r\n\t\t\t\t\t\t<\/div>\n\t\t\t\t<\/div>\n\t\t\t\t<div class=\"elementor-element elementor-element-af59c9b elementor-widget elementor-widget-mdp-reformer-elementor\" data-id=\"af59c9b\" data-element_type=\"widget\" data-widget_type=\"mdp-reformer-elementor.default\">\n\t\t\t\t<div class=\"elementor-widget-container\">\n\t\t\t\t\t<!-- Start Reformer for Elementor WordPress Plugin -->\n                       <div class=\"mdp-reformer-elementor-box\">  <form name=\"form_9e166\" method=\"post\" class=\"mdp-reformer-elementor-form\" action=\"\"><input type=\"hidden\" name=\"mdp_form_id\" value=\"af59c9b\"> <input type=\"hidden\" name=\"mdp_post_id\" value=\"4166\"> <div class=\"mdp-reformer-elementor-field-wrapper mdp-reformer-elementor-field mdp-reformer-elementor-field-text mdp-reformer-elementor-label-pos-above elementor-repeater-item-276ed89\"><label for=\"\" class=\"mdp-reformer-elementor-field-label mdp-reformer-elementor-field-required-mark\">Ad Soyad<\/label><input class=\"mdp-reformer-elementor-input-field\" id=\"\" type=\"text\" name=\"Ad_Soyad\" required><\/div> <div class=\"mdp-reformer-elementor-field-wrapper mdp-reformer-elementor-field mdp-reformer-elementor-field-email mdp-reformer-elementor-label-pos-above elementor-repeater-item-7375b56\"><label for=\"\" class=\"mdp-reformer-elementor-field-label mdp-reformer-elementor-field-required-mark\">Email<\/label><input class=\"mdp-reformer-elementor-input-field\" id=\"\" type=\"email\" name=\"Email\" required><\/div> <div class=\"mdp-reformer-elementor-field-wrapper mdp-reformer-elementor-field mdp-reformer-elementor-field-tel mdp-reformer-elementor-label-pos-above elementor-repeater-item-89236c7\"><label for=\"\" class=\"mdp-reformer-elementor-field-label mdp-reformer-elementor-field-required-mark\">Telefon<\/label><input class=\"mdp-reformer-elementor-input-field\" id=\"\" type=\"tel\" name=\"Telefon\" required><\/div> <div class=\"mdp-reformer-elementor-field-wrapper mdp-reformer-elementor-field mdp-reformer-elementor-label-pos-above elementor-repeater-item-7c517ee\"><label for=\"\" class=\"mdp-reformer-elementor-field-label mdp-reformer-elementor-field-required-mark\">B\u00f6l\u00fcm<\/label><select name=\"Bolum\" size=\"\" id=\"\"  required><option value=\"  Boyane B\u00f6l\u00fcm\u00fc\">Boyahane B\u00f6l\u00fcm\u00fc <\/option><option value=\"\u00a0Elektrik B\u00f6l\u00fcm\u00fc\">Elektrik B\u00f6l\u00fcm\u00fc <\/option><option value=\" Hidrolik B\u00f6l\u00fcm\u00fc \">Hidrolik B\u00f6l\u00fcm\u00fc <\/option><option value=\" \u0130dari Personel \">\u0130dari Personel <\/option><option value=\" Montaj B\u00f6l\u00fcm\u00fc\">Montaj B\u00f6l\u00fcm\u00fc <\/option><option value=\" Servis Bak\u0131m\">Servis Bak\u0131m <\/option><option value=\" \u00dcretim Genel\">\u00dcretim Genel <\/option><\/select><\/div> <div class=\"mdp-reformer-elementor-field-wrapper mdp-reformer-elementor-field mdp-reformer-elementor-label-pos-above elementor-repeater-item-bf47bf4\"><label for=\"\" class=\"mdp-reformer-elementor-field-label mdp-reformer-elementor-field-required-mark\">CV<\/label><input class=\"mdp-reformer-elementor-input-field\" \n                        id=\"\" data-maxsize=\"1\" accept=\"*\" type=\"file\" name=\"CV\" required><\/div> <div class=\"mdp-reformer-elementor-field-wrapper mdp-reformer-elementor-field mdp-reformer-elementor-field-checkbox mdp-reformer-elementor-label-pos-right elementor-repeater-item-959db77\"><label for=\"\" class=\"mdp-reformer-elementor-field-label mdp-reformer-elementor-field-required-mark\">Aday A\u00e7\u0131k R\u0131za Formunu Kabul Ediyorum<\/label><input class=\"mdp-reformer-elementor-checkbox-field\" id=\"\" type=\"checkbox\" name=\"KVKK1\" required><\/div> <div class=\"mdp-reformer-elementor-field-wrapper mdp-reformer-elementor-field mdp-reformer-elementor-field-checkbox mdp-reformer-elementor-label-pos-right elementor-repeater-item-2102814\"><label for=\"\" class=\"mdp-reformer-elementor-field-label mdp-reformer-elementor-field-required-mark\">Aday Ayd\u0131nlatma  metinini okudum, kabul ediyorum<\/label><input class=\"mdp-reformer-elementor-checkbox-field\" id=\"\" type=\"checkbox\" name=\"KVKK2\" required><\/div> <div class=\"mdp-reformer-elementor-submit-button-wrapper\">\n                        <input class=\"mdp-reformer-elementor-submit-button\" name=\"submit_form\" type=\"submit\" value=\"G\u00d6NDER\">\n                    <\/div><input type=\"hidden\" name=\"trp-form-language\" value=\"en\"\/><\/form>\n                <div class=\"mdp-reformer-elementor-success-message\"><\/div>\n                <div class=\"mdp-reformer-elementor-error-message\"><\/div><\/div>\n                       <!-- End Reformer for Elementor WordPress Plugin -->\t\t\t\t<\/div>\n\t\t\t\t<\/div>\n\t\t\t\t<\/div>\n\t\t\t\t\t<\/div>\n\t\t\t\t<\/div>\n\t\t\t\t<\/div>","protected":false},"excerpt":{"rendered":"<p>Ba\u015fvuru Formu Ad Soyad Email Telefon B\u00f6l\u00fcmBoyahane B\u00f6l\u00fcm\u00fc Elektrik B\u00f6l\u00fcm\u00fc Hidrolik B\u00f6l\u00fcm\u00fc \u0130dari Personel Montaj B\u00f6l\u00fcm\u00fc Servis Bak\u0131m \u00dcretim Genel CV Aday A\u00e7\u0131k R\u0131za Formunu Kabul Ediyorum Aday Ayd\u0131nlatma metinini okudum, kabul ediyorum<\/p>","protected":false},"author":1,"featured_media":0,"parent":0,"menu_order":0,"comment_status":"closed","ping_status":"closed","template":"","meta":{"footnotes":""},"class_list":["post-4166","page","type-page","status-publish","hentry"],"yoast_head":"<!-- This site is optimized with the Yoast SEO plugin v26.1.1 - https:\/\/yoast.com\/wordpress\/plugins\/seo\/ -->\n<title>\u0130nsan Kaynaklar\u0131 | APEX Mobil Platform &amp; Vin\u00e7 Sistemleri<\/title>\n<meta name=\"robots\" content=\"index, follow, max-snippet:-1, max-image-preview:large, max-video-preview:-1\" \/>\n<link rel=\"canonical\" href=\"https:\/\/hydroapex.com.tr\/en\/insan-kaynaklari\/\" \/>\n<meta property=\"og:locale\" content=\"en_US\" \/>\n<meta property=\"og:type\" content=\"article\" \/>\n<meta property=\"og:title\" content=\"\u0130nsan Kaynaklar\u0131 | APEX Mobil Platform &amp; Vin\u00e7 Sistemleri\" \/>\n<meta property=\"og:description\" content=\"Ba\u015fvuru Formu Ad Soyad Email Telefon B\u00f6l\u00fcmBoyahane B\u00f6l\u00fcm\u00fc Elektrik B\u00f6l\u00fcm\u00fc Hidrolik B\u00f6l\u00fcm\u00fc \u0130dari Personel Montaj B\u00f6l\u00fcm\u00fc Servis Bak\u0131m \u00dcretim Genel CV Aday A\u00e7\u0131k R\u0131za Formunu Kabul Ediyorum Aday Ayd\u0131nlatma metinini okudum, kabul ediyorum\" \/>\n<meta property=\"og:url\" content=\"https:\/\/hydroapex.com.tr\/en\/insan-kaynaklari\/\" \/>\n<meta property=\"og:site_name\" content=\"APEX Mobil Platform &amp; Vin\u00e7 Sistemleri\" \/>\n<meta property=\"article:modified_time\" content=\"2025-11-17T12:53:26+00:00\" \/>\n<meta property=\"og:image\" content=\"https:\/\/hydroapex.com.tr\/wp-content\/uploads\/2025\/11\/cropped-fvvvv.png\" \/>\n\t<meta property=\"og:image:width\" content=\"512\" \/>\n\t<meta property=\"og:image:height\" content=\"512\" \/>\n\t<meta property=\"og:image:type\" content=\"image\/png\" \/>\n<meta name=\"twitter:card\" content=\"summary_large_image\" \/>\n<meta name=\"twitter:label1\" content=\"Est. reading time\" \/>\n\t<meta name=\"twitter:data1\" content=\"1 minute\" \/>\n<script type=\"application\/ld+json\" class=\"yoast-schema-graph\">{\"@context\":\"https:\/\/schema.org\",\"@graph\":[{\"@type\":\"WebPage\",\"@id\":\"https:\/\/hydroapex.com.tr\/en\/insan-kaynaklari\/\",\"url\":\"https:\/\/hydroapex.com.tr\/en\/insan-kaynaklari\/\",\"name\":\"\u0130nsan Kaynaklar\u0131 | APEX Mobil Platform &amp; Vin\u00e7 Sistemleri\",\"isPartOf\":{\"@id\":\"https:\/\/hydroapex.com.tr\/en\/#website\"},\"datePublished\":\"2025-11-02T19:01:51+00:00\",\"dateModified\":\"2025-11-17T12:53:26+00:00\",\"breadcrumb\":{\"@id\":\"https:\/\/hydroapex.com.tr\/en\/insan-kaynaklari\/#breadcrumb\"},\"inLanguage\":\"en-US\",\"potentialAction\":[{\"@type\":\"ReadAction\",\"target\":[\"https:\/\/hydroapex.com.tr\/en\/insan-kaynaklari\/\"]}]},{\"@type\":\"BreadcrumbList\",\"@id\":\"https:\/\/hydroapex.com.tr\/en\/insan-kaynaklari\/#breadcrumb\",\"itemListElement\":[{\"@type\":\"ListItem\",\"position\":1,\"name\":\"Anasayfa\",\"item\":\"https:\/\/hydroapex.com.tr\/\"},{\"@type\":\"ListItem\",\"position\":2,\"name\":\"\u0130nsan Kaynaklar\u0131\"}]},{\"@type\":\"WebSite\",\"@id\":\"https:\/\/hydroapex.com.tr\/en\/#website\",\"url\":\"https:\/\/hydroapex.com.tr\/en\/\",\"name\":\"APEX Mobil Platform &amp; Vin\u00e7 Sistemleri\",\"description\":\"\",\"publisher\":{\"@id\":\"https:\/\/hydroapex.com.tr\/en\/#organization\"},\"potentialAction\":[{\"@type\":\"SearchAction\",\"target\":{\"@type\":\"EntryPoint\",\"urlTemplate\":\"https:\/\/hydroapex.com.tr\/en\/?s={search_term_string}\"},\"query-input\":{\"@type\":\"PropertyValueSpecification\",\"valueRequired\":true,\"valueName\":\"search_term_string\"}}],\"inLanguage\":\"en-US\"},{\"@type\":\"Organization\",\"@id\":\"https:\/\/hydroapex.com.tr\/en\/#organization\",\"name\":\"APEX Mobil Platfrom & Vin\u00e7 Sistemleri\",\"url\":\"https:\/\/hydroapex.com.tr\/en\/\",\"logo\":{\"@type\":\"ImageObject\",\"inLanguage\":\"en-US\",\"@id\":\"https:\/\/hydroapex.com.tr\/en\/#\/schema\/logo\/image\/\",\"url\":\"https:\/\/hydroapex.com.tr\/wp-content\/uploads\/2025\/11\/cropped-fvvvv.png\",\"contentUrl\":\"https:\/\/hydroapex.com.tr\/wp-content\/uploads\/2025\/11\/cropped-fvvvv.png\",\"width\":512,\"height\":512,\"caption\":\"APEX Mobil Platfrom & Vin\u00e7 Sistemleri\"},\"image\":{\"@id\":\"https:\/\/hydroapex.com.tr\/en\/#\/schema\/logo\/image\/\"}}]}<\/script>\n<!-- \/ Yoast SEO plugin. -->","yoast_head_json":{"title":"\u0130nsan Kaynaklar\u0131 | APEX Mobil Platform &amp; Vin\u00e7 Sistemleri","robots":{"index":"index","follow":"follow","max-snippet":"max-snippet:-1","max-image-preview":"max-image-preview:large","max-video-preview":"max-video-preview:-1"},"canonical":"https:\/\/hydroapex.com.tr\/en\/insan-kaynaklari\/","og_locale":"en_US","og_type":"article","og_title":"\u0130nsan Kaynaklar\u0131 | APEX Mobil Platform &amp; Vin\u00e7 Sistemleri","og_description":"Ba\u015fvuru Formu Ad Soyad Email Telefon B\u00f6l\u00fcmBoyahane B\u00f6l\u00fcm\u00fc Elektrik B\u00f6l\u00fcm\u00fc Hidrolik B\u00f6l\u00fcm\u00fc \u0130dari Personel Montaj B\u00f6l\u00fcm\u00fc Servis Bak\u0131m \u00dcretim Genel CV Aday A\u00e7\u0131k R\u0131za Formunu Kabul Ediyorum Aday Ayd\u0131nlatma metinini okudum, kabul ediyorum","og_url":"https:\/\/hydroapex.com.tr\/en\/insan-kaynaklari\/","og_site_name":"APEX Mobil Platform &amp; Vin\u00e7 Sistemleri","article_modified_time":"2025-11-17T12:53:26+00:00","og_image":[{"width":512,"height":512,"url":"https:\/\/hydroapex.com.tr\/wp-content\/uploads\/2025\/11\/cropped-fvvvv.png","type":"image\/png"}],"twitter_card":"summary_large_image","twitter_misc":{"Est. reading time":"1 minute"},"schema":{"@context":"https:\/\/schema.org","@graph":[{"@type":"WebPage","@id":"https:\/\/hydroapex.com.tr\/en\/insan-kaynaklari\/","url":"https:\/\/hydroapex.com.tr\/en\/insan-kaynaklari\/","name":"\u0130nsan Kaynaklar\u0131 | APEX Mobil Platform &amp; Vin\u00e7 Sistemleri","isPartOf":{"@id":"https:\/\/hydroapex.com.tr\/en\/#website"},"datePublished":"2025-11-02T19:01:51+00:00","dateModified":"2025-11-17T12:53:26+00:00","breadcrumb":{"@id":"https:\/\/hydroapex.com.tr\/en\/insan-kaynaklari\/#breadcrumb"},"inLanguage":"en-US","potentialAction":[{"@type":"ReadAction","target":["https:\/\/hydroapex.com.tr\/en\/insan-kaynaklari\/"]}]},{"@type":"BreadcrumbList","@id":"https:\/\/hydroapex.com.tr\/en\/insan-kaynaklari\/#breadcrumb","itemListElement":[{"@type":"ListItem","position":1,"name":"Anasayfa","item":"https:\/\/hydroapex.com.tr\/"},{"@type":"ListItem","position":2,"name":"\u0130nsan Kaynaklar\u0131"}]},{"@type":"WebSite","@id":"https:\/\/hydroapex.com.tr\/en\/#website","url":"https:\/\/hydroapex.com.tr\/en\/","name":"APEX Mobil Platform &amp; Vin\u00e7 Sistemleri","description":"","publisher":{"@id":"https:\/\/hydroapex.com.tr\/en\/#organization"},"potentialAction":[{"@type":"SearchAction","target":{"@type":"EntryPoint","urlTemplate":"https:\/\/hydroapex.com.tr\/en\/?s={search_term_string}"},"query-input":{"@type":"PropertyValueSpecification","valueRequired":true,"valueName":"search_term_string"}}],"inLanguage":"en-US"},{"@type":"Organization","@id":"https:\/\/hydroapex.com.tr\/en\/#organization","name":"APEX Mobil Platfrom & Vin\u00e7 Sistemleri","url":"https:\/\/hydroapex.com.tr\/en\/","logo":{"@type":"ImageObject","inLanguage":"en-US","@id":"https:\/\/hydroapex.com.tr\/en\/#\/schema\/logo\/image\/","url":"https:\/\/hydroapex.com.tr\/wp-content\/uploads\/2025\/11\/cropped-fvvvv.png","contentUrl":"https:\/\/hydroapex.com.tr\/wp-content\/uploads\/2025\/11\/cropped-fvvvv.png","width":512,"height":512,"caption":"APEX Mobil Platfrom & Vin\u00e7 Sistemleri"},"image":{"@id":"https:\/\/hydroapex.com.tr\/en\/#\/schema\/logo\/image\/"}}]}},"_links":{"self":[{"href":"https:\/\/hydroapex.com.tr\/en\/wp-json\/wp\/v2\/pages\/4166","targetHints":{"allow":["GET"]}}],"collection":[{"href":"https:\/\/hydroapex.com.tr\/en\/wp-json\/wp\/v2\/pages"}],"about":[{"href":"https:\/\/hydroapex.com.tr\/en\/wp-json\/wp\/v2\/types\/page"}],"author":[{"embeddable":true,"href":"https:\/\/hydroapex.com.tr\/en\/wp-json\/wp\/v2\/users\/1"}],"replies":[{"embeddable":true,"href":"https:\/\/hydroapex.com.tr\/en\/wp-json\/wp\/v2\/comments?post=4166"}],"version-history":[{"count":16,"href":"https:\/\/hydroapex.com.tr\/en\/wp-json\/wp\/v2\/pages\/4166\/revisions"}],"predecessor-version":[{"id":5892,"href":"https:\/\/hydroapex.com.tr\/en\/wp-json\/wp\/v2\/pages\/4166\/revisions\/5892"}],"wp:attachment":[{"href":"https:\/\/hydroapex.com.tr\/en\/wp-json\/wp\/v2\/media?parent=4166"}],"curies":[{"name":"wp","href":"https:\/\/api.w.org\/{rel}","templated":true}]}}