{"id":4289,"date":"2025-11-03T07:05:02","date_gmt":"2025-11-03T07:05:02","guid":{"rendered":"https:\/\/hydroapex.com.tr\/?page_id=4289"},"modified":"2025-11-04T07:52:28","modified_gmt":"2025-11-04T07:52:28","slug":"musteri-memnuniyet-politikasi","status":"publish","type":"page","link":"https:\/\/hydroapex.com.tr\/en\/hakkimizda-2\/","title":{"rendered":"M\u00fc\u015fteri Memnuniyet Politikas\u0131"},"content":{"rendered":"<div data-elementor-type=\"wp-page\" data-elementor-id=\"4289\" class=\"elementor elementor-4289\">\n\t\t\t\t<div class=\"elementor-element elementor-element-5abf71a e-flex e-con-boxed e-con e-parent\" data-id=\"5abf71a\" data-element_type=\"container\">\n\t\t\t\t\t<div class=\"e-con-inner\">\n\t\t\t\t<div class=\"elementor-element elementor-element-efa34b5 elementor-widget elementor-widget-heading\" data-id=\"efa34b5\" data-element_type=\"widget\" data-widget_type=\"heading.default\">\n\t\t\t\t\t<h2 class=\"elementor-heading-title elementor-size-default\">APEX Hakk\u0131nda<\/h2>\t\t\t\t<\/div>\n\t\t\t\t<div class=\"elementor-element elementor-element-af0242c elementor-widget elementor-widget-text-editor\" data-id=\"af0242c\" data-element_type=\"widget\" data-widget_type=\"text-editor.default\">\n\t\t\t\t\t\t\t\t\t<div class=\"ft-team-details-text\"><p data-start=\"330\" data-end=\"685\">Apex olarak sepetli platform ve mobil vin\u00e7 \u00fcretiminde m\u00fc\u015fteri memnuniyetini temel prensiplerimizden biri olarak kabul ediyoruz. ISO 9001:2015 Kalite Y\u00f6netim Sistemi yakla\u015f\u0131m\u0131na uygun olarak; m\u00fc\u015fteri ihtiya\u00e7 ve beklentilerini do\u011fru analiz eden, g\u00fcvenilir \u00fcr\u00fcn ve hizmetler sunan, s\u00fcrekli geli\u015fimi ilke edinen bir kalite k\u00fclt\u00fcr\u00fc ile faaliyet g\u00f6stermekteyiz.<\/p><p data-start=\"687\" data-end=\"762\">Bu do\u011frultuda m\u00fc\u015fteri memnuniyeti politikam\u0131z a\u015fa\u011f\u0131daki taahh\u00fctleri i\u00e7erir:<\/p><ul><li data-start=\"766\" data-end=\"910\"><strong data-start=\"766\" data-end=\"788\">M\u00fc\u015fteri odakl\u0131l\u0131k:<\/strong>\u00a0M\u00fc\u015fteri talep ve beklentilerini do\u011fru analiz ederek uygun \u00e7\u00f6z\u00fcmler \u00fcretmek, memnuniyeti s\u00fcrekli \u00f6l\u00e7mek ve iyile\u015ftirmek.<\/li><li data-start=\"913\" data-end=\"1058\"><strong data-start=\"913\" data-end=\"934\">Kalite g\u00fcvencesi:<\/strong>\u00a0\u00dcr\u00fcnlerimizi ulusal ve uluslararas\u0131 standartlara uygun \u015fekilde tasarlamak, \u00fcretmek ve g\u00fcvenilirlik testlerinden ge\u00e7irmek.<\/li><li data-start=\"1061\" data-end=\"1194\"><strong data-start=\"1061\" data-end=\"1084\">Zaman\u0131nda teslimat:<\/strong>\u00a0Proje ve sipari\u015f s\u00fcre\u00e7lerinde taahh\u00fct edilen teslim s\u00fcrelerine uymak ve m\u00fc\u015fteri planlamalar\u0131n\u0131 desteklemek.<\/li><li data-start=\"1197\" data-end=\"1303\"><strong data-start=\"1197\" data-end=\"1217\">Etkili ileti\u015fim:<\/strong>\u00a0Sat\u0131\u015f \u00f6ncesi ve sonras\u0131 s\u00fcre\u00e7lerde \u015feffaf, h\u0131zl\u0131 ve \u00e7\u00f6z\u00fcm odakl\u0131 ileti\u015fim sa\u011flamak.<\/li><li data-start=\"1306\" data-end=\"1482\"><strong data-start=\"1306\" data-end=\"1330\">S\u00fcrekli iyile\u015ftirme:<\/strong>\u00a0ISO 9001 kalite y\u00f6netim sistemi do\u011frultusunda s\u00fcre\u00e7lerimizi g\u00f6zden ge\u00e7irmek, verimlilik ve kaliteyi art\u0131ran iyile\u015ftirmeleri s\u00fcrekli olarak uygulamak.<\/li><li data-start=\"1485\" data-end=\"1644\"><strong data-start=\"1485\" data-end=\"1512\">Geri bildirim y\u00f6netimi:<\/strong>\u00a0M\u00fc\u015fteri \u00f6neri, \u015fik\u00e2yet ve de\u011ferlendirmelerini sistematik olarak analiz ederek etkin d\u00fczeltici ve \u00f6nleyici faaliyetlerde bulunmak.<\/li><li data-start=\"1647\" data-end=\"1780\"><strong data-start=\"1647\" data-end=\"1669\">E\u011fitim ve geli\u015fim:<\/strong>\u00a0\u00c7al\u0131\u015fanlar\u0131m\u0131z\u0131n kalite ve m\u00fc\u015fteri memnuniyeti bilincini art\u0131rmak i\u00e7in d\u00fczenli e\u011fitim programlar\u0131 uygulamak.<\/li><li data-start=\"1783\" data-end=\"1924\"><strong data-start=\"1783\" data-end=\"1802\">Yasal uygunluk:<\/strong>\u00a0Faaliyetlerimizde y\u00fcr\u00fcrl\u00fckteki t\u00fcm yasa ve mevzuatlara uymak, i\u015f sa\u011fl\u0131\u011f\u0131 ve g\u00fcvenli\u011fi ile \u00e7evre hassasiyetini g\u00f6zetmek.<\/li><li data-start=\"1927\" data-end=\"2066\"><strong data-start=\"1927\" data-end=\"1952\">Sat\u0131\u015f sonras\u0131 destek:<\/strong>\u00a0\u00dcr\u00fcnlerimizin arkas\u0131nda durmak ve m\u00fc\u015fterilerimize g\u00fcven veren garanti kapsam\u0131 ve teknik servis hizmetleri sunmak.<br \/>Apex olarak hedefimiz; kaliteli \u00fcretim, g\u00fcvenilir hizmet ve s\u00fcrd\u00fcr\u00fclebilir m\u00fc\u015fteri memnuniyeti anlay\u0131\u015f\u0131 ile sekt\u00f6r\u00fcn lider markalar\u0131ndan biri olmakt\u0131r.<\/li><\/ul><\/div>\t\t\t\t\t\t\t\t<\/div>\n\t\t\t\t\t<\/div>\n\t\t\t\t<\/div>\n\t\t\t\t<\/div>","protected":false},"excerpt":{"rendered":"<p>APEX Hakk\u0131nda Apex olarak sepetli platform ve mobil vin\u00e7 \u00fcretiminde m\u00fc\u015fteri memnuniyetini temel prensiplerimizden biri olarak kabul ediyoruz. ISO 9001:2015 Kalite Y\u00f6netim Sistemi yakla\u015f\u0131m\u0131na uygun olarak; m\u00fc\u015fteri ihtiya\u00e7 ve beklentilerini do\u011fru analiz eden, g\u00fcvenilir \u00fcr\u00fcn ve hizmetler sunan, s\u00fcrekli geli\u015fimi ilke edinen bir kalite k\u00fclt\u00fcr\u00fc ile faaliyet g\u00f6stermekteyiz. Bu do\u011frultuda m\u00fc\u015fteri memnuniyeti politikam\u0131z a\u015fa\u011f\u0131daki taahh\u00fctleri [&hellip;]<\/p>","protected":false},"author":1,"featured_media":0,"parent":0,"menu_order":0,"comment_status":"closed","ping_status":"closed","template":"","meta":{"footnotes":""},"class_list":["post-4289","page","type-page","status-publish","hentry"],"yoast_head":"<!-- This site is optimized with the Yoast SEO plugin v26.1.1 - https:\/\/yoast.com\/wordpress\/plugins\/seo\/ -->\n<title>M\u00fc\u015fteri Memnuniyet Politikas\u0131 | APEX Mobil Platform &amp; Vin\u00e7 Sistemleri<\/title>\n<meta name=\"description\" content=\"Hakk\u0131m\u0131zda; Apex, insan kald\u0131rma platformlar\u0131 \u00fcretim &amp; kiralama ve mobil vin\u00e7 \u00fcretimi yapan At\u0131l\u0131m Hidrolik markas\u0131d\u0131r.\" \/>\n<meta name=\"robots\" content=\"index, follow, max-snippet:-1, max-image-preview:large, max-video-preview:-1\" \/>\n<link rel=\"canonical\" href=\"https:\/\/hydroapex.com.tr\/en\/hakkimizda-2\/\" \/>\n<meta property=\"og:locale\" content=\"en_US\" \/>\n<meta property=\"og:type\" content=\"article\" \/>\n<meta property=\"og:title\" content=\"M\u00fc\u015fteri Memnuniyet Politikas\u0131 | APEX Mobil Platform &amp; Vin\u00e7 Sistemleri\" \/>\n<meta property=\"og:description\" content=\"Hakk\u0131m\u0131zda; Apex, insan kald\u0131rma platformlar\u0131 \u00fcretim &amp; kiralama ve mobil vin\u00e7 \u00fcretimi yapan At\u0131l\u0131m Hidrolik markas\u0131d\u0131r.\" \/>\n<meta property=\"og:url\" content=\"https:\/\/hydroapex.com.tr\/en\/hakkimizda-2\/\" \/>\n<meta property=\"og:site_name\" content=\"APEX Mobil Platform &amp; Vin\u00e7 Sistemleri\" \/>\n<meta property=\"article:modified_time\" content=\"2025-11-04T07:52:28+00:00\" \/>\n<meta property=\"og:image\" content=\"https:\/\/hydroapex.com.tr\/wp-content\/uploads\/2025\/11\/cropped-fvvvv.png\" \/>\n\t<meta property=\"og:image:width\" content=\"512\" \/>\n\t<meta property=\"og:image:height\" content=\"512\" \/>\n\t<meta property=\"og:image:type\" content=\"image\/png\" \/>\n<meta name=\"twitter:card\" content=\"summary_large_image\" \/>\n<meta name=\"twitter:label1\" content=\"Est. reading time\" \/>\n\t<meta name=\"twitter:data1\" content=\"2 minutes\" \/>\n<script type=\"application\/ld+json\" class=\"yoast-schema-graph\">{\"@context\":\"https:\/\/schema.org\",\"@graph\":[{\"@type\":\"WebPage\",\"@id\":\"https:\/\/hydroapex.com.tr\/en\/hakkimizda-2\/\",\"url\":\"https:\/\/hydroapex.com.tr\/en\/hakkimizda-2\/\",\"name\":\"M\u00fc\u015fteri Memnuniyet Politikas\u0131 | APEX Mobil Platform &amp; Vin\u00e7 Sistemleri\",\"isPartOf\":{\"@id\":\"https:\/\/hydroapex.com.tr\/en\/#website\"},\"datePublished\":\"2025-11-03T07:05:02+00:00\",\"dateModified\":\"2025-11-04T07:52:28+00:00\",\"description\":\"Hakk\u0131m\u0131zda; Apex, insan kald\u0131rma platformlar\u0131 \u00fcretim & kiralama ve mobil vin\u00e7 \u00fcretimi yapan At\u0131l\u0131m Hidrolik markas\u0131d\u0131r.\",\"breadcrumb\":{\"@id\":\"https:\/\/hydroapex.com.tr\/en\/hakkimizda-2\/#breadcrumb\"},\"inLanguage\":\"en-US\",\"potentialAction\":[{\"@type\":\"ReadAction\",\"target\":[\"https:\/\/hydroapex.com.tr\/en\/hakkimizda-2\/\"]}]},{\"@type\":\"BreadcrumbList\",\"@id\":\"https:\/\/hydroapex.com.tr\/en\/hakkimizda-2\/#breadcrumb\",\"itemListElement\":[{\"@type\":\"ListItem\",\"position\":1,\"name\":\"Anasayfa\",\"item\":\"https:\/\/hydroapex.com.tr\/\"},{\"@type\":\"ListItem\",\"position\":2,\"name\":\"M\u00fc\u015fteri Memnuniyet Politikas\u0131\"}]},{\"@type\":\"WebSite\",\"@id\":\"https:\/\/hydroapex.com.tr\/en\/#website\",\"url\":\"https:\/\/hydroapex.com.tr\/en\/\",\"name\":\"APEX Mobil Platform &amp; Vin\u00e7 Sistemleri\",\"description\":\"\",\"publisher\":{\"@id\":\"https:\/\/hydroapex.com.tr\/en\/#organization\"},\"potentialAction\":[{\"@type\":\"SearchAction\",\"target\":{\"@type\":\"EntryPoint\",\"urlTemplate\":\"https:\/\/hydroapex.com.tr\/en\/?s={search_term_string}\"},\"query-input\":{\"@type\":\"PropertyValueSpecification\",\"valueRequired\":true,\"valueName\":\"search_term_string\"}}],\"inLanguage\":\"en-US\"},{\"@type\":\"Organization\",\"@id\":\"https:\/\/hydroapex.com.tr\/en\/#organization\",\"name\":\"APEX Mobil Platfrom & Vin\u00e7 Sistemleri\",\"url\":\"https:\/\/hydroapex.com.tr\/en\/\",\"logo\":{\"@type\":\"ImageObject\",\"inLanguage\":\"en-US\",\"@id\":\"https:\/\/hydroapex.com.tr\/en\/#\/schema\/logo\/image\/\",\"url\":\"https:\/\/hydroapex.com.tr\/wp-content\/uploads\/2025\/11\/cropped-fvvvv.png\",\"contentUrl\":\"https:\/\/hydroapex.com.tr\/wp-content\/uploads\/2025\/11\/cropped-fvvvv.png\",\"width\":512,\"height\":512,\"caption\":\"APEX Mobil Platfrom & Vin\u00e7 Sistemleri\"},\"image\":{\"@id\":\"https:\/\/hydroapex.com.tr\/en\/#\/schema\/logo\/image\/\"}}]}<\/script>\n<!-- \/ Yoast SEO plugin. -->","yoast_head_json":{"title":"M\u00fc\u015fteri Memnuniyet Politikas\u0131 | APEX Mobil Platform &amp; Vin\u00e7 Sistemleri","description":"Hakk\u0131m\u0131zda; Apex, insan kald\u0131rma platformlar\u0131 \u00fcretim & kiralama ve mobil vin\u00e7 \u00fcretimi yapan At\u0131l\u0131m Hidrolik markas\u0131d\u0131r.","robots":{"index":"index","follow":"follow","max-snippet":"max-snippet:-1","max-image-preview":"max-image-preview:large","max-video-preview":"max-video-preview:-1"},"canonical":"https:\/\/hydroapex.com.tr\/en\/hakkimizda-2\/","og_locale":"en_US","og_type":"article","og_title":"M\u00fc\u015fteri Memnuniyet Politikas\u0131 | APEX Mobil Platform &amp; Vin\u00e7 Sistemleri","og_description":"Hakk\u0131m\u0131zda; Apex, insan kald\u0131rma platformlar\u0131 \u00fcretim & kiralama ve mobil vin\u00e7 \u00fcretimi yapan At\u0131l\u0131m Hidrolik markas\u0131d\u0131r.","og_url":"https:\/\/hydroapex.com.tr\/en\/hakkimizda-2\/","og_site_name":"APEX Mobil Platform &amp; Vin\u00e7 Sistemleri","article_modified_time":"2025-11-04T07:52:28+00:00","og_image":[{"width":512,"height":512,"url":"https:\/\/hydroapex.com.tr\/wp-content\/uploads\/2025\/11\/cropped-fvvvv.png","type":"image\/png"}],"twitter_card":"summary_large_image","twitter_misc":{"Est. reading time":"2 minutes"},"schema":{"@context":"https:\/\/schema.org","@graph":[{"@type":"WebPage","@id":"https:\/\/hydroapex.com.tr\/en\/hakkimizda-2\/","url":"https:\/\/hydroapex.com.tr\/en\/hakkimizda-2\/","name":"M\u00fc\u015fteri Memnuniyet Politikas\u0131 | APEX Mobil Platform &amp; Vin\u00e7 Sistemleri","isPartOf":{"@id":"https:\/\/hydroapex.com.tr\/en\/#website"},"datePublished":"2025-11-03T07:05:02+00:00","dateModified":"2025-11-04T07:52:28+00:00","description":"Hakk\u0131m\u0131zda; Apex, insan kald\u0131rma platformlar\u0131 \u00fcretim & kiralama ve mobil vin\u00e7 \u00fcretimi yapan At\u0131l\u0131m Hidrolik markas\u0131d\u0131r.","breadcrumb":{"@id":"https:\/\/hydroapex.com.tr\/en\/hakkimizda-2\/#breadcrumb"},"inLanguage":"en-US","potentialAction":[{"@type":"ReadAction","target":["https:\/\/hydroapex.com.tr\/en\/hakkimizda-2\/"]}]},{"@type":"BreadcrumbList","@id":"https:\/\/hydroapex.com.tr\/en\/hakkimizda-2\/#breadcrumb","itemListElement":[{"@type":"ListItem","position":1,"name":"Anasayfa","item":"https:\/\/hydroapex.com.tr\/"},{"@type":"ListItem","position":2,"name":"M\u00fc\u015fteri Memnuniyet Politikas\u0131"}]},{"@type":"WebSite","@id":"https:\/\/hydroapex.com.tr\/en\/#website","url":"https:\/\/hydroapex.com.tr\/en\/","name":"APEX Mobil Platform &amp; Vin\u00e7 Sistemleri","description":"","publisher":{"@id":"https:\/\/hydroapex.com.tr\/en\/#organization"},"potentialAction":[{"@type":"SearchAction","target":{"@type":"EntryPoint","urlTemplate":"https:\/\/hydroapex.com.tr\/en\/?s={search_term_string}"},"query-input":{"@type":"PropertyValueSpecification","valueRequired":true,"valueName":"search_term_string"}}],"inLanguage":"en-US"},{"@type":"Organization","@id":"https:\/\/hydroapex.com.tr\/en\/#organization","name":"APEX Mobil Platfrom & Vin\u00e7 Sistemleri","url":"https:\/\/hydroapex.com.tr\/en\/","logo":{"@type":"ImageObject","inLanguage":"en-US","@id":"https:\/\/hydroapex.com.tr\/en\/#\/schema\/logo\/image\/","url":"https:\/\/hydroapex.com.tr\/wp-content\/uploads\/2025\/11\/cropped-fvvvv.png","contentUrl":"https:\/\/hydroapex.com.tr\/wp-content\/uploads\/2025\/11\/cropped-fvvvv.png","width":512,"height":512,"caption":"APEX Mobil Platfrom & Vin\u00e7 Sistemleri"},"image":{"@id":"https:\/\/hydroapex.com.tr\/en\/#\/schema\/logo\/image\/"}}]}},"_links":{"self":[{"href":"https:\/\/hydroapex.com.tr\/en\/wp-json\/wp\/v2\/pages\/4289","targetHints":{"allow":["GET"]}}],"collection":[{"href":"https:\/\/hydroapex.com.tr\/en\/wp-json\/wp\/v2\/pages"}],"about":[{"href":"https:\/\/hydroapex.com.tr\/en\/wp-json\/wp\/v2\/types\/page"}],"author":[{"embeddable":true,"href":"https:\/\/hydroapex.com.tr\/en\/wp-json\/wp\/v2\/users\/1"}],"replies":[{"embeddable":true,"href":"https:\/\/hydroapex.com.tr\/en\/wp-json\/wp\/v2\/comments?post=4289"}],"version-history":[{"count":7,"href":"https:\/\/hydroapex.com.tr\/en\/wp-json\/wp\/v2\/pages\/4289\/revisions"}],"predecessor-version":[{"id":4607,"href":"https:\/\/hydroapex.com.tr\/en\/wp-json\/wp\/v2\/pages\/4289\/revisions\/4607"}],"wp:attachment":[{"href":"https:\/\/hydroapex.com.tr\/en\/wp-json\/wp\/v2\/media?parent=4289"}],"curies":[{"name":"wp","href":"https:\/\/api.w.org\/{rel}","templated":true}]}}