{"id":4677,"date":"2025-11-05T07:16:13","date_gmt":"2025-11-05T07:16:13","guid":{"rendered":"https:\/\/hydroapex.com.tr\/?page_id=4677"},"modified":"2025-11-24T12:38:23","modified_gmt":"2025-11-24T12:38:23","slug":"2-2","status":"publish","type":"page","link":"https:\/\/hydroapex.com.tr\/en\/2-el-araclar\/","title":{"rendered":"2.El Ara\u00e7lar"},"content":{"rendered":"<div data-elementor-type=\"wp-page\" data-elementor-id=\"4677\" class=\"elementor elementor-4677\">\n\t\t\t\t<div class=\"elementor-element elementor-element-5abf71a e-flex e-con-boxed e-con e-parent\" data-id=\"5abf71a\" data-element_type=\"container\">\n\t\t\t\t\t<div class=\"e-con-inner\">\n\t\t\t\t<div class=\"elementor-element elementor-element-efa34b5 elementor-widget elementor-widget-heading\" data-id=\"efa34b5\" data-element_type=\"widget\" data-widget_type=\"heading.default\">\n\t\t\t\t\t<h2 class=\"elementor-heading-title elementor-size-default\">Ara\u00e7lar<\/h2>\t\t\t\t<\/div>\n\t\t\t\t\t<\/div>\n\t\t\t\t<\/div>\n\t\t<div class=\"elementor-element elementor-element-3ba1fe5 e-flex e-con-boxed e-con e-parent\" data-id=\"3ba1fe5\" data-element_type=\"container\">\n\t\t\t\t\t<div class=\"e-con-inner\">\n\t\t\t\t<div class=\"elementor-element elementor-element-dd486c4 elementor-grid-3 elementor-grid-tablet-2 elementor-grid-mobile-1 elementor-widget elementor-widget-advanced-product-catalog\" data-id=\"dd486c4\" data-element_type=\"widget\" data-settings=\"{&quot;apcw_grid_columns&quot;:&quot;3&quot;,&quot;apcw_grid_columns_tablet&quot;:&quot;2&quot;,&quot;apcw_grid_columns_mobile&quot;:&quot;1&quot;,&quot;apcw_product_column_gap&quot;:{&quot;unit&quot;:&quot;px&quot;,&quot;size&quot;:30,&quot;sizes&quot;:[]},&quot;apcw_product_column_gap_laptop&quot;:{&quot;unit&quot;:&quot;px&quot;,&quot;size&quot;:&quot;&quot;,&quot;sizes&quot;:[]},&quot;apcw_product_column_gap_tablet_extra&quot;:{&quot;unit&quot;:&quot;px&quot;,&quot;size&quot;:&quot;&quot;,&quot;sizes&quot;:[]},&quot;apcw_product_column_gap_tablet&quot;:{&quot;unit&quot;:&quot;px&quot;,&quot;size&quot;:&quot;&quot;,&quot;sizes&quot;:[]},&quot;apcw_product_column_gap_mobile&quot;:{&quot;unit&quot;:&quot;px&quot;,&quot;size&quot;:&quot;&quot;,&quot;sizes&quot;:[]},&quot;apcw_product_row_gap&quot;:{&quot;unit&quot;:&quot;px&quot;,&quot;size&quot;:30,&quot;sizes&quot;:[]},&quot;apcw_product_row_gap_laptop&quot;:{&quot;unit&quot;:&quot;px&quot;,&quot;size&quot;:&quot;&quot;,&quot;sizes&quot;:[]},&quot;apcw_product_row_gap_tablet_extra&quot;:{&quot;unit&quot;:&quot;px&quot;,&quot;size&quot;:&quot;&quot;,&quot;sizes&quot;:[]},&quot;apcw_product_row_gap_tablet&quot;:{&quot;unit&quot;:&quot;px&quot;,&quot;size&quot;:&quot;&quot;,&quot;sizes&quot;:[]},&quot;apcw_product_row_gap_mobile&quot;:{&quot;unit&quot;:&quot;px&quot;,&quot;size&quot;:&quot;&quot;,&quot;sizes&quot;:[]},&quot;apcw_title_spacing&quot;:{&quot;unit&quot;:&quot;px&quot;,&quot;size&quot;:10,&quot;sizes&quot;:[]},&quot;apcw_description_spacing&quot;:{&quot;unit&quot;:&quot;px&quot;,&quot;size&quot;:10,&quot;sizes&quot;:[]},&quot;apcw_category_spacing&quot;:{&quot;unit&quot;:&quot;px&quot;,&quot;size&quot;:10,&quot;sizes&quot;:[]},&quot;apcw_price_spacing&quot;:{&quot;unit&quot;:&quot;px&quot;,&quot;size&quot;:10,&quot;sizes&quot;:[]},&quot;apcw_rating_spacing&quot;:{&quot;unit&quot;:&quot;px&quot;,&quot;size&quot;:10,&quot;sizes&quot;:[]}}\" data-widget_type=\"advanced-product-catalog.default\">\n\t\t\t\t<div class=\"elementor-widget-container\">\n\t\t\t\t\t            <div class=\"advanced-product-catalog-woo  grid-container product-grid-gap elementor-grid grid-layout-3 elementor-grid-3\" >\r\n                <!-- Start Advanced Product Catalog for WooCommerce Grid Layout 3 -->\r\n<div class=\"apcw-layout-3\">\r\n    <!-- Product -->\r\n    <div class=\"apcw-item-container\">\r\n        <!-- Image -->\r\n                    <div class=\"apcw-layout-img\">                    <a href=\"https:\/\/hydroapex.com.tr\/en\/product\/demo-2-el-urun-3\/\" class=\"apcw-img\" title=\"Demo 2.El \u00dcr\u00fcn 3\"><img fetchpriority=\"high\" decoding=\"async\" width=\"768\" height=\"451\" src=\"https:\/\/hydroapex.com.tr\/wp-content\/uploads\/2025\/11\/Arac-Ustu-Teleskobik-Platformlar-768x451.jpg\" class=\"attachment-medium_large size-medium_large wp-post-image\" alt=\"\" srcset=\"https:\/\/hydroapex.com.tr\/wp-content\/uploads\/2025\/11\/Arac-Ustu-Teleskobik-Platformlar-768x451.jpg 768w, https:\/\/hydroapex.com.tr\/wp-content\/uploads\/2025\/11\/Arac-Ustu-Teleskobik-Platformlar-300x176.jpg 300w, https:\/\/hydroapex.com.tr\/wp-content\/uploads\/2025\/11\/Arac-Ustu-Teleskobik-Platformlar-18x12.jpg 18w, https:\/\/hydroapex.com.tr\/wp-content\/uploads\/2025\/11\/Arac-Ustu-Teleskobik-Platformlar-600x353.jpg 600w, https:\/\/hydroapex.com.tr\/wp-content\/uploads\/2025\/11\/Arac-Ustu-Teleskobik-Platformlar.jpg 800w\" sizes=\"(max-width: 768px) 100vw, 768px\" \/><\/a>\r\n                                    <!-- Sale Badge -->\r\n                            <\/div>\r\n            <!-- Add-to-cart button -->\r\n                            <!-- Product Content -->\r\n        <div class=\"apcw-content-container\">\r\n            <!-- Category-tag-rating -->\r\n            <div class=\"apcw-cat-rate-wrapper\">\r\n                <!-- Category-tag -->\r\n                <div class=\"apcw-cat-tag-wrapper\">\r\n                                            <div class=\"apcw-layout-categories\">\r\n                                                        <span class=\"apcw-category-names\"><a class=\"apcw-category-link\" href=\"https:\/\/hydroapex.com.tr\/en\/product-category\/2-el\/\">2.El<\/a>, <a class=\"apcw-category-link\" href=\"https:\/\/hydroapex.com.tr\/en\/product-category\/2-el\/arac-ustu-platform\/\">Ara\u00e7 \u00dcst\u00fc Platform<\/a><\/span>\r\n                        <\/div>\r\n                                    <\/div>\r\n            <\/div>\r\n            <!-- Title -->\r\n            <div class=\"apcw-layout-title\">\r\n                                    <h4 class=\"apcw-layout-title-tag\">Demo 2.El \u00dcr\u00fcn 3<\/h4>\r\n                                <\/div>\r\n            <!-- Category-tag -->\r\n            <div class=\"apcw-cat-tag-wrapper\">\r\n                            <\/div>\r\n            <!-- Description -->\r\n                            <!-- Read more -->\r\n                <p class=\"apcw-product-description\">\r\n                    Tonaj:\u00a0 Marka:\u00a0 Model:\u00a0 Ta\u015f\u0131y\u0131c\u0131 Marka:<a href=\"https:\/\/hydroapex.com.tr\/en\/product\/demo-2-el-urun-3\/\" rel=\"bookmark\" class=\"apcw_product_read-more\"> &nbsp;\u0130ncele<\/a>                <\/p>\r\n            <!-- Prices and Rating -->\r\n            <div class=\"apcw-price-rate-wrapper\">\r\n                <!-- Prices -->\r\n                <div class=\"apcw-price\"> \r\n                                                <div class=\"apcw-price-variation\">\r\n                                <span class=\"woocommerce-Price-amount amount\"><span class=\"woocommerce-Price-currencySymbol\">&euro;<\/span>0.00<\/span> <small class=\"woocommerce-price-suffix\">+ KDV<\/small> \r\n                            <\/div>\r\n                                        <\/div>\r\n                <!-- Rating -->\r\n                            <\/div>\r\n        <\/div>\r\n    <\/div>\r\n<\/div>\r\n<!-- End Advanced Product Catalog for WooCommerce Grid Layout 3 --><!-- Start Advanced Product Catalog for WooCommerce Grid Layout 3 -->\r\n<div class=\"apcw-layout-3\">\r\n    <!-- Product -->\r\n    <div class=\"apcw-item-container\">\r\n        <!-- Image -->\r\n                    <div class=\"apcw-layout-img\">                    <a href=\"https:\/\/hydroapex.com.tr\/en\/product\/demo-2-el-urun-2\/\" class=\"apcw-img\" title=\"Demo 2.El \u00dcr\u00fcn 2\"><img fetchpriority=\"high\" decoding=\"async\" width=\"768\" height=\"451\" src=\"https:\/\/hydroapex.com.tr\/wp-content\/uploads\/2025\/11\/Arac-Ustu-Teleskobik-Platformlar-768x451.jpg\" class=\"attachment-medium_large size-medium_large wp-post-image\" alt=\"\" srcset=\"https:\/\/hydroapex.com.tr\/wp-content\/uploads\/2025\/11\/Arac-Ustu-Teleskobik-Platformlar-768x451.jpg 768w, https:\/\/hydroapex.com.tr\/wp-content\/uploads\/2025\/11\/Arac-Ustu-Teleskobik-Platformlar-300x176.jpg 300w, https:\/\/hydroapex.com.tr\/wp-content\/uploads\/2025\/11\/Arac-Ustu-Teleskobik-Platformlar-18x12.jpg 18w, https:\/\/hydroapex.com.tr\/wp-content\/uploads\/2025\/11\/Arac-Ustu-Teleskobik-Platformlar-600x353.jpg 600w, https:\/\/hydroapex.com.tr\/wp-content\/uploads\/2025\/11\/Arac-Ustu-Teleskobik-Platformlar.jpg 800w\" sizes=\"(max-width: 768px) 100vw, 768px\" \/><\/a>\r\n                                    <!-- Sale Badge -->\r\n                            <\/div>\r\n            <!-- Add-to-cart button -->\r\n                            <!-- Product Content -->\r\n        <div class=\"apcw-content-container\">\r\n            <!-- Category-tag-rating -->\r\n            <div class=\"apcw-cat-rate-wrapper\">\r\n                <!-- Category-tag -->\r\n                <div class=\"apcw-cat-tag-wrapper\">\r\n                                            <div class=\"apcw-layout-categories\">\r\n                                                        <span class=\"apcw-category-names\"><a class=\"apcw-category-link\" href=\"https:\/\/hydroapex.com.tr\/en\/product-category\/2-el\/\">2.El<\/a>, <a class=\"apcw-category-link\" href=\"https:\/\/hydroapex.com.tr\/en\/product-category\/2-el\/arac-ustu-platform\/\">Ara\u00e7 \u00dcst\u00fc Platform<\/a><\/span>\r\n                        <\/div>\r\n                                    <\/div>\r\n            <\/div>\r\n            <!-- Title -->\r\n            <div class=\"apcw-layout-title\">\r\n                                    <h4 class=\"apcw-layout-title-tag\">Demo 2.El \u00dcr\u00fcn 2<\/h4>\r\n                                <\/div>\r\n            <!-- Category-tag -->\r\n            <div class=\"apcw-cat-tag-wrapper\">\r\n                            <\/div>\r\n            <!-- Description -->\r\n                            <!-- Read more -->\r\n                <p class=\"apcw-product-description\">\r\n                    Tonaj:\u00a0 Marka:\u00a0 Model:\u00a0 Ta\u015f\u0131y\u0131c\u0131 Marka:<a href=\"https:\/\/hydroapex.com.tr\/en\/product\/demo-2-el-urun-2\/\" rel=\"bookmark\" class=\"apcw_product_read-more\"> &nbsp;\u0130ncele<\/a>                <\/p>\r\n            <!-- Prices and Rating -->\r\n            <div class=\"apcw-price-rate-wrapper\">\r\n                <!-- Prices -->\r\n                <div class=\"apcw-price\"> \r\n                                                <div class=\"apcw-price-variation\">\r\n                                <span class=\"woocommerce-Price-amount amount\"><span class=\"woocommerce-Price-currencySymbol\">&euro;<\/span>0.00<\/span> <small class=\"woocommerce-price-suffix\">+ KDV<\/small> \r\n                            <\/div>\r\n                                        <\/div>\r\n                <!-- Rating -->\r\n                            <\/div>\r\n        <\/div>\r\n    <\/div>\r\n<\/div>\r\n<!-- End Advanced Product Catalog for WooCommerce Grid Layout 3 -->            <\/div> \r\n            \t\t\t\t<\/div>\n\t\t\t\t<\/div>\n\t\t\t\t\t<\/div>\n\t\t\t\t<\/div>\n\t\t\t\t<\/div>","protected":false},"excerpt":{"rendered":"<p>Ara\u00e7lar 2.El, Ara\u00e7 \u00dcst\u00fc Platform Demo 2.El \u00dcr\u00fcn 3 Tonaj:\u00a0 Marka:\u00a0 Model:\u00a0 Ta\u015f\u0131y\u0131c\u0131 Marka: &nbsp;\u0130ncele &euro;0.00 2.El, Ara\u00e7 \u00dcst\u00fc Platform Demo 2.El \u00dcr\u00fcn 2 Tonaj:\u00a0 Marka:\u00a0 Model:\u00a0 Ta\u015f\u0131y\u0131c\u0131 Marka: &nbsp;\u0130ncele &euro;0.00<\/p>","protected":false},"author":1,"featured_media":5828,"parent":0,"menu_order":0,"comment_status":"closed","ping_status":"closed","template":"","meta":{"footnotes":""},"class_list":["post-4677","page","type-page","status-publish","has-post-thumbnail","hentry"],"yoast_head":"<!-- This site is optimized with the Yoast SEO plugin v26.1.1 - https:\/\/yoast.com\/wordpress\/plugins\/seo\/ -->\n<title>2.El Ara\u00e7lar | APEX Mobil Platform &amp; Vin\u00e7 Sistemleri<\/title>\n<meta name=\"description\" content=\"2. El ara\u00e7lar Apex Mobil Vin\u00e7 ve Sepetli Platform \u00dcretimi 20 Y\u0131l\u0131 A\u015fk\u0131n Tecr\u00fcbe, Kalite Odakl\u0131 \u00dcretim Anlay\u0131\u015f\u0131, Sekt\u00f6r\u00fcnde Lider Marka\" \/>\n<meta name=\"robots\" content=\"index, follow, max-snippet:-1, max-image-preview:large, max-video-preview:-1\" \/>\n<link rel=\"canonical\" href=\"https:\/\/hydroapex.com.tr\/en\/2-el-araclar\/\" \/>\n<meta property=\"og:locale\" content=\"en_US\" \/>\n<meta property=\"og:type\" content=\"article\" \/>\n<meta property=\"og:title\" content=\"2.El Ara\u00e7lar | APEX Mobil Platform &amp; Vin\u00e7 Sistemleri\" \/>\n<meta property=\"og:description\" content=\"2. El ara\u00e7lar Apex Mobil Vin\u00e7 ve Sepetli Platform \u00dcretimi 20 Y\u0131l\u0131 A\u015fk\u0131n Tecr\u00fcbe, Kalite Odakl\u0131 \u00dcretim Anlay\u0131\u015f\u0131, Sekt\u00f6r\u00fcnde Lider Marka\" \/>\n<meta property=\"og:url\" content=\"https:\/\/hydroapex.com.tr\/en\/2-el-araclar\/\" \/>\n<meta property=\"og:site_name\" content=\"APEX Mobil Platform &amp; Vin\u00e7 Sistemleri\" \/>\n<meta property=\"article:modified_time\" content=\"2025-11-24T12:38:23+00:00\" \/>\n<meta property=\"og:image\" content=\"https:\/\/hydroapex.com.tr\/wp-content\/uploads\/2025\/11\/477-30-2.webp\" \/>\n\t<meta property=\"og:image:width\" content=\"1388\" \/>\n\t<meta property=\"og:image:height\" content=\"826\" \/>\n\t<meta property=\"og:image:type\" content=\"image\/webp\" \/>\n<meta name=\"twitter:card\" content=\"summary_large_image\" \/>\n<meta name=\"twitter:label1\" content=\"Est. reading time\" \/>\n\t<meta name=\"twitter:data1\" content=\"1 minute\" \/>\n<script type=\"application\/ld+json\" class=\"yoast-schema-graph\">{\"@context\":\"https:\/\/schema.org\",\"@graph\":[{\"@type\":\"WebPage\",\"@id\":\"https:\/\/hydroapex.com.tr\/en\/2-el-araclar\/\",\"url\":\"https:\/\/hydroapex.com.tr\/en\/2-el-araclar\/\",\"name\":\"2.El Ara\u00e7lar | APEX Mobil Platform &amp; Vin\u00e7 Sistemleri\",\"isPartOf\":{\"@id\":\"https:\/\/hydroapex.com.tr\/en\/#website\"},\"primaryImageOfPage\":{\"@id\":\"https:\/\/hydroapex.com.tr\/en\/2-el-araclar\/#primaryimage\"},\"image\":{\"@id\":\"https:\/\/hydroapex.com.tr\/en\/2-el-araclar\/#primaryimage\"},\"thumbnailUrl\":\"https:\/\/hydroapex.com.tr\/wp-content\/uploads\/2025\/11\/477-30-2.webp\",\"datePublished\":\"2025-11-05T07:16:13+00:00\",\"dateModified\":\"2025-11-24T12:38:23+00:00\",\"description\":\"2. El ara\u00e7lar Apex Mobil Vin\u00e7 ve Sepetli Platform \u00dcretimi 20 Y\u0131l\u0131 A\u015fk\u0131n Tecr\u00fcbe, Kalite Odakl\u0131 \u00dcretim Anlay\u0131\u015f\u0131, Sekt\u00f6r\u00fcnde Lider Marka\",\"breadcrumb\":{\"@id\":\"https:\/\/hydroapex.com.tr\/en\/2-el-araclar\/#breadcrumb\"},\"inLanguage\":\"en-US\",\"potentialAction\":[{\"@type\":\"ReadAction\",\"target\":[\"https:\/\/hydroapex.com.tr\/en\/2-el-araclar\/\"]}]},{\"@type\":\"ImageObject\",\"inLanguage\":\"en-US\",\"@id\":\"https:\/\/hydroapex.com.tr\/en\/2-el-araclar\/#primaryimage\",\"url\":\"https:\/\/hydroapex.com.tr\/wp-content\/uploads\/2025\/11\/477-30-2.webp\",\"contentUrl\":\"https:\/\/hydroapex.com.tr\/wp-content\/uploads\/2025\/11\/477-30-2.webp\",\"width\":1388,\"height\":826},{\"@type\":\"BreadcrumbList\",\"@id\":\"https:\/\/hydroapex.com.tr\/en\/2-el-araclar\/#breadcrumb\",\"itemListElement\":[{\"@type\":\"ListItem\",\"position\":1,\"name\":\"Anasayfa\",\"item\":\"https:\/\/hydroapex.com.tr\/\"},{\"@type\":\"ListItem\",\"position\":2,\"name\":\"2.El Ara\u00e7lar\"}]},{\"@type\":\"WebSite\",\"@id\":\"https:\/\/hydroapex.com.tr\/en\/#website\",\"url\":\"https:\/\/hydroapex.com.tr\/en\/\",\"name\":\"APEX Mobil Platform &amp; Vin\u00e7 Sistemleri\",\"description\":\"\",\"publisher\":{\"@id\":\"https:\/\/hydroapex.com.tr\/en\/#organization\"},\"potentialAction\":[{\"@type\":\"SearchAction\",\"target\":{\"@type\":\"EntryPoint\",\"urlTemplate\":\"https:\/\/hydroapex.com.tr\/en\/?s={search_term_string}\"},\"query-input\":{\"@type\":\"PropertyValueSpecification\",\"valueRequired\":true,\"valueName\":\"search_term_string\"}}],\"inLanguage\":\"en-US\"},{\"@type\":\"Organization\",\"@id\":\"https:\/\/hydroapex.com.tr\/en\/#organization\",\"name\":\"APEX Mobil Platfrom & Vin\u00e7 Sistemleri\",\"url\":\"https:\/\/hydroapex.com.tr\/en\/\",\"logo\":{\"@type\":\"ImageObject\",\"inLanguage\":\"en-US\",\"@id\":\"https:\/\/hydroapex.com.tr\/en\/#\/schema\/logo\/image\/\",\"url\":\"https:\/\/hydroapex.com.tr\/wp-content\/uploads\/2025\/11\/cropped-fvvvv.png\",\"contentUrl\":\"https:\/\/hydroapex.com.tr\/wp-content\/uploads\/2025\/11\/cropped-fvvvv.png\",\"width\":512,\"height\":512,\"caption\":\"APEX Mobil Platfrom & Vin\u00e7 Sistemleri\"},\"image\":{\"@id\":\"https:\/\/hydroapex.com.tr\/en\/#\/schema\/logo\/image\/\"}}]}<\/script>\n<!-- \/ Yoast SEO plugin. -->","yoast_head_json":{"title":"2.El Ara\u00e7lar | APEX Mobil Platform &amp; Vin\u00e7 Sistemleri","description":"2. El ara\u00e7lar Apex Mobil Vin\u00e7 ve Sepetli Platform \u00dcretimi 20 Y\u0131l\u0131 A\u015fk\u0131n Tecr\u00fcbe, Kalite Odakl\u0131 \u00dcretim Anlay\u0131\u015f\u0131, Sekt\u00f6r\u00fcnde Lider Marka","robots":{"index":"index","follow":"follow","max-snippet":"max-snippet:-1","max-image-preview":"max-image-preview:large","max-video-preview":"max-video-preview:-1"},"canonical":"https:\/\/hydroapex.com.tr\/en\/2-el-araclar\/","og_locale":"en_US","og_type":"article","og_title":"2.El Ara\u00e7lar | APEX Mobil Platform &amp; Vin\u00e7 Sistemleri","og_description":"2. El ara\u00e7lar Apex Mobil Vin\u00e7 ve Sepetli Platform \u00dcretimi 20 Y\u0131l\u0131 A\u015fk\u0131n Tecr\u00fcbe, Kalite Odakl\u0131 \u00dcretim Anlay\u0131\u015f\u0131, Sekt\u00f6r\u00fcnde Lider Marka","og_url":"https:\/\/hydroapex.com.tr\/en\/2-el-araclar\/","og_site_name":"APEX Mobil Platform &amp; Vin\u00e7 Sistemleri","article_modified_time":"2025-11-24T12:38:23+00:00","og_image":[{"width":1388,"height":826,"url":"https:\/\/hydroapex.com.tr\/wp-content\/uploads\/2025\/11\/477-30-2.webp","type":"image\/webp"}],"twitter_card":"summary_large_image","twitter_misc":{"Est. reading time":"1 minute"},"schema":{"@context":"https:\/\/schema.org","@graph":[{"@type":"WebPage","@id":"https:\/\/hydroapex.com.tr\/en\/2-el-araclar\/","url":"https:\/\/hydroapex.com.tr\/en\/2-el-araclar\/","name":"2.El Ara\u00e7lar | APEX Mobil Platform &amp; Vin\u00e7 Sistemleri","isPartOf":{"@id":"https:\/\/hydroapex.com.tr\/en\/#website"},"primaryImageOfPage":{"@id":"https:\/\/hydroapex.com.tr\/en\/2-el-araclar\/#primaryimage"},"image":{"@id":"https:\/\/hydroapex.com.tr\/en\/2-el-araclar\/#primaryimage"},"thumbnailUrl":"https:\/\/hydroapex.com.tr\/wp-content\/uploads\/2025\/11\/477-30-2.webp","datePublished":"2025-11-05T07:16:13+00:00","dateModified":"2025-11-24T12:38:23+00:00","description":"2. El ara\u00e7lar Apex Mobil Vin\u00e7 ve Sepetli Platform \u00dcretimi 20 Y\u0131l\u0131 A\u015fk\u0131n Tecr\u00fcbe, Kalite Odakl\u0131 \u00dcretim Anlay\u0131\u015f\u0131, Sekt\u00f6r\u00fcnde Lider Marka","breadcrumb":{"@id":"https:\/\/hydroapex.com.tr\/en\/2-el-araclar\/#breadcrumb"},"inLanguage":"en-US","potentialAction":[{"@type":"ReadAction","target":["https:\/\/hydroapex.com.tr\/en\/2-el-araclar\/"]}]},{"@type":"ImageObject","inLanguage":"en-US","@id":"https:\/\/hydroapex.com.tr\/en\/2-el-araclar\/#primaryimage","url":"https:\/\/hydroapex.com.tr\/wp-content\/uploads\/2025\/11\/477-30-2.webp","contentUrl":"https:\/\/hydroapex.com.tr\/wp-content\/uploads\/2025\/11\/477-30-2.webp","width":1388,"height":826},{"@type":"BreadcrumbList","@id":"https:\/\/hydroapex.com.tr\/en\/2-el-araclar\/#breadcrumb","itemListElement":[{"@type":"ListItem","position":1,"name":"Anasayfa","item":"https:\/\/hydroapex.com.tr\/"},{"@type":"ListItem","position":2,"name":"2.El Ara\u00e7lar"}]},{"@type":"WebSite","@id":"https:\/\/hydroapex.com.tr\/en\/#website","url":"https:\/\/hydroapex.com.tr\/en\/","name":"APEX Mobil Platform &amp; Vin\u00e7 Sistemleri","description":"","publisher":{"@id":"https:\/\/hydroapex.com.tr\/en\/#organization"},"potentialAction":[{"@type":"SearchAction","target":{"@type":"EntryPoint","urlTemplate":"https:\/\/hydroapex.com.tr\/en\/?s={search_term_string}"},"query-input":{"@type":"PropertyValueSpecification","valueRequired":true,"valueName":"search_term_string"}}],"inLanguage":"en-US"},{"@type":"Organization","@id":"https:\/\/hydroapex.com.tr\/en\/#organization","name":"APEX Mobil Platfrom & Vin\u00e7 Sistemleri","url":"https:\/\/hydroapex.com.tr\/en\/","logo":{"@type":"ImageObject","inLanguage":"en-US","@id":"https:\/\/hydroapex.com.tr\/en\/#\/schema\/logo\/image\/","url":"https:\/\/hydroapex.com.tr\/wp-content\/uploads\/2025\/11\/cropped-fvvvv.png","contentUrl":"https:\/\/hydroapex.com.tr\/wp-content\/uploads\/2025\/11\/cropped-fvvvv.png","width":512,"height":512,"caption":"APEX Mobil Platfrom & Vin\u00e7 Sistemleri"},"image":{"@id":"https:\/\/hydroapex.com.tr\/en\/#\/schema\/logo\/image\/"}}]}},"_links":{"self":[{"href":"https:\/\/hydroapex.com.tr\/en\/wp-json\/wp\/v2\/pages\/4677","targetHints":{"allow":["GET"]}}],"collection":[{"href":"https:\/\/hydroapex.com.tr\/en\/wp-json\/wp\/v2\/pages"}],"about":[{"href":"https:\/\/hydroapex.com.tr\/en\/wp-json\/wp\/v2\/types\/page"}],"author":[{"embeddable":true,"href":"https:\/\/hydroapex.com.tr\/en\/wp-json\/wp\/v2\/users\/1"}],"replies":[{"embeddable":true,"href":"https:\/\/hydroapex.com.tr\/en\/wp-json\/wp\/v2\/comments?post=4677"}],"version-history":[{"count":41,"href":"https:\/\/hydroapex.com.tr\/en\/wp-json\/wp\/v2\/pages\/4677\/revisions"}],"predecessor-version":[{"id":4882,"href":"https:\/\/hydroapex.com.tr\/en\/wp-json\/wp\/v2\/pages\/4677\/revisions\/4882"}],"wp:featuredmedia":[{"embeddable":true,"href":"https:\/\/hydroapex.com.tr\/en\/wp-json\/wp\/v2\/media\/5828"}],"wp:attachment":[{"href":"https:\/\/hydroapex.com.tr\/en\/wp-json\/wp\/v2\/media?parent=4677"}],"curies":[{"name":"wp","href":"https:\/\/api.w.org\/{rel}","templated":true}]}}